{"id":21830,"date":"2024-05-14T20:24:54","date_gmt":"2024-05-14T18:24:54","guid":{"rendered":"https:\/\/www.juescha.de\/?page_id=21830"},"modified":"2025-12-01T19:05:31","modified_gmt":"2025-12-01T18:05:31","slug":"jobs","status":"publish","type":"page","link":"https:\/\/www.juescha.de\/en\/jobs\/","title":{"rendered":"Jobs"},"content":{"rendered":"<style>.elementor-21830 .elementor-element.elementor-element-3cab7f9c > .elementor-container > .elementor-column > .elementor-widget-wrap{align-content:center;align-items:center;}.elementor-21830 .elementor-element.elementor-element-3cab7f9c{padding:100px 0px 100px 0px;}.elementor-21830 .elementor-element.elementor-element-7500b45f > .elementor-element-populated{padding:0px 50px 0px 120px;}.elementor-21830 .elementor-element.elementor-element-3e3254b8{text-align:start;font-family:\"Roboto\", Sans-serif;font-size:24px;font-weight:300;color:#bfbfbf;}.elementor-21830 .elementor-element.elementor-element-3e3254b8 > .elementor-widget-container{margin:-10px 0px 0px 0px;padding:0px 0px 0px 0px;}.elementor-21830 .elementor-element.elementor-element-e51e66f{text-align:start;}.elementor-21830 .elementor-element.elementor-element-e51e66f .elementor-heading-title{font-family:\"Roboto\", Sans-serif;font-size:52px;color:#000000;}.elementor-21830 .elementor-element.elementor-element-1f355ac1 > .elementor-element-populated{padding:0% 15% 0% 0%;}.elementor-21830 .elementor-element.elementor-element-d92005e .elementor-accordion-title{font-family:\"Roboto\", Sans-serif;font-size:24px;font-weight:600;text-transform:uppercase;font-style:normal;text-decoration:none;line-height:31px;}.elementor-21830 .elementor-element.elementor-element-2b69695:not(.elementor-motion-effects-element-type-background) > .elementor-widget-wrap, .elementor-21830 .elementor-element.elementor-element-2b69695 > .elementor-widget-wrap > .elementor-motion-effects-container > .elementor-motion-effects-layer{background-image:url(\"https:\/\/www.juescha.de\/wp-content\/uploads\/2024\/05\/you-did-a-great-job.jpg\");background-position:center center;background-repeat:no-repeat;background-size:cover;}.elementor-21830 .elementor-element.elementor-element-2b69695 > .elementor-element-populated{transition:background 0.3s, border 0.3s, border-radius 0.3s, box-shadow 0.3s;}.elementor-21830 .elementor-element.elementor-element-2b69695 > .elementor-element-populated > .elementor-background-overlay{transition:background 0.3s, border-radius 0.3s, opacity 0.3s;}@media(max-width:1024px){.elementor-21830 .elementor-element.elementor-element-3cab7f9c{padding:100px 0px 100px 0px;}.elementor-21830 .elementor-element.elementor-element-7500b45f > .elementor-element-populated{margin:0px 0px 0px 0px;--e-column-margin-right:0px;--e-column-margin-left:0px;padding:0px 0px 0px 0px;}.elementor-21830 .elementor-element.elementor-element-3e3254b8{text-align:center;}.elementor-21830 .elementor-element.elementor-element-3e3254b8 > .elementor-widget-container{margin:0px 0px 0px 0px;padding:0px 0px 0px 0px;}.elementor-21830 .elementor-element.elementor-element-e51e66f{text-align:center;}.elementor-21830 .elementor-element.elementor-element-1f355ac1 > .elementor-element-populated{padding:25px 25px 0px 25px;}.elementor-21830 .elementor-element.elementor-element-2b69695 > .elementor-element-populated{padding:25px 0px 0px 0px;}}@media(max-width:768px){.elementor-21830 .elementor-element.elementor-element-3cab7f9c{padding:50px 0px 50px 0px;}.elementor-21830 .elementor-element.elementor-element-1f355ac1 > .elementor-element-populated{padding:25px 20px 0px 20px;}}@media(min-width:769px){.elementor-21830 .elementor-element.elementor-element-7500b45f{width:35.308%;}.elementor-21830 .elementor-element.elementor-element-1f355ac1{width:37.776%;}.elementor-21830 .elementor-element.elementor-element-2b69695{width:26.915%;}}@media(max-width:1024px) and (min-width:769px){.elementor-21830 .elementor-element.elementor-element-7500b45f{width:100%;}.elementor-21830 .elementor-element.elementor-element-1f355ac1{width:50%;}.elementor-21830 .elementor-element.elementor-element-2b69695{width:50%;}}<\/style>\t\t<div data-elementor-type=\"wp-page\" data-elementor-id=\"21830\" class=\"elementor elementor-21830\" data-elementor-post-type=\"page\">\n\t\t\t\t\t\t<section class=\"elementor-section elementor-top-section elementor-element elementor-element-3cab7f9c elementor-section-full_width elementor-section-content-middle elementor-section-height-default elementor-section-height-default\" data-id=\"3cab7f9c\" data-element_type=\"section\" data-e-type=\"section\">\n\t\t\t\t\t\t<div class=\"elementor-container elementor-column-gap-no\">\n\t\t\t\t\t<div class=\"elementor-column elementor-col-33 elementor-top-column elementor-element elementor-element-7500b45f\" data-id=\"7500b45f\" data-element_type=\"column\" data-e-type=\"column\">\n\t\t\t<div class=\"elementor-widget-wrap elementor-element-populated\">\n\t\t\t\t\t\t<div class=\"elementor-element elementor-element-3e3254b8 elementor-widget elementor-widget-text-editor\" data-id=\"3e3254b8\" data-element_type=\"widget\" data-e-type=\"widget\" data-widget_type=\"text-editor.default\">\n\t\t\t\t<div class=\"elementor-widget-container\">\n\t\t\t\t\t\t\t\t\t<p>Offene&nbsp;<\/p>\t\t\t\t\t\t\t\t<\/div>\n\t\t\t\t<\/div>\n\t\t\t\t<div class=\"elementor-element elementor-element-e51e66f elementor-widget elementor-widget-heading\" data-id=\"e51e66f\" data-element_type=\"widget\" data-e-type=\"widget\" data-widget_type=\"heading.default\">\n\t\t\t\t<div class=\"elementor-widget-container\">\n\t\t\t\t\t<h3 class=\"elementor-heading-title elementor-size-default\">STELLEN<\/h3>\t\t\t\t<\/div>\n\t\t\t\t<\/div>\n\t\t\t\t\t<\/div>\n\t\t<\/div>\n\t\t\t\t<div class=\"elementor-column elementor-col-33 elementor-top-column elementor-element elementor-element-1f355ac1\" data-id=\"1f355ac1\" data-element_type=\"column\" data-e-type=\"column\">\n\t\t\t<div class=\"elementor-widget-wrap elementor-element-populated\">\n\t\t\t\t\t\t<div class=\"elementor-element elementor-element-d92005e elementor-widget elementor-widget-accordion\" data-id=\"d92005e\" data-element_type=\"widget\" data-e-type=\"widget\" data-widget_type=\"accordion.default\">\n\t\t\t\t<div class=\"elementor-widget-container\">\n\t\t\t\t\t\t\t<div class=\"elementor-accordion\">\n\t\t\t\t\t\t\t<div class=\"elementor-accordion-item\">\n\t\t\t\t\t<div id=\"elementor-tab-title-2271\" class=\"elementor-tab-title\" data-tab=\"1\" role=\"button\" aria-controls=\"elementor-tab-content-2271\" aria-expanded=\"false\">\n\t\t\t\t\t\t\t\t\t\t\t\t<a class=\"elementor-accordion-title\" tabindex=\"0\">Konfektions-\/Versandmitarbeiter (m\/w\/d)<\/a>\n\t\t\t\t\t<\/div>\n\t\t\t\t\t<div id=\"elementor-tab-content-2271\" class=\"elementor-tab-content elementor-clearfix\" data-tab=\"1\" role=\"region\" aria-labelledby=\"elementor-tab-title-2271\"><div class=\"content\" tabindex=\"0\" aria-description=\"\" aria-label=\"Sent by Copilot: Sicher, hier ist ein Beispiel f\u00fcr eine Stellenausschreibung als Verk\u00e4ufer bei der Firma J\u00fcscha GmbH: --- **Stellenausschreibung: Verk\u00e4ufer (m\/w\/d) bei J\u00fcscha GmbH** Die **J\u00fcscha GmbH**, ein f\u00fchrendes Unternehmen in der Branche, sucht einen engagierten und motivierten **Verk\u00e4ufer (m\/w\/d)**, um unser dynamisches Team zu verst\u00e4rken. **Aufgabenbereiche:** - Kundenberatung und -betreuung - Pr\u00e4sentation und Verkauf unserer Produkte - Bearbeitung von Kundenanfragen - Pflege der Kundenbeziehungen **Anforderungen:** - Erfahrung im Verkauf oder in einer \u00e4hnlichen Position - Ausgezeichnete Kommunikationsf\u00e4higkeiten - Kundenorientierung und Anpassungsf\u00e4higkeit - Kenntnisse in MS Office und CRM-Systemen **Wir bieten:** - Ein attraktives Gehaltspaket - Eine positive und dynamische Arbeitsumgebung - M\u00f6glichkeiten zur beruflichen Weiterentwicklung Wenn Sie eine Leidenschaft f\u00fcr den Verkauf haben und Teil eines engagierten Teams sein m\u00f6chten, freuen wir uns auf Ihre Bewerbung. Bitte senden Sie Ihren Lebenslauf und Ihr Anschreiben an bewerbung@juescha.de. Die **J\u00fcscha GmbH** ist ein Arbeitgeber, der Chancengleichheit f\u00f6rdert und Vielfalt sch\u00e4tzt. --- Bitte beachten Sie, dass dies nur ein Beispiel ist und auf den spezifischen Anforderungen und Bedingungen der J\u00fcscha GmbH angepasst werden sollte. Es ist immer ratsam, die genauen Details der Stellenausschreibung mit dem Unternehmen zu kl\u00e4ren.\"><div class=\"ac-container ac-adaptiveCard\"><div class=\"ac-textBlock\"><p><strong>Standort: Wermelskirchen<br \/>Anstellungsart(en): Vollzeit oder Teilzeit<\/strong><\/p><p><strong>Du suchst eine neue Herausforderung in einem kollegialen Umfeld?<br \/>Dann werde Teil unseres Teams und bewirb dich jetzt als Konfektions-\/Versandmitarbeiter (m\/w\/d)!<\/strong><\/p><p><strong>Deine Aufgaben:<\/strong><\/p><ul><li>Verpacken und Versenden von Waren<\/li><li>Kennzeichnen und Etikettieren von Packst\u00fccken<\/li><li>Entladung von Containern sowie Annahme von Material und Waren<\/li><li>Einlagerung und Sortierung der Ware<\/li><\/ul><p><strong><br \/>Das bringst du mit:<\/strong><\/p><ul><li>Motivation, Teamgeist und Einsatzbereitschaft<\/li><li>Gute Deutschkenntnisse<\/li><li>K\u00f6rperliche Belastbarkeit<\/li><li>Auch Quereinsteiger sind herzlich willkommen!<\/li><\/ul><p><strong><br \/>Das bieten wir dir:<\/strong><\/p><ul><li>Attraktives und flexibles Arbeitszeitmodell<\/li><li>Personalrabatt auf private Eink\u00e4ufe<\/li><li>Bis zu 30 Urlaubstage im Jahr<\/li><li>Urlaubs- und Weihnachtsgeld<\/li><li>Betriebliche Altersvorsorge<\/li><\/ul><p><strong>Interessiert?<\/strong><\/p><p>Dann freuen wir uns auf deine Online-Bewerbung!<br \/>F\u00fcr erste Fragen stehen wir dir gern telefonisch zur Verf\u00fcgung.<\/p><p><strong>Dein Ansprechpartner:<\/strong><br \/>Herr J\u00fcrgen Nowak<\/p><p>Tel: 02196 7241-0<br \/>e-Mail: Nowak@Juescha.de<\/p><p>J\u00fcscha GmbH<br \/>Herrlinghausen 8<br \/>42929 Wermelskirchen<\/p><\/div><\/div><\/div><\/div>\n\t\t\t\t<\/div>\n\t\t\t\t\t\t\t\t<\/div>\n\t\t\t\t\t\t<\/div>\n\t\t\t\t<\/div>\n\t\t\t\t\t<\/div>\n\t\t<\/div>\n\t\t\t\t<div class=\"elementor-column elementor-col-33 elementor-top-column elementor-element elementor-element-2b69695\" data-id=\"2b69695\" data-element_type=\"column\" data-e-type=\"column\" data-settings=\"{&quot;background_background&quot;:&quot;classic&quot;,&quot;background_motion_fx_motion_fx_scrolling&quot;:&quot;yes&quot;,&quot;background_motion_fx_devices&quot;:[&quot;desktop&quot;,&quot;tablet&quot;,&quot;mobile&quot;]}\">\n\t\t\t<div class=\"elementor-widget-wrap\">\n\t\t\t\t\t\t\t<\/div>\n\t\t<\/div>\n\t\t\t\t\t<\/div>\n\t\t<\/section>\n\t\t\t\t<\/div>\n\t\t","protected":false},"excerpt":{"rendered":"<p>Offene&nbsp; STELLEN Konfektions-\/Versandmitarbeiter (m\/w\/d) Standort: WermelskirchenAnstellungsart(en): Vollzeit oder Teilzeit Du suchst eine neue Herausforderung in einem kollegialen Umfeld?Dann werde Teil unseres Teams und bewirb dich jetzt als Konfektions-\/Versandmitarbeiter (m\/w\/d)! Deine Aufgaben: Verpacken und Versenden von Waren Kennzeichnen und Etikettieren von Packst\u00fccken Entladung von Containern sowie Annahme von Material und Waren Einlagerung und Sortierung der Ware [&hellip;]<\/p>\n","protected":false},"author":1,"featured_media":0,"parent":0,"menu_order":0,"comment_status":"closed","ping_status":"closed","template":"","meta":{"inline_featured_image":false,"footnotes":""},"class_list":["post-21830","page","type-page","status-publish","hentry"],"_links":{"self":[{"href":"https:\/\/www.juescha.de\/en\/wp-json\/wp\/v2\/pages\/21830","targetHints":{"allow":["GET"]}}],"collection":[{"href":"https:\/\/www.juescha.de\/en\/wp-json\/wp\/v2\/pages"}],"about":[{"href":"https:\/\/www.juescha.de\/en\/wp-json\/wp\/v2\/types\/page"}],"author":[{"embeddable":true,"href":"https:\/\/www.juescha.de\/en\/wp-json\/wp\/v2\/users\/1"}],"replies":[{"embeddable":true,"href":"https:\/\/www.juescha.de\/en\/wp-json\/wp\/v2\/comments?post=21830"}],"version-history":[{"count":0,"href":"https:\/\/www.juescha.de\/en\/wp-json\/wp\/v2\/pages\/21830\/revisions"}],"wp:attachment":[{"href":"https:\/\/www.juescha.de\/en\/wp-json\/wp\/v2\/media?parent=21830"}],"curies":[{"name":"wp","href":"https:\/\/api.w.org\/{rel}","templated":true}]}}