{"id":20697,"date":"2024-04-16T19:56:14","date_gmt":"2024-04-16T17:56:14","guid":{"rendered":"https:\/\/www.juescha.de\/?page_id=20697"},"modified":"2026-01-12T20:53:22","modified_gmt":"2026-01-12T19:53:22","slug":"sustainability","status":"publish","type":"page","link":"https:\/\/www.juescha.de\/en\/unternehmen\/nachhaltigkeit\/","title":{"rendered":"Sustainability"},"content":{"rendered":"<style>.elementor-20697 .elementor-element.elementor-element-62a809e > .elementor-container{max-width:1290px;}.elementor-20697 .elementor-element.elementor-element-62a809e:not(.elementor-motion-effects-element-type-background), .elementor-20697 .elementor-element.elementor-element-62a809e > .elementor-motion-effects-container > .elementor-motion-effects-layer{background-image:url(\"https:\/\/www.juescha.de\/wp-content\/uploads\/2024\/04\/hand-holding-jigsaw-with-reduce-reuse-recycle-symbol-ecological-waste-management-and-a-sustainable.jpg\");background-position:center center;background-repeat:no-repeat;background-size:cover;}.elementor-20697 .elementor-element.elementor-element-62a809e > .elementor-background-overlay{background-color:transparent;background-image:linear-gradient(100deg, #B0A39D 0%, #FFFFFF 100%);opacity:0.5;transition:background 0.3s, border-radius 0.3s, opacity 0.3s;}.elementor-20697 .elementor-element.elementor-element-62a809e{transition:background 0.3s, border 0.3s, border-radius 0.3s, box-shadow 0.3s;padding:100px 100px 100px 100px;}.elementor-20697 .elementor-element.elementor-element-2e11308 .jeg-elementor-kit.jkit-heading{text-align:left;}.elementor-20697 .elementor-element.elementor-element-2e11308 .jeg-elementor-kit.jkit-heading .heading-title{color:#201712;}.elementor-20697 .elementor-element.elementor-element-2e11308 .jeg-elementor-kit.jkit-heading .heading-section-title{margin:0px 0px 0px 0px;}.elementor-20697 .elementor-element.elementor-element-2e11308 .jeg-elementor-kit.jkit-heading .heading-section-subtitle{color:#A28573;margin:0px 0px 10px 0px;}.elementor-20697 .elementor-element.elementor-element-2e11308 .jeg-elementor-kit.jkit-heading .separator-wrapper.style-dotted, .elementor-20697 .elementor-element.elementor-element-2e11308 .jeg-elementor-kit.jkit-heading .separator-wrapper.style-solid, .elementor-20697 .elementor-element.elementor-element-2e11308 .jeg-elementor-kit.jkit-heading .separator-wrapper.style-solid-star, .elementor-20697 .elementor-element.elementor-element-2e11308 .jeg-elementor-kit.jkit-heading .separator-wrapper.style-solid-bullet{width:200px;}.elementor-20697 .elementor-element.elementor-element-2e11308 .jeg-elementor-kit.jkit-heading .separator-wrapper:not(.style-custom), .elementor-20697 .elementor-element.elementor-element-2e11308 .jeg-elementor-kit.jkit-heading .separator-wrapper.style-dotted:after{height:1px;}.elementor-20697 .elementor-element.elementor-element-2e11308 .jeg-elementor-kit.jkit-heading .heading-section-separator{margin:0px 0px 20px 0px;}.elementor-20697 .elementor-element.elementor-element-2e11308 .jeg-elementor-kit.jkit-heading .separator-wrapper.style-dotted, .elementor-20697 .elementor-element.elementor-element-2e11308 .jeg-elementor-kit.jkit-heading .separator-wrapper.style-solid{background:#A28573;}.elementor-20697 .elementor-element.elementor-element-2e11308 .jeg-elementor-kit.jkit-heading .separator-wrapper.style-dotted:after{background-color:#A28573;box-shadow:9px 0 0 0 #A28573, 18px 0 0 0 #A28573;}.elementor-20697 .elementor-element.elementor-element-2e11308 .jeg-elementor-kit.jkit-heading .separator-wrapper.style-solid-bullet, .elementor-20697 .elementor-element.elementor-element-2e11308 .jeg-elementor-kit.jkit-heading .separator-wrapper.style-solid-star{background:linear-gradient(90deg, #A28573 0, #A28573 38%, rgba(255,255,255,0) 38%, rgba(255,255,255,0) 62%, #A28573 62%, #A28573 100%);}.elementor-20697 .elementor-element.elementor-element-2e11308 .jeg-elementor-kit.jkit-heading .separator-wrapper.style-solid-bullet:after, .elementor-20697 .elementor-element.elementor-element-2e11308 .jeg-elementor-kit.jkit-heading .separator-wrapper.style-solid-star:after{background-color:#A28573;}.elementor-20697 .elementor-element.elementor-element-2e11308 > .elementor-widget-container{margin:0px 0px 0px 0px;padding:0% 0% 0% 0%;}.elementor-20697 .elementor-element.elementor-element-2e11308{width:var( --container-widget-width, 50.286% );max-width:50.286%;--container-widget-width:50.286%;--container-widget-flex-grow:0;}.elementor-20697 .elementor-element.elementor-element-dedb5fa{columns:2;}.elementor-20697 .elementor-element.elementor-element-6abf8ff > .elementor-container{max-width:1080px;}.elementor-20697 .elementor-element.elementor-element-6abf8ff{margin-top:50px;margin-bottom:0px;}.elementor-20697 .elementor-element.elementor-element-acf345b > .elementor-element-populated{padding:0px 30px 0px 0px;}.elementor-bc-flex-widget .elementor-20697 .elementor-element.elementor-element-95e373c.elementor-column .elementor-widget-wrap{align-items:center;}.elementor-20697 .elementor-element.elementor-element-95e373c.elementor-column.elementor-element[data-element_type=\"column\"] > .elementor-widget-wrap.elementor-element-populated{align-content:center;align-items:center;}.elementor-20697 .elementor-element.elementor-element-95e373c > .elementor-element-populated{padding:0px 0px 0px 30px;}.elementor-20697 .elementor-element.elementor-element-8aaf378 .elementor-heading-title{color:#201712;}.elementor-20697 .elementor-element.elementor-element-8aaf378 > .elementor-widget-container{margin:0px 0px 10px 0px;}.elementor-20697 .elementor-element.elementor-element-d168719 .elementor-icon-list-items:not(.elementor-inline-items) .elementor-icon-list-item:not(:last-child){padding-block-end:calc(10px\/2);}.elementor-20697 .elementor-element.elementor-element-d168719 .elementor-icon-list-items:not(.elementor-inline-items) .elementor-icon-list-item:not(:first-child){margin-block-start:calc(10px\/2);}.elementor-20697 .elementor-element.elementor-element-d168719 .elementor-icon-list-items.elementor-inline-items .elementor-icon-list-item{margin-inline:calc(10px\/2);}.elementor-20697 .elementor-element.elementor-element-d168719 .elementor-icon-list-items.elementor-inline-items{margin-inline:calc(-10px\/2);}.elementor-20697 .elementor-element.elementor-element-d168719 .elementor-icon-list-items.elementor-inline-items .elementor-icon-list-item:after{inset-inline-end:calc(-10px\/2);}.elementor-20697 .elementor-element.elementor-element-d168719 .elementor-icon-list-icon i{color:#A28573;transition:color 0.3s;}.elementor-20697 .elementor-element.elementor-element-d168719 .elementor-icon-list-icon svg{fill:#A28573;transition:fill 0.3s;}.elementor-20697 .elementor-element.elementor-element-d168719{--e-icon-list-icon-size:14px;--icon-vertical-offset:0px;width:var( --container-widget-width, 49% );max-width:49%;--container-widget-width:49%;--container-widget-flex-grow:0;}.elementor-20697 .elementor-element.elementor-element-d168719 .elementor-icon-list-text{color:#201712;transition:color 0.3s;}.elementor-20697 .elementor-element.elementor-element-7f333e4{--spacer-size:40px;}.elementor-20697 .elementor-element.elementor-element-6ebbff6{columns:1;}@media(max-width:1024px){.elementor-20697 .elementor-element.elementor-element-62a809e{padding:100px 30px 100px 30px;}.elementor-20697 .elementor-element.elementor-element-2e11308 > .elementor-widget-container{margin:0px 0px 0px 0px;padding:0px 0px 0px 0px;}.elementor-20697 .elementor-element.elementor-element-51905c7 > .elementor-element-populated{margin:0px 10px 0px 10px;--e-column-margin-right:10px;--e-column-margin-left:10px;}.elementor-20697 .elementor-element.elementor-element-6abf8ff{margin-top:20px;margin-bottom:0px;}.elementor-bc-flex-widget .elementor-20697 .elementor-element.elementor-element-acf345b.elementor-column .elementor-widget-wrap{align-items:center;}.elementor-20697 .elementor-element.elementor-element-acf345b.elementor-column.elementor-element[data-element_type=\"column\"] > .elementor-widget-wrap.elementor-element-populated{align-content:center;align-items:center;}.elementor-20697 .elementor-element.elementor-element-acf345b > .elementor-element-populated{margin:0px 0px 0px 0px;--e-column-margin-right:0px;--e-column-margin-left:0px;padding:0px 0px 0px 0px;}.elementor-20697 .elementor-element.elementor-element-7f333e4{--spacer-size:16px;}}@media(max-width:768px){.elementor-20697 .elementor-element.elementor-element-62a809e:not(.elementor-motion-effects-element-type-background), .elementor-20697 .elementor-element.elementor-element-62a809e > .elementor-motion-effects-container > .elementor-motion-effects-layer{background-position:36% 0%;}.elementor-20697 .elementor-element.elementor-element-62a809e{padding:50px 20px 50px 20px;}.elementor-20697 .elementor-element.elementor-element-2e11308 > .elementor-widget-container{margin:0px 0px 0px 0px;padding:0px 0px 0px 0px;}.elementor-20697 .elementor-element.elementor-element-7c77c28{padding:0px 0px 30px 0px;}.elementor-20697 .elementor-element.elementor-element-51905c7 > .elementor-element-populated{margin:0px 5px 0px 5px;--e-column-margin-right:5px;--e-column-margin-left:5px;}.elementor-20697 .elementor-element.elementor-element-95e373c > .elementor-element-populated{padding:40px 0px 0px 0px;}}<\/style>\t\t<div data-elementor-type=\"wp-page\" data-elementor-id=\"20697\" class=\"elementor elementor-20697\" data-elementor-post-type=\"page\">\n\t\t\t\t\t\t<section class=\"elementor-section elementor-top-section elementor-element elementor-element-81994e0 elementor-section-boxed elementor-section-height-default elementor-section-height-default\" data-id=\"81994e0\" data-element_type=\"section\" data-e-type=\"section\">\n\t\t\t\t\t\t<div class=\"elementor-container elementor-column-gap-default\">\n\t\t\t\t\t<div class=\"elementor-column elementor-col-100 elementor-top-column elementor-element elementor-element-160a21b\" data-id=\"160a21b\" data-element_type=\"column\" data-e-type=\"column\">\n\t\t\t<div class=\"elementor-widget-wrap elementor-element-populated\">\n\t\t\t\t\t\t<section class=\"elementor-section elementor-inner-section elementor-element elementor-element-62a809e elementor-section-boxed elementor-section-height-default elementor-section-height-default\" data-id=\"62a809e\" data-element_type=\"section\" data-e-type=\"section\" data-settings=\"{&quot;background_background&quot;:&quot;classic&quot;}\">\n\t\t\t\t\t\t\t<div class=\"elementor-background-overlay\"><\/div>\n\t\t\t\t\t\t\t<div class=\"elementor-container elementor-column-gap-default\">\n\t\t\t\t\t<div class=\"elementor-column elementor-col-100 elementor-inner-column elementor-element elementor-element-0c2f3af\" data-id=\"0c2f3af\" data-element_type=\"column\" data-e-type=\"column\">\n\t\t\t<div class=\"elementor-widget-wrap elementor-element-populated\">\n\t\t\t\t\t\t<div class=\"elementor-element elementor-element-2e11308 elementor-widget__width-initial elementor-widget elementor-widget-jkit_heading\" data-id=\"2e11308\" data-element_type=\"widget\" data-e-type=\"widget\" data-settings=\"{&quot;motion_fx_motion_fx_scrolling&quot;:&quot;yes&quot;,&quot;motion_fx_devices&quot;:[&quot;desktop&quot;,&quot;tablet&quot;,&quot;mobile&quot;]}\" data-widget_type=\"jkit_heading.default\">\n\t\t\t\t<div class=\"elementor-widget-container\">\n\t\t\t\t\t<div  class=\"jeg-elementor-kit jkit-heading  align-left align-tablet- align-mobile- jeg_module___69ee1a369f034\" ><div class=\"heading-section-title  display-inline-block\"><h2 class=\"heading-title\">Gemeinsam f\u00fcr eine nachhaltige Zukunft mit \u00d6koprofit<\/h2><\/div><div class=\"heading-section-separator\"><div class=\"separator-wrapper style-solid\"><\/div><\/div><\/div>\t\t\t\t<\/div>\n\t\t\t\t<\/div>\n\t\t\t\t\t<\/div>\n\t\t<\/div>\n\t\t\t\t\t<\/div>\n\t\t<\/section>\n\t\t\t\t\t<\/div>\n\t\t<\/div>\n\t\t\t\t\t<\/div>\n\t\t<\/section>\n\t\t\t\t<section class=\"elementor-section elementor-top-section elementor-element elementor-element-7c77c28 elementor-section-boxed elementor-section-height-default elementor-section-height-default\" data-id=\"7c77c28\" data-element_type=\"section\" data-e-type=\"section\">\n\t\t\t\t\t\t<div class=\"elementor-container elementor-column-gap-default\">\n\t\t\t\t\t<div class=\"elementor-column elementor-col-100 elementor-top-column elementor-element elementor-element-51905c7\" data-id=\"51905c7\" data-element_type=\"column\" data-e-type=\"column\">\n\t\t\t<div class=\"elementor-widget-wrap elementor-element-populated\">\n\t\t\t\t\t\t<div class=\"elementor-element elementor-element-dedb5fa elementor-widget elementor-widget-text-editor\" data-id=\"dedb5fa\" data-element_type=\"widget\" data-e-type=\"widget\" data-widget_type=\"text-editor.default\">\n\t\t\t\t<div class=\"elementor-widget-container\">\n\t\t\t\t\t\t\t\t\t<p>Die J\u00fcscha GmbH engagiert sich aktiv f\u00fcr den Umweltschutz und nimmt am Projekt <strong>\u00d6koprofit Bergisches St\u00e4dtedreieck<\/strong> teil. Mit unserer Teilnahme m\u00f6chten wir unseren Beitrag zu einer nachhaltigen Zukunft leisten und gleichzeitig Kosten senken.<\/p><p><strong>\u00d6koprofit Bergisches St\u00e4dtedreieck<\/strong> ist ein seit vielen Jahren etabliertes Kooperationsprojekt der St\u00e4dte Wuppertal, Solingen und Remscheid. Das Ziel des Projekts ist die <strong>nachhaltige \u00f6kologische und \u00f6konomische St\u00e4rkung von Unternehmen<\/strong> durch die <strong>Verbesserung des betrieblichen Umweltschutzes<\/strong>.<\/p>\t\t\t\t\t\t\t\t<\/div>\n\t\t\t\t<\/div>\n\t\t\t\t<section class=\"elementor-section elementor-inner-section elementor-element elementor-element-6abf8ff elementor-section-boxed elementor-section-height-default elementor-section-height-default\" data-id=\"6abf8ff\" data-element_type=\"section\" data-e-type=\"section\">\n\t\t\t\t\t\t<div class=\"elementor-container elementor-column-gap-default\">\n\t\t\t\t\t<div class=\"elementor-column elementor-col-50 elementor-inner-column elementor-element elementor-element-acf345b\" data-id=\"acf345b\" data-element_type=\"column\" data-e-type=\"column\">\n\t\t\t<div class=\"elementor-widget-wrap elementor-element-populated\">\n\t\t\t\t\t\t<div class=\"elementor-element elementor-element-d889f23 elementor-widget elementor-widget-image\" data-id=\"d889f23\" data-element_type=\"widget\" data-e-type=\"widget\" data-widget_type=\"image.default\">\n\t\t\t\t<div class=\"elementor-widget-container\">\n\t\t\t\t\t\t\t\t\t\t\t\t\t\t\t<img fetchpriority=\"high\" decoding=\"async\" width=\"2000\" height=\"1334\" src=\"https:\/\/www.juescha.de\/wp-content\/uploads\/2024\/04\/senior-man-and-child-holding-earth-planet-elements-of-this-image-furnished-by-nasa.jpg\" class=\"attachment-full size-full wp-image-20703\" alt=\"Senior man and child holding Earth planet. Elements of this image furnished by NASA\" srcset=\"https:\/\/www.juescha.de\/wp-content\/uploads\/2024\/04\/senior-man-and-child-holding-earth-planet-elements-of-this-image-furnished-by-nasa.jpg 2000w, https:\/\/www.juescha.de\/wp-content\/uploads\/2024\/04\/senior-man-and-child-holding-earth-planet-elements-of-this-image-furnished-by-nasa-300x200.jpg 300w, https:\/\/www.juescha.de\/wp-content\/uploads\/2024\/04\/senior-man-and-child-holding-earth-planet-elements-of-this-image-furnished-by-nasa-1024x683.jpg 1024w, https:\/\/www.juescha.de\/wp-content\/uploads\/2024\/04\/senior-man-and-child-holding-earth-planet-elements-of-this-image-furnished-by-nasa-768x512.jpg 768w, https:\/\/www.juescha.de\/wp-content\/uploads\/2024\/04\/senior-man-and-child-holding-earth-planet-elements-of-this-image-furnished-by-nasa-1536x1025.jpg 1536w, https:\/\/www.juescha.de\/wp-content\/uploads\/2024\/04\/senior-man-and-child-holding-earth-planet-elements-of-this-image-furnished-by-nasa-600x400.jpg 600w, https:\/\/www.juescha.de\/wp-content\/uploads\/2024\/04\/senior-man-and-child-holding-earth-planet-elements-of-this-image-furnished-by-nasa-64x43.jpg 64w\" sizes=\"(max-width: 2000px) 100vw, 2000px\" \/>\t\t\t\t\t\t\t\t\t\t\t\t\t\t\t<\/div>\n\t\t\t\t<\/div>\n\t\t\t\t\t<\/div>\n\t\t<\/div>\n\t\t\t\t<div class=\"elementor-column elementor-col-50 elementor-inner-column elementor-element elementor-element-95e373c\" data-id=\"95e373c\" data-element_type=\"column\" data-e-type=\"column\">\n\t\t\t<div class=\"elementor-widget-wrap elementor-element-populated\">\n\t\t\t\t\t\t<div class=\"elementor-element elementor-element-8aaf378 elementor-widget elementor-widget-heading\" data-id=\"8aaf378\" data-element_type=\"widget\" data-e-type=\"widget\" data-widget_type=\"heading.default\">\n\t\t\t\t<div class=\"elementor-widget-container\">\n\t\t\t\t\t<h2 class=\"elementor-heading-title elementor-size-default\">Unsere Ziele im Rahmen von \u00d6koprofit:<\/h2>\t\t\t\t<\/div>\n\t\t\t\t<\/div>\n\t\t\t\t<div class=\"elementor-element elementor-element-d168719 elementor-widget__width-initial elementor-icon-list--layout-traditional elementor-list-item-link-full_width elementor-widget elementor-widget-icon-list\" data-id=\"d168719\" data-element_type=\"widget\" data-e-type=\"widget\" data-widget_type=\"icon-list.default\">\n\t\t\t\t<div class=\"elementor-widget-container\">\n\t\t\t\t\t\t\t<ul class=\"elementor-icon-list-items\">\n\t\t\t\t\t\t\t<li class=\"elementor-icon-list-item\">\n\t\t\t\t\t\t\t\t\t\t\t<span class=\"elementor-icon-list-icon\">\n\t\t\t\t\t\t\t<i aria-hidden=\"true\" class=\"fas fa-genderless\"><\/i>\t\t\t\t\t\t<\/span>\n\t\t\t\t\t\t\t\t\t\t<span class=\"elementor-icon-list-text\">Ressourceneinsparung<\/span>\n\t\t\t\t\t\t\t\t\t<\/li>\n\t\t\t\t\t\t\t\t<li class=\"elementor-icon-list-item\">\n\t\t\t\t\t\t\t\t\t\t\t<span class=\"elementor-icon-list-icon\">\n\t\t\t\t\t\t\t<i aria-hidden=\"true\" class=\"fas fa-genderless\"><\/i>\t\t\t\t\t\t<\/span>\n\t\t\t\t\t\t\t\t\t\t<span class=\"elementor-icon-list-text\">Senkung von Umweltkosten<\/span>\n\t\t\t\t\t\t\t\t\t<\/li>\n\t\t\t\t\t\t\t\t<li class=\"elementor-icon-list-item\">\n\t\t\t\t\t\t\t\t\t\t\t<span class=\"elementor-icon-list-icon\">\n\t\t\t\t\t\t\t<i aria-hidden=\"true\" class=\"fas fa-genderless\"><\/i>\t\t\t\t\t\t<\/span>\n\t\t\t\t\t\t\t\t\t\t<span class=\"elementor-icon-list-text\">Verbesserung der Umweltbilanz<\/span>\n\t\t\t\t\t\t\t\t\t<\/li>\n\t\t\t\t\t\t\t\t<li class=\"elementor-icon-list-item\">\n\t\t\t\t\t\t\t\t\t\t\t<span class=\"elementor-icon-list-icon\">\n\t\t\t\t\t\t\t<i aria-hidden=\"true\" class=\"fas fa-genderless\"><\/i>\t\t\t\t\t\t<\/span>\n\t\t\t\t\t\t\t\t\t\t<span class=\"elementor-icon-list-text\">Erh\u00f6hung der Energieeffizienz<\/span>\n\t\t\t\t\t\t\t\t\t<\/li>\n\t\t\t\t\t\t\t\t<li class=\"elementor-icon-list-item\">\n\t\t\t\t\t\t\t\t\t\t\t<span class=\"elementor-icon-list-icon\">\n\t\t\t\t\t\t\t<i aria-hidden=\"true\" class=\"fas fa-genderless\"><\/i>\t\t\t\t\t\t<\/span>\n\t\t\t\t\t\t\t\t\t\t<span class=\"elementor-icon-list-text\">Verminderung von Abfall und Emissionen<\/span>\n\t\t\t\t\t\t\t\t\t<\/li>\n\t\t\t\t\t\t<\/ul>\n\t\t\t\t\t\t<\/div>\n\t\t\t\t<\/div>\n\t\t\t\t<div class=\"elementor-element elementor-element-7f333e4 elementor-widget elementor-widget-spacer\" data-id=\"7f333e4\" data-element_type=\"widget\" data-e-type=\"widget\" data-widget_type=\"spacer.default\">\n\t\t\t\t<div class=\"elementor-widget-container\">\n\t\t\t\t\t\t\t<div class=\"elementor-spacer\">\n\t\t\t<div class=\"elementor-spacer-inner\"><\/div>\n\t\t<\/div>\n\t\t\t\t\t\t<\/div>\n\t\t\t\t<\/div>\n\t\t\t\t\t<\/div>\n\t\t<\/div>\n\t\t\t\t\t<\/div>\n\t\t<\/section>\n\t\t\t\t\t<\/div>\n\t\t<\/div>\n\t\t\t\t\t<\/div>\n\t\t<\/section>\n\t\t\t\t<section class=\"elementor-section elementor-top-section elementor-element elementor-element-ec622af elementor-section-boxed elementor-section-height-default elementor-section-height-default\" data-id=\"ec622af\" data-element_type=\"section\" data-e-type=\"section\">\n\t\t\t\t\t\t<div class=\"elementor-container elementor-column-gap-default\">\n\t\t\t\t\t<div class=\"elementor-column elementor-col-100 elementor-top-column elementor-element elementor-element-2bba8e2\" data-id=\"2bba8e2\" data-element_type=\"column\" data-e-type=\"column\">\n\t\t\t<div class=\"elementor-widget-wrap elementor-element-populated\">\n\t\t\t\t\t\t<div class=\"elementor-element elementor-element-6ebbff6 elementor-widget elementor-widget-text-editor\" data-id=\"6ebbff6\" data-element_type=\"widget\" data-e-type=\"widget\" data-widget_type=\"text-editor.default\">\n\t\t\t\t<div class=\"elementor-widget-container\">\n\t\t\t\t\t\t\t\t\t<p><strong>Um diese Ziele zu erreichen, haben wir in unserem Unternehmen ein Umweltteam gebildet und arbeiten eng mit den Beratern der Baum Consult zusammen.<\/strong> In Workshops und Seminaren lernen wir mehr \u00fcber Themen wie Energieeinsparung, Abfallvermeidung und Gew\u00e4sserschutz. Dar\u00fcber hinaus f\u00fchren wir interne Umweltanalysen durch und entwickeln konkrete Ma\u00dfnahmen zur Verbesserung des Umweltschutzes in unserem Unternehmen.<\/p><p><strong>Wir sind \u00fcberzeugt, dass \u00d6koprofit einen wichtigen Beitrag zu einer nachhaltigen Zukunft leistet.<\/strong> Durch unser Engagement m\u00f6chten wir nicht nur die Umwelt schonen, sondern auch ein Vorbild f\u00fcr andere Unternehmen sein.<\/p><p><strong>Weitere Informationen zu \u00d6koprofit Bergisches St\u00e4dtedreieck finden Sie auf folgenden Websites:<br \/><\/strong><\/p><ul><li><strong>\u00d6KOPROFIT Bergisches St\u00e4dtedreieck:<\/strong>\u00a0https:\/\/www.remscheid.de\/umwelt-mobilitaet\/nachhaltigkeit\/oekoprofit\/index.php<\/li><li><strong>B.A.U.M. Consult: <\/strong>https:\/\/www.baumgroup.de\/leistungen\/nachhaltig-wirtschaften\/oekoprofit\/<\/li><li><strong>Neue Effizienz gemeinn\u00fctzige GmbH:<\/strong>\u00a0https:\/\/neue-effizienz.de\/<\/li><\/ul><p><strong><br \/>Die EU hat das Umweltmanagementprogramm \u00d6KOPROFIT offiziell als Teil von EMAS, dem europaweiten Umweltmanagement-G\u00fctesiegel, anerkannt.<\/strong><\/p><p><strong>Gemeinsam f\u00fcr eine nachhaltige Zukunft!<\/strong><\/p><p><strong>J\u00fcscha GmbH<\/strong><\/p><p><strong>Ihr Partner f\u00fcr nachhaltige L\u00f6sungen<\/strong><\/p><p><strong>Gerne k\u00f6nnen Sie uns auch direkt kontaktieren, wenn Sie Fragen zu unserem Engagement im Bereich Umweltschutz haben.<\/strong><\/p><p><strong>\u00a0<\/strong><\/p>\t\t\t\t\t\t\t\t<\/div>\n\t\t\t\t<\/div>\n\t\t\t\t\t<\/div>\n\t\t<\/div>\n\t\t\t\t\t<\/div>\n\t\t<\/section>\n\t\t\t\t<\/div>\n\t\t","protected":false},"excerpt":{"rendered":"<p>Gemeinsam f\u00fcr eine nachhaltige Zukunft mit \u00d6koprofit Die J\u00fcscha GmbH engagiert sich aktiv f\u00fcr den Umweltschutz und nimmt am Projekt \u00d6koprofit Bergisches St\u00e4dtedreieck teil. Mit unserer Teilnahme m\u00f6chten wir unseren Beitrag zu einer nachhaltigen Zukunft leisten und gleichzeitig Kosten senken. \u00d6koprofit Bergisches St\u00e4dtedreieck ist ein seit vielen Jahren etabliertes Kooperationsprojekt der St\u00e4dte Wuppertal, Solingen und [&hellip;]<\/p>\n","protected":false},"author":1,"featured_media":0,"parent":16163,"menu_order":0,"comment_status":"closed","ping_status":"closed","template":"","meta":{"inline_featured_image":false,"footnotes":""},"class_list":["post-20697","page","type-page","status-publish","hentry"],"_links":{"self":[{"href":"https:\/\/www.juescha.de\/en\/wp-json\/wp\/v2\/pages\/20697","targetHints":{"allow":["GET"]}}],"collection":[{"href":"https:\/\/www.juescha.de\/en\/wp-json\/wp\/v2\/pages"}],"about":[{"href":"https:\/\/www.juescha.de\/en\/wp-json\/wp\/v2\/types\/page"}],"author":[{"embeddable":true,"href":"https:\/\/www.juescha.de\/en\/wp-json\/wp\/v2\/users\/1"}],"replies":[{"embeddable":true,"href":"https:\/\/www.juescha.de\/en\/wp-json\/wp\/v2\/comments?post=20697"}],"version-history":[{"count":7,"href":"https:\/\/www.juescha.de\/en\/wp-json\/wp\/v2\/pages\/20697\/revisions"}],"predecessor-version":[{"id":30241,"href":"https:\/\/www.juescha.de\/en\/wp-json\/wp\/v2\/pages\/20697\/revisions\/30241"}],"up":[{"embeddable":true,"href":"https:\/\/www.juescha.de\/en\/wp-json\/wp\/v2\/pages\/16163"}],"wp:attachment":[{"href":"https:\/\/www.juescha.de\/en\/wp-json\/wp\/v2\/media?parent=20697"}],"curies":[{"name":"wp","href":"https:\/\/api.w.org\/{rel}","templated":true}]}}