{"id":19977,"date":"2024-01-09T09:17:05","date_gmt":"2024-01-09T08:17:05","guid":{"rendered":"https:\/\/wp.juescha.de\/?page_id=19977"},"modified":"2024-01-25T13:02:18","modified_gmt":"2024-01-25T12:02:18","slug":"imprint","status":"publish","type":"page","link":"https:\/\/www.juescha.de\/en\/impressum\/","title":{"rendered":"Imprint"},"content":{"rendered":"<h1 class=\"wp-block-heading\"><\/h1>\n\n\n\n<h3 class=\"wp-block-heading\">Information according to \u00a7 5 TMG<\/h3>\n\n\n\n<p>J\u00fcscha GmbH<br>Herrlinghausen 8<br>42929 Wermelskirchen<\/p>\n\n\n\n<p><strong>Represented by:<\/strong><br>Mr J\u00fcrgen Nowak<br>Mr Martin Solbach<\/p>\n\n\n\n<p><strong>Contact:<\/strong><br>Phone: +49 (0) 2196 72 41 0<br>Fax: +49 (0) 2196 72 41 11<br>e-mail:&nbsp;<a href=\"mailto:info@juescha.de\">info@juescha.de<\/a><\/p>\n\n\n\n<p><strong>Register entry:<\/strong><br>Entry in the commercial register<br>Register court: Cologne Local Court<br>Register number: HRB 36287<\/p>\n\n\n\n<p><strong>Sales tax ID:<\/strong><br>Sales tax identification number according to \u00a727 a sales tax law:<br>DE 123 717 604<br><\/p>\n\n\n\n<p><strong>Copyright<\/strong><br>The content and works created by the site operators on these pages are subject to German copyright law. Duplication, processing, distribution and any kind of utilisation outside the limits of copyright law require the written consent of the respective author or creator. Downloads and copies of this site are only permitted for private, non-commercial use. Insofar as the content on this site was not created by the operator, the copyrights of third parties are respected. In particular, third-party content is labelled as such. Should you nevertheless become aware of a copyright infringement, please inform us accordingly. If we become aware of any infringements, we will remove such content immediately.<\/p>","protected":false},"excerpt":{"rendered":"<p>Angaben gem\u00e4\u00df \u00a7 5 TMG J\u00fcscha GmbHHerrlinghausen 842929 Wermelskirchen Vertreten durch:Herr J\u00fcrgen NowakHerr Martin Solbach Kontakt:Telefon: +49 (0) 2196 72 41 0Telefax: +49 (0) 2196 72 41 11E-Mail:&nbsp;info@juescha.de Registereintrag:Eintragung im HandelsregisterRegistergericht: Amtsgericht K\u00f6lnRegisternummer: HRB 36287 Umsatzsteuer-ID:Umsatzsteuer-Identifikationsnummer gem\u00e4\u00df \u00a727 a Umsatzsteuergesetz:DE 123 717 604 UrheberrechtDie durch die Seitenbetreiber erstellten Inhalte und Werke auf diesen Seiten unterliegen [&hellip;]<\/p>\n","protected":false},"author":1,"featured_media":0,"parent":0,"menu_order":0,"comment_status":"closed","ping_status":"closed","template":"","meta":{"inline_featured_image":false,"footnotes":""},"class_list":["post-19977","page","type-page","status-publish","hentry"],"_links":{"self":[{"href":"https:\/\/www.juescha.de\/en\/wp-json\/wp\/v2\/pages\/19977","targetHints":{"allow":["GET"]}}],"collection":[{"href":"https:\/\/www.juescha.de\/en\/wp-json\/wp\/v2\/pages"}],"about":[{"href":"https:\/\/www.juescha.de\/en\/wp-json\/wp\/v2\/types\/page"}],"author":[{"embeddable":true,"href":"https:\/\/www.juescha.de\/en\/wp-json\/wp\/v2\/users\/1"}],"replies":[{"embeddable":true,"href":"https:\/\/www.juescha.de\/en\/wp-json\/wp\/v2\/comments?post=19977"}],"version-history":[{"count":0,"href":"https:\/\/www.juescha.de\/en\/wp-json\/wp\/v2\/pages\/19977\/revisions"}],"wp:attachment":[{"href":"https:\/\/www.juescha.de\/en\/wp-json\/wp\/v2\/media?parent=19977"}],"curies":[{"name":"wp","href":"https:\/\/api.w.org\/{rel}","templated":true}]}}