{"id":16242,"date":"2023-02-20T13:00:08","date_gmt":"2023-02-20T12:00:08","guid":{"rendered":"https:\/\/wp.juescha.de\/?page_id=16242"},"modified":"2023-02-20T20:30:13","modified_gmt":"2023-02-20T19:30:13","slug":"juescha-in-the-press","status":"publish","type":"page","link":"https:\/\/www.juescha.de\/en\/juescha-in-der-presse\/","title":{"rendered":"J\u00fcscha in the press"},"content":{"rendered":"<style>.elementor-16242 .elementor-element.elementor-element-7e781ccb > .elementor-container{max-width:750px;min-height:70vh;}.elementor-16242 .elementor-element.elementor-element-7e781ccb > .elementor-container > .elementor-column > .elementor-widget-wrap{align-content:center;align-items:center;}.elementor-16242 .elementor-element.elementor-element-7e781ccb:not(.elementor-motion-effects-element-type-background), .elementor-16242 .elementor-element.elementor-element-7e781ccb > .elementor-motion-effects-container > .elementor-motion-effects-layer{background-color:var( --e-global-color-3d41a03 );}.elementor-16242 .elementor-element.elementor-element-7e781ccb{transition:background 0.3s, border 0.3s, border-radius 0.3s, box-shadow 0.3s;margin-top:0%;margin-bottom:0%;padding:5% 3% 5% 3%;}.elementor-16242 .elementor-element.elementor-element-7e781ccb > .elementor-background-overlay{transition:background 0.3s, border-radius 0.3s, opacity 0.3s;}.elementor-16242 .elementor-element.elementor-element-69131029 > .elementor-widget-wrap > .elementor-widget:not(.elementor-widget__width-auto):not(.elementor-widget__width-initial):not(:last-child):not(.elementor-absolute){margin-block-end:0px;}.elementor-16242 .elementor-element.elementor-element-7f29b37b{text-align:center;}.elementor-16242 .elementor-element.elementor-element-7f29b37b .elementor-heading-title{font-family:var( --e-global-typography-primary-font-family ), Sans-serif;font-weight:var( --e-global-typography-primary-font-weight );color:var( --e-global-color-text );}.elementor-16242 .elementor-element.elementor-element-0d473f1 .elementor-button-content-wrapper{flex-direction:row;}.elementor-16242 .elementor-element.elementor-element-0d473f1 .elementor-button .elementor-button-content-wrapper{gap:15px;}.elementor-16242 .elementor-element.elementor-element-0d473f1 .elementor-button{font-family:\"Roboto\", Sans-serif;font-weight:300;font-style:normal;background-color:var( --e-global-color-primary );border-style:none;}.elementor-16242 .elementor-element.elementor-element-0d473f1 > .elementor-widget-container{margin:40px 0px 0px 0px;padding:0px 0px 0px 0px;}.elementor-16242 .elementor-element.elementor-element-0d473f1{width:var( --container-widget-width, 100% );max-width:100%;--container-widget-width:100%;--container-widget-flex-grow:0;}.elementor-16242 .elementor-element.elementor-element-bf33947 > .elementor-widget-container{margin:0px 0px 0px 0px;padding:0px 0px 0px 0px;}.elementor-16242 .elementor-element.elementor-element-aa485a3 .elementor-button-content-wrapper{flex-direction:row;}.elementor-16242 .elementor-element.elementor-element-aa485a3 .elementor-button .elementor-button-content-wrapper{gap:15px;}.elementor-16242 .elementor-element.elementor-element-aa485a3 .elementor-button{font-family:\"Roboto\", Sans-serif;font-weight:300;font-style:normal;background-color:var( --e-global-color-primary );border-style:none;}.elementor-16242 .elementor-element.elementor-element-aa485a3 > .elementor-widget-container{margin:40px 0px 0px 0px;padding:0px 0px 0px 0px;}.elementor-16242 .elementor-element.elementor-element-2d154a7 > .elementor-widget-container{margin:0px 0px 0px 0px;padding:0px 0px 0px 0px;}.elementor-16242 .elementor-element.elementor-element-06f9f34 .elementor-button-content-wrapper{flex-direction:row;}.elementor-16242 .elementor-element.elementor-element-06f9f34 .elementor-button .elementor-button-content-wrapper{gap:15px;}.elementor-16242 .elementor-element.elementor-element-06f9f34 .elementor-button{font-family:\"Roboto\", Sans-serif;font-weight:300;font-style:normal;background-color:var( --e-global-color-primary );border-style:none;}.elementor-16242 .elementor-element.elementor-element-06f9f34 > .elementor-widget-container{margin:40px 0px 0px 0px;padding:0px 0px 0px 0px;}.elementor-16242 .elementor-element.elementor-element-b44f9f5 > .elementor-widget-container{margin:0px 0px 0px 0px;padding:0px 0px 0px 0px;}.elementor-16242 .elementor-element.elementor-element-6188eda .elementor-button-content-wrapper{flex-direction:row;}.elementor-16242 .elementor-element.elementor-element-6188eda .elementor-button .elementor-button-content-wrapper{gap:15px;}.elementor-16242 .elementor-element.elementor-element-6188eda .elementor-button{font-family:\"Roboto\", Sans-serif;font-weight:300;font-style:normal;background-color:var( --e-global-color-primary );border-style:none;}.elementor-16242 .elementor-element.elementor-element-6188eda > .elementor-widget-container{margin:40px 0px 0px 0px;padding:0px 0px 0px 0px;}.elementor-16242 .elementor-element.elementor-element-6c79404 > .elementor-widget-container{margin:0px 0px 0px 0px;padding:0px 0px 0px 0px;}.elementor-16242 .elementor-element.elementor-element-1f7f1999 > .elementor-container > .elementor-column > .elementor-widget-wrap{align-content:center;align-items:center;}.elementor-16242 .elementor-element.elementor-element-1f7f1999{margin-top:12%;margin-bottom:4%;padding:0% 3% 0% 3%;}.elementor-16242 .elementor-element.elementor-element-372f1295 > .elementor-widget-wrap > .elementor-widget:not(.elementor-widget__width-auto):not(.elementor-widget__width-initial):not(:last-child):not(.elementor-absolute){margin-block-end:0px;}.elementor-16242 .elementor-element.elementor-element-372f1295 > .elementor-element-populated{margin:0% 40% 0% 0%;--e-column-margin-right:40%;--e-column-margin-left:0%;}.elementor-16242 .elementor-element.elementor-element-44466c8e .elementor-image-box-wrapper{text-align:start;}.elementor-16242 .elementor-element.elementor-element-44466c8e .elementor-image-box-title{font-family:\"Poppins\", Sans-serif;font-size:22px;font-weight:600;text-transform:none;font-style:normal;text-decoration:none;line-height:1.5em;letter-spacing:0px;word-spacing:0em;color:#1C244B;}.elementor-16242 .elementor-element.elementor-element-44466c8e .elementor-image-box-description{font-family:\"Roboto\", Sans-serif;font-size:78px;font-weight:200;text-transform:none;font-style:normal;text-decoration:none;line-height:1.5em;letter-spacing:0px;word-spacing:0em;color:var( --e-global-color-secondary );}.elementor-16242 .elementor-element.elementor-element-5c70055e > .elementor-widget-wrap > .elementor-widget:not(.elementor-widget__width-auto):not(.elementor-widget__width-initial):not(:last-child):not(.elementor-absolute){margin-block-end:0px;}.elementor-16242 .elementor-element.elementor-element-5c70055e > .elementor-element-populated{border-style:solid;border-width:0px 1px 0px 1px;border-color:#324A6D;}.elementor-16242 .elementor-element.elementor-element-3f941b86{font-family:\"Roboto\", Sans-serif;font-size:16px;font-weight:300;}.elementor-16242 .elementor-element.elementor-element-3f941b86 > .elementor-widget-container{margin:0px 0px 0px 0px;padding:0px 20px 0px 20px;}.elementor-16242 .elementor-element.elementor-element-88936a5 .elementor-icon-list-items:not(.elementor-inline-items) .elementor-icon-list-item:not(:last-child){padding-block-end:calc(5px\/2);}.elementor-16242 .elementor-element.elementor-element-88936a5 .elementor-icon-list-items:not(.elementor-inline-items) .elementor-icon-list-item:not(:first-child){margin-block-start:calc(5px\/2);}.elementor-16242 .elementor-element.elementor-element-88936a5 .elementor-icon-list-items.elementor-inline-items .elementor-icon-list-item{margin-inline:calc(5px\/2);}.elementor-16242 .elementor-element.elementor-element-88936a5 .elementor-icon-list-items.elementor-inline-items{margin-inline:calc(-5px\/2);}.elementor-16242 .elementor-element.elementor-element-88936a5 .elementor-icon-list-items.elementor-inline-items .elementor-icon-list-item:after{inset-inline-end:calc(-5px\/2);}.elementor-16242 .elementor-element.elementor-element-88936a5 .elementor-icon-list-icon i{color:#7A7A7A;transition:color 0.3s;}.elementor-16242 .elementor-element.elementor-element-88936a5 .elementor-icon-list-icon svg{fill:#7A7A7A;transition:fill 0.3s;}.elementor-16242 .elementor-element.elementor-element-88936a5{--e-icon-list-icon-size:14px;--icon-vertical-offset:0px;}.elementor-16242 .elementor-element.elementor-element-88936a5 .elementor-icon-list-item > .elementor-icon-list-text, .elementor-16242 .elementor-element.elementor-element-88936a5 .elementor-icon-list-item > a{font-family:\"Roboto\", Sans-serif;font-size:20px;}.elementor-16242 .elementor-element.elementor-element-88936a5 .elementor-icon-list-text{color:#324A6D;transition:color 0.3s;}@media(min-width:769px){.elementor-16242 .elementor-element.elementor-element-372f1295{width:27.075%;}.elementor-16242 .elementor-element.elementor-element-5c70055e{width:72.925%;}}@media(max-width:1024px){.elementor-16242 .elementor-element.elementor-element-7e781ccb{padding:5% 8% 5% 8%;}.elementor-16242 .elementor-element.elementor-element-69131029 > .elementor-widget-wrap > .elementor-widget:not(.elementor-widget__width-auto):not(.elementor-widget__width-initial):not(:last-child):not(.elementor-absolute){margin-block-end:50px;}.elementor-16242 .elementor-element.elementor-element-1f7f1999{margin-top:15%;margin-bottom:6%;padding:0% 4% 0% 4%;}.elementor-16242 .elementor-element.elementor-element-372f1295 > .elementor-widget-wrap > .elementor-widget:not(.elementor-widget__width-auto):not(.elementor-widget__width-initial):not(:last-child):not(.elementor-absolute){margin-block-end:0px;}.elementor-16242 .elementor-element.elementor-element-372f1295 > .elementor-element-populated{margin:0% 10% 0% 0%;--e-column-margin-right:10%;--e-column-margin-left:0%;}.elementor-16242 .elementor-element.elementor-element-44466c8e .elementor-image-box-description{font-size:14px;}.elementor-16242 .elementor-element.elementor-element-5c70055e > .elementor-element-populated{border-width:0px 0px 0px 0px;margin:0% 0% 0% 10%;--e-column-margin-right:0%;--e-column-margin-left:10%;}}@media(max-width:768px){.elementor-16242 .elementor-element.elementor-element-7e781ccb{margin-top:0%;margin-bottom:0%;padding:10% 5% 10% 5%;}.elementor-16242 .elementor-element.elementor-element-69131029 > .elementor-widget-wrap > .elementor-widget:not(.elementor-widget__width-auto):not(.elementor-widget__width-initial):not(:last-child):not(.elementor-absolute){margin-block-end:30px;}.elementor-16242 .elementor-element.elementor-element-69131029 > .elementor-element-populated{padding:0px 0px 0px 0px;}.elementor-16242 .elementor-element.elementor-element-7f29b37b{text-align:center;}.elementor-16242 .elementor-element.elementor-element-1f7f1999{margin-top:25%;margin-bottom:15%;padding:0% 5% 0% 5%;}.elementor-16242 .elementor-element.elementor-element-372f1295 > .elementor-element-populated{margin:0% 0% 0% 0%;--e-column-margin-right:0%;--e-column-margin-left:0%;}.elementor-16242 .elementor-element.elementor-element-44466c8e .elementor-image-box-wrapper{text-align:center;}.elementor-16242 .elementor-element.elementor-element-5c70055e > .elementor-element-populated{border-width:0px 0px 0px 0px;margin:12% 0% 0% 0%;--e-column-margin-right:0%;--e-column-margin-left:0%;padding:0% 0% 0% 0%;}.elementor-16242 .elementor-element.elementor-element-88936a5 .elementor-icon-list-items:not(.elementor-inline-items) .elementor-icon-list-item:not(:last-child){padding-block-end:calc(5px\/2);}.elementor-16242 .elementor-element.elementor-element-88936a5 .elementor-icon-list-items:not(.elementor-inline-items) .elementor-icon-list-item:not(:first-child){margin-block-start:calc(5px\/2);}.elementor-16242 .elementor-element.elementor-element-88936a5 .elementor-icon-list-items.elementor-inline-items .elementor-icon-list-item{margin-inline:calc(5px\/2);}.elementor-16242 .elementor-element.elementor-element-88936a5 .elementor-icon-list-items.elementor-inline-items{margin-inline:calc(-5px\/2);}.elementor-16242 .elementor-element.elementor-element-88936a5 .elementor-icon-list-items.elementor-inline-items .elementor-icon-list-item:after{inset-inline-end:calc(-5px\/2);}}@media(max-width:1024px) and (min-width:769px){.elementor-16242 .elementor-element.elementor-element-69131029{width:100%;}.elementor-16242 .elementor-element.elementor-element-372f1295{width:50%;}.elementor-16242 .elementor-element.elementor-element-5c70055e{width:50%;}}<\/style>\t\t<div data-elementor-type=\"wp-page\" data-elementor-id=\"16242\" class=\"elementor elementor-16242\" data-elementor-post-type=\"page\">\n\t\t\t\t\t\t<section class=\"elementor-section elementor-top-section elementor-element elementor-element-7e781ccb elementor-section-content-middle elementor-reverse-tablet elementor-reverse-mobile elementor-section-height-min-height elementor-section-boxed elementor-section-height-default elementor-section-items-middle\" data-id=\"7e781ccb\" data-element_type=\"section\" data-e-type=\"section\" data-settings=\"{&quot;background_background&quot;:&quot;classic&quot;}\">\n\t\t\t\t\t\t<div class=\"elementor-container elementor-column-gap-no\">\n\t\t\t\t\t<div class=\"elementor-column elementor-col-100 elementor-top-column elementor-element elementor-element-69131029\" data-id=\"69131029\" data-element_type=\"column\" data-e-type=\"column\">\n\t\t\t<div class=\"elementor-widget-wrap elementor-element-populated\">\n\t\t\t\t\t\t<div class=\"elementor-element elementor-element-7f29b37b elementor-widget elementor-widget-heading\" data-id=\"7f29b37b\" data-element_type=\"widget\" data-e-type=\"widget\" data-widget_type=\"heading.default\">\n\t\t\t\t<div class=\"elementor-widget-container\">\n\t\t\t\t\t<h1 class=\"elementor-heading-title elementor-size-default\">J\u00fcscha in der Presse<\/h1>\t\t\t\t<\/div>\n\t\t\t\t<\/div>\n\t\t\t\t<div class=\"elementor-element elementor-element-0d473f1 elementor-align-center elementor-widget__width-initial elementor-widget elementor-widget-button\" data-id=\"0d473f1\" data-element_type=\"widget\" data-e-type=\"widget\" data-widget_type=\"button.default\">\n\t\t\t\t<div class=\"elementor-widget-container\">\n\t\t\t\t\t\t\t\t\t<div class=\"elementor-button-wrapper\">\n\t\t\t\t\t<a class=\"elementor-button elementor-button-link elementor-size-lg\" href=\"https:\/\/www.juescha.de\/wp-content\/uploads\/2023\/02\/pbs-report-03_2020.pdf\">\n\t\t\t\t\t\t<span class=\"elementor-button-content-wrapper\">\n\t\t\t\t\t\t<span class=\"elementor-button-icon\">\n\t\t\t\t<i aria-hidden=\"true\" class=\"far fa-file-pdf\"><\/i>\t\t\t<\/span>\n\t\t\t\t\t\t\t\t\t<span class=\"elementor-button-text\">PBS Report -  Magazin f\u00fcr B\u00fcro und Ambiente<\/span>\n\t\t\t\t\t<\/span>\n\t\t\t\t\t<\/a>\n\t\t\t\t<\/div>\n\t\t\t\t\t\t\t\t<\/div>\n\t\t\t\t<\/div>\n\t\t\t\t<div class=\"elementor-element elementor-element-bf33947 elementor-widget elementor-widget-text-editor\" data-id=\"bf33947\" data-element_type=\"widget\" data-e-type=\"widget\" data-widget_type=\"text-editor.default\">\n\t\t\t\t<div class=\"elementor-widget-container\">\n\t\t\t\t\t\t\t\t\t<p style=\"text-align: center;\">Ausgabe M\u00e4rz 2020<\/p>\t\t\t\t\t\t\t\t<\/div>\n\t\t\t\t<\/div>\n\t\t\t\t<div class=\"elementor-element elementor-element-aa485a3 elementor-align-center elementor-widget elementor-widget-button\" data-id=\"aa485a3\" data-element_type=\"widget\" data-e-type=\"widget\" data-widget_type=\"button.default\">\n\t\t\t\t<div class=\"elementor-widget-container\">\n\t\t\t\t\t\t\t\t\t<div class=\"elementor-button-wrapper\">\n\t\t\t\t\t<a class=\"elementor-button elementor-button-link elementor-size-lg\" href=\"https:\/\/www.juescha.de\/wp-content\/uploads\/2023\/02\/pbs-report-januar-2019.pdf\">\n\t\t\t\t\t\t<span class=\"elementor-button-content-wrapper\">\n\t\t\t\t\t\t<span class=\"elementor-button-icon\">\n\t\t\t\t<i aria-hidden=\"true\" class=\"far fa-file-pdf\"><\/i>\t\t\t<\/span>\n\t\t\t\t\t\t\t\t\t<span class=\"elementor-button-text\">PBS Report -  Magazin f\u00fcr B\u00fcro und Ambiente<\/span>\n\t\t\t\t\t<\/span>\n\t\t\t\t\t<\/a>\n\t\t\t\t<\/div>\n\t\t\t\t\t\t\t\t<\/div>\n\t\t\t\t<\/div>\n\t\t\t\t<div class=\"elementor-element elementor-element-2d154a7 elementor-widget elementor-widget-text-editor\" data-id=\"2d154a7\" data-element_type=\"widget\" data-e-type=\"widget\" data-widget_type=\"text-editor.default\">\n\t\t\t\t<div class=\"elementor-widget-container\">\n\t\t\t\t\t\t\t\t\t<p style=\"text-align: center;\">Ausgabe Januar 2019<\/p>\t\t\t\t\t\t\t\t<\/div>\n\t\t\t\t<\/div>\n\t\t\t\t<div class=\"elementor-element elementor-element-06f9f34 elementor-align-center elementor-widget elementor-widget-button\" data-id=\"06f9f34\" data-element_type=\"widget\" data-e-type=\"widget\" data-widget_type=\"button.default\">\n\t\t\t\t<div class=\"elementor-widget-container\">\n\t\t\t\t\t\t\t\t\t<div class=\"elementor-button-wrapper\">\n\t\t\t\t\t<a class=\"elementor-button elementor-button-link elementor-size-lg\" href=\"https:\/\/www.juescha.de\/wp-content\/uploads\/2023\/02\/businesspartner-pbs-dezember-2018.pdf\">\n\t\t\t\t\t\t<span class=\"elementor-button-content-wrapper\">\n\t\t\t\t\t\t<span class=\"elementor-button-icon\">\n\t\t\t\t<i aria-hidden=\"true\" class=\"far fa-file-pdf\"><\/i>\t\t\t<\/span>\n\t\t\t\t\t\t\t\t\t<span class=\"elementor-button-text\">Business Partner PBS<\/span>\n\t\t\t\t\t<\/span>\n\t\t\t\t\t<\/a>\n\t\t\t\t<\/div>\n\t\t\t\t\t\t\t\t<\/div>\n\t\t\t\t<\/div>\n\t\t\t\t<div class=\"elementor-element elementor-element-b44f9f5 elementor-widget elementor-widget-text-editor\" data-id=\"b44f9f5\" data-element_type=\"widget\" data-e-type=\"widget\" data-widget_type=\"text-editor.default\">\n\t\t\t\t<div class=\"elementor-widget-container\">\n\t\t\t\t\t\t\t\t\t<p style=\"text-align: center;\">Ausgabe Dezember 2018<\/p>\t\t\t\t\t\t\t\t<\/div>\n\t\t\t\t<\/div>\n\t\t\t\t<div class=\"elementor-element elementor-element-6188eda elementor-align-center elementor-widget elementor-widget-button\" data-id=\"6188eda\" data-element_type=\"widget\" data-e-type=\"widget\" data-widget_type=\"button.default\">\n\t\t\t\t<div class=\"elementor-widget-container\">\n\t\t\t\t\t\t\t\t\t<div class=\"elementor-button-wrapper\">\n\t\t\t\t\t<a class=\"elementor-button elementor-button-link elementor-size-lg\" href=\"https:\/\/www.juescha.de\/wp-content\/uploads\/2023\/02\/businesspartner-pbs-november-2018.pdf\">\n\t\t\t\t\t\t<span class=\"elementor-button-content-wrapper\">\n\t\t\t\t\t\t<span class=\"elementor-button-icon\">\n\t\t\t\t<i aria-hidden=\"true\" class=\"far fa-file-pdf\"><\/i>\t\t\t<\/span>\n\t\t\t\t\t\t\t\t\t<span class=\"elementor-button-text\">Business Partner PBS<\/span>\n\t\t\t\t\t<\/span>\n\t\t\t\t\t<\/a>\n\t\t\t\t<\/div>\n\t\t\t\t\t\t\t\t<\/div>\n\t\t\t\t<\/div>\n\t\t\t\t<div class=\"elementor-element elementor-element-6c79404 elementor-widget elementor-widget-text-editor\" data-id=\"6c79404\" data-element_type=\"widget\" data-e-type=\"widget\" data-widget_type=\"text-editor.default\">\n\t\t\t\t<div class=\"elementor-widget-container\">\n\t\t\t\t\t\t\t\t\t<p style=\"text-align: center;\">Ausgabe November 2018<\/p>\t\t\t\t\t\t\t\t<\/div>\n\t\t\t\t<\/div>\n\t\t\t\t\t<\/div>\n\t\t<\/div>\n\t\t\t\t\t<\/div>\n\t\t<\/section>\n\t\t\t\t<footer class=\"elementor-section elementor-top-section elementor-element elementor-element-1f7f1999 elementor-section-full_width elementor-section-content-middle elementor-section-height-default elementor-section-height-default\" data-id=\"1f7f1999\" data-element_type=\"section\" data-e-type=\"section\">\n\t\t\t\t\t\t<div class=\"elementor-container elementor-column-gap-no\">\n\t\t\t\t\t<div class=\"elementor-column elementor-col-50 elementor-top-column elementor-element elementor-element-372f1295\" data-id=\"372f1295\" data-element_type=\"column\" data-e-type=\"column\">\n\t\t\t<div class=\"elementor-widget-wrap elementor-element-populated\">\n\t\t\t\t\t\t<div class=\"elementor-element elementor-element-44466c8e elementor-widget elementor-widget-image-box\" data-id=\"44466c8e\" data-element_type=\"widget\" data-e-type=\"widget\" data-widget_type=\"image-box.default\">\n\t\t\t\t<div class=\"elementor-widget-container\">\n\t\t\t\t\t<div class=\"elementor-image-box-wrapper\"><div class=\"elementor-image-box-content\"><p class=\"elementor-image-box-description\">Service<\/p><\/div><\/div>\t\t\t\t<\/div>\n\t\t\t\t<\/div>\n\t\t\t\t\t<\/div>\n\t\t<\/div>\n\t\t\t\t<div class=\"elementor-column elementor-col-50 elementor-top-column elementor-element elementor-element-5c70055e\" data-id=\"5c70055e\" data-element_type=\"column\" data-e-type=\"column\">\n\t\t\t<div class=\"elementor-widget-wrap elementor-element-populated\">\n\t\t\t\t\t\t<div class=\"elementor-element elementor-element-3f941b86 elementor-widget elementor-widget-text-editor\" data-id=\"3f941b86\" data-element_type=\"widget\" data-e-type=\"widget\" data-widget_type=\"text-editor.default\">\n\t\t\t\t<div class=\"elementor-widget-container\">\n\t\t\t\t\t\t\t\t\t<p>Um die schnellste und beste L\u00f6sung f\u00fcr Ihre W\u00fcnsche zu finden, ist ein pers\u00f6nliches Gespr\u00e4ch immer vorteilhaft. Ein Anruf gen\u00fcgt und wir k\u00f6nnen Ihnen oft schon am Telefon pr\u00e4zise und kompetent Kosten nennen und Ihnen mitteilen, welche Informationen wir zur Umsetzung Ihrer W\u00fcnsche ben\u00f6tigen\u200b<\/p>\t\t\t\t\t\t\t\t<\/div>\n\t\t\t\t<\/div>\n\t\t\t\t<div class=\"elementor-element elementor-element-88936a5 elementor-align-center elementor-tablet-align-start elementor-mobile-align-center elementor-icon-list--layout-traditional elementor-list-item-link-full_width elementor-widget elementor-widget-icon-list\" data-id=\"88936a5\" data-element_type=\"widget\" data-e-type=\"widget\" data-widget_type=\"icon-list.default\">\n\t\t\t\t<div class=\"elementor-widget-container\">\n\t\t\t\t\t\t\t<ul class=\"elementor-icon-list-items\">\n\t\t\t\t\t\t\t<li class=\"elementor-icon-list-item\">\n\t\t\t\t\t\t\t\t\t\t\t<a href=\"tel:123-456-7890\">\n\n\t\t\t\t\t\t\t\t\t\t\t\t<span class=\"elementor-icon-list-icon\">\n\t\t\t\t\t\t\t<i aria-hidden=\"true\" class=\"fas fa-phone\"><\/i>\t\t\t\t\t\t<\/span>\n\t\t\t\t\t\t\t\t\t\t<span class=\"elementor-icon-list-text\">+49 [0] 2196 7241-0<\/span>\n\t\t\t\t\t\t\t\t\t\t\t<\/a>\n\t\t\t\t\t\t\t\t\t<\/li>\n\t\t\t\t\t\t<\/ul>\n\t\t\t\t\t\t<\/div>\n\t\t\t\t<\/div>\n\t\t\t\t\t<\/div>\n\t\t<\/div>\n\t\t\t\t\t<\/div>\n\t\t<\/footer>\n\t\t\t\t<\/div>\n\t\t","protected":false},"excerpt":{"rendered":"<p>J\u00fcscha in der Presse PBS Report &#8211; Magazin f\u00fcr B\u00fcro und Ambiente Ausgabe M\u00e4rz 2020 PBS Report &#8211; Magazin f\u00fcr B\u00fcro und Ambiente Ausgabe Januar 2019 Business Partner PBS Ausgabe Dezember 2018 Business Partner PBS Ausgabe November 2018 Service Um die schnellste und beste L\u00f6sung f\u00fcr Ihre W\u00fcnsche zu finden, ist ein pers\u00f6nliches Gespr\u00e4ch immer [&hellip;]<\/p>\n","protected":false},"author":1,"featured_media":0,"parent":0,"menu_order":0,"comment_status":"closed","ping_status":"closed","template":"","meta":{"inline_featured_image":false,"footnotes":""},"class_list":["post-16242","page","type-page","status-publish","hentry"],"_links":{"self":[{"href":"https:\/\/www.juescha.de\/en\/wp-json\/wp\/v2\/pages\/16242","targetHints":{"allow":["GET"]}}],"collection":[{"href":"https:\/\/www.juescha.de\/en\/wp-json\/wp\/v2\/pages"}],"about":[{"href":"https:\/\/www.juescha.de\/en\/wp-json\/wp\/v2\/types\/page"}],"author":[{"embeddable":true,"href":"https:\/\/www.juescha.de\/en\/wp-json\/wp\/v2\/users\/1"}],"replies":[{"embeddable":true,"href":"https:\/\/www.juescha.de\/en\/wp-json\/wp\/v2\/comments?post=16242"}],"version-history":[{"count":0,"href":"https:\/\/www.juescha.de\/en\/wp-json\/wp\/v2\/pages\/16242\/revisions"}],"wp:attachment":[{"href":"https:\/\/www.juescha.de\/en\/wp-json\/wp\/v2\/media?parent=16242"}],"curies":[{"name":"wp","href":"https:\/\/api.w.org\/{rel}","templated":true}]}}