{"id":16206,"date":"2023-02-20T11:58:20","date_gmt":"2023-02-20T10:58:20","guid":{"rendered":"https:\/\/wp.juescha.de\/?page_id=16206"},"modified":"2023-02-20T12:00:38","modified_gmt":"2023-02-20T11:00:38","slug":"philosophie","status":"publish","type":"page","link":"https:\/\/www.juescha.de\/en\/philosophie\/","title":{"rendered":"Philosophie"},"content":{"rendered":"<style>.elementor-16206 .elementor-element.elementor-element-4493e684 > .elementor-container{max-width:750px;min-height:70vh;}.elementor-16206 .elementor-element.elementor-element-4493e684 > .elementor-container > .elementor-column > .elementor-widget-wrap{align-content:center;align-items:center;}.elementor-16206 .elementor-element.elementor-element-4493e684:not(.elementor-motion-effects-element-type-background), .elementor-16206 .elementor-element.elementor-element-4493e684 > .elementor-motion-effects-container > .elementor-motion-effects-layer{background-color:#F3F5F8;background-position:bottom right;background-repeat:no-repeat;background-size:cover;}.elementor-16206 .elementor-element.elementor-element-4493e684{transition:background 0.3s, border 0.3s, border-radius 0.3s, box-shadow 0.3s;margin-top:0%;margin-bottom:0%;padding:5% 3% 5% 3%;}.elementor-16206 .elementor-element.elementor-element-4493e684 > .elementor-background-overlay{transition:background 0.3s, border-radius 0.3s, opacity 0.3s;}.elementor-16206 .elementor-element.elementor-element-5c8e6538 > .elementor-widget-wrap > .elementor-widget:not(.elementor-widget__width-auto):not(.elementor-widget__width-initial):not(:last-child):not(.elementor-absolute){margin-block-end:90px;}.elementor-16206 .elementor-element.elementor-element-e9c434a{text-align:center;}.elementor-16206 .elementor-element.elementor-element-e9c434a .elementor-heading-title{font-family:var( --e-global-typography-primary-font-family ), Sans-serif;font-weight:var( --e-global-typography-primary-font-weight );color:var( --e-global-color-text );}.elementor-16206 .elementor-element.elementor-element-5b48f45d{text-align:center;font-family:var( --e-global-typography-text-font-family ), Sans-serif;color:var( --e-global-color-secondary );}.elementor-16206 .elementor-element.elementor-element-5b48f45d > .elementor-widget-container{padding:0% 20% 0% 20%;}.elementor-16206 .elementor-element.elementor-element-16da0011 > .elementor-container > .elementor-column > .elementor-widget-wrap{align-content:center;align-items:center;}.elementor-16206 .elementor-element.elementor-element-16da0011{margin-top:12%;margin-bottom:4%;padding:0% 3% 0% 3%;}.elementor-16206 .elementor-element.elementor-element-7fa872fb > .elementor-widget-wrap > .elementor-widget:not(.elementor-widget__width-auto):not(.elementor-widget__width-initial):not(:last-child):not(.elementor-absolute){margin-block-end:0px;}.elementor-16206 .elementor-element.elementor-element-7fa872fb > .elementor-element-populated{margin:0% 40% 0% 0%;--e-column-margin-right:40%;--e-column-margin-left:0%;}.elementor-16206 .elementor-element.elementor-element-346ba686 .elementor-image-box-wrapper{text-align:start;}.elementor-16206 .elementor-element.elementor-element-346ba686 .elementor-image-box-title{font-family:\"Poppins\", Sans-serif;font-size:22px;font-weight:600;text-transform:none;font-style:normal;text-decoration:none;line-height:1.5em;letter-spacing:0px;word-spacing:0em;color:#1C244B;}.elementor-16206 .elementor-element.elementor-element-346ba686 .elementor-image-box-description{font-family:\"Roboto\", Sans-serif;font-size:78px;font-weight:200;text-transform:none;font-style:normal;text-decoration:none;line-height:1.5em;letter-spacing:0px;word-spacing:0em;color:var( --e-global-color-secondary );}.elementor-16206 .elementor-element.elementor-element-2aba3268 > .elementor-widget-wrap > .elementor-widget:not(.elementor-widget__width-auto):not(.elementor-widget__width-initial):not(:last-child):not(.elementor-absolute){margin-block-end:0px;}.elementor-16206 .elementor-element.elementor-element-2aba3268 > .elementor-element-populated{border-style:solid;border-width:0px 1px 0px 1px;border-color:#324A6D;}.elementor-16206 .elementor-element.elementor-element-30978d6c{font-family:\"Roboto\", Sans-serif;font-size:16px;font-weight:300;}.elementor-16206 .elementor-element.elementor-element-30978d6c > .elementor-widget-container{margin:0px 0px 0px 0px;padding:0px 20px 0px 20px;}.elementor-16206 .elementor-element.elementor-element-5d52fc37 .elementor-icon-list-items:not(.elementor-inline-items) .elementor-icon-list-item:not(:last-child){padding-block-end:calc(5px\/2);}.elementor-16206 .elementor-element.elementor-element-5d52fc37 .elementor-icon-list-items:not(.elementor-inline-items) .elementor-icon-list-item:not(:first-child){margin-block-start:calc(5px\/2);}.elementor-16206 .elementor-element.elementor-element-5d52fc37 .elementor-icon-list-items.elementor-inline-items .elementor-icon-list-item{margin-inline:calc(5px\/2);}.elementor-16206 .elementor-element.elementor-element-5d52fc37 .elementor-icon-list-items.elementor-inline-items{margin-inline:calc(-5px\/2);}.elementor-16206 .elementor-element.elementor-element-5d52fc37 .elementor-icon-list-items.elementor-inline-items .elementor-icon-list-item:after{inset-inline-end:calc(-5px\/2);}.elementor-16206 .elementor-element.elementor-element-5d52fc37 .elementor-icon-list-icon i{color:#7A7A7A;transition:color 0.3s;}.elementor-16206 .elementor-element.elementor-element-5d52fc37 .elementor-icon-list-icon svg{fill:#7A7A7A;transition:fill 0.3s;}.elementor-16206 .elementor-element.elementor-element-5d52fc37{--e-icon-list-icon-size:14px;--icon-vertical-offset:0px;}.elementor-16206 .elementor-element.elementor-element-5d52fc37 .elementor-icon-list-item > .elementor-icon-list-text, .elementor-16206 .elementor-element.elementor-element-5d52fc37 .elementor-icon-list-item > a{font-family:\"Roboto\", Sans-serif;font-size:20px;}.elementor-16206 .elementor-element.elementor-element-5d52fc37 .elementor-icon-list-text{color:#324A6D;transition:color 0.3s;}@media(min-width:769px){.elementor-16206 .elementor-element.elementor-element-7fa872fb{width:27.075%;}.elementor-16206 .elementor-element.elementor-element-2aba3268{width:72.925%;}}@media(max-width:1024px){.elementor-16206 .elementor-element.elementor-element-4493e684{padding:5% 8% 5% 8%;}.elementor-16206 .elementor-element.elementor-element-5c8e6538 > .elementor-widget-wrap > .elementor-widget:not(.elementor-widget__width-auto):not(.elementor-widget__width-initial):not(:last-child):not(.elementor-absolute){margin-block-end:50px;}.elementor-16206 .elementor-element.elementor-element-16da0011{margin-top:15%;margin-bottom:6%;padding:0% 4% 0% 4%;}.elementor-16206 .elementor-element.elementor-element-7fa872fb > .elementor-widget-wrap > .elementor-widget:not(.elementor-widget__width-auto):not(.elementor-widget__width-initial):not(:last-child):not(.elementor-absolute){margin-block-end:0px;}.elementor-16206 .elementor-element.elementor-element-7fa872fb > .elementor-element-populated{margin:0% 10% 0% 0%;--e-column-margin-right:10%;--e-column-margin-left:0%;}.elementor-16206 .elementor-element.elementor-element-346ba686 .elementor-image-box-description{font-size:14px;}.elementor-16206 .elementor-element.elementor-element-2aba3268 > .elementor-element-populated{border-width:0px 0px 0px 0px;margin:0% 0% 0% 10%;--e-column-margin-right:0%;--e-column-margin-left:10%;}}@media(max-width:768px){.elementor-16206 .elementor-element.elementor-element-4493e684{margin-top:0%;margin-bottom:0%;padding:10% 5% 10% 5%;}.elementor-16206 .elementor-element.elementor-element-5c8e6538 > .elementor-widget-wrap > .elementor-widget:not(.elementor-widget__width-auto):not(.elementor-widget__width-initial):not(:last-child):not(.elementor-absolute){margin-block-end:30px;}.elementor-16206 .elementor-element.elementor-element-5c8e6538 > .elementor-element-populated{padding:0px 0px 0px 0px;}.elementor-16206 .elementor-element.elementor-element-e9c434a{text-align:center;}.elementor-16206 .elementor-element.elementor-element-5b48f45d > .elementor-widget-container{margin:0px 0px 0px 0px;padding:0% 0% 0% 0%;}.elementor-16206 .elementor-element.elementor-element-16da0011{margin-top:25%;margin-bottom:15%;padding:0% 5% 0% 5%;}.elementor-16206 .elementor-element.elementor-element-7fa872fb > .elementor-element-populated{margin:0% 0% 0% 0%;--e-column-margin-right:0%;--e-column-margin-left:0%;}.elementor-16206 .elementor-element.elementor-element-346ba686 .elementor-image-box-wrapper{text-align:center;}.elementor-16206 .elementor-element.elementor-element-2aba3268 > .elementor-element-populated{border-width:0px 0px 0px 0px;margin:12% 0% 0% 0%;--e-column-margin-right:0%;--e-column-margin-left:0%;padding:0% 0% 0% 0%;}.elementor-16206 .elementor-element.elementor-element-5d52fc37 .elementor-icon-list-items:not(.elementor-inline-items) .elementor-icon-list-item:not(:last-child){padding-block-end:calc(5px\/2);}.elementor-16206 .elementor-element.elementor-element-5d52fc37 .elementor-icon-list-items:not(.elementor-inline-items) .elementor-icon-list-item:not(:first-child){margin-block-start:calc(5px\/2);}.elementor-16206 .elementor-element.elementor-element-5d52fc37 .elementor-icon-list-items.elementor-inline-items .elementor-icon-list-item{margin-inline:calc(5px\/2);}.elementor-16206 .elementor-element.elementor-element-5d52fc37 .elementor-icon-list-items.elementor-inline-items{margin-inline:calc(-5px\/2);}.elementor-16206 .elementor-element.elementor-element-5d52fc37 .elementor-icon-list-items.elementor-inline-items .elementor-icon-list-item:after{inset-inline-end:calc(-5px\/2);}}@media(max-width:1024px) and (min-width:769px){.elementor-16206 .elementor-element.elementor-element-5c8e6538{width:100%;}.elementor-16206 .elementor-element.elementor-element-7fa872fb{width:50%;}.elementor-16206 .elementor-element.elementor-element-2aba3268{width:50%;}}@media(min-width:1025px){.elementor-16206 .elementor-element.elementor-element-4493e684:not(.elementor-motion-effects-element-type-background), .elementor-16206 .elementor-element.elementor-element-4493e684 > .elementor-motion-effects-container > .elementor-motion-effects-layer{background-attachment:scroll;}}<\/style>\t\t<div data-elementor-type=\"wp-page\" data-elementor-id=\"16206\" class=\"elementor elementor-16206\" data-elementor-post-type=\"page\">\n\t\t\t\t\t\t<section class=\"elementor-section elementor-top-section elementor-element elementor-element-4493e684 elementor-section-content-middle elementor-reverse-tablet elementor-reverse-mobile elementor-section-height-min-height elementor-section-boxed elementor-section-height-default elementor-section-items-middle\" data-id=\"4493e684\" data-element_type=\"section\" data-e-type=\"section\" data-settings=\"{&quot;background_background&quot;:&quot;classic&quot;}\">\n\t\t\t\t\t\t<div class=\"elementor-container elementor-column-gap-no\">\n\t\t\t\t\t<div class=\"elementor-column elementor-col-100 elementor-top-column elementor-element elementor-element-5c8e6538\" data-id=\"5c8e6538\" data-element_type=\"column\" data-e-type=\"column\">\n\t\t\t<div class=\"elementor-widget-wrap elementor-element-populated\">\n\t\t\t\t\t\t<div class=\"elementor-element elementor-element-e9c434a elementor-widget elementor-widget-heading\" data-id=\"e9c434a\" data-element_type=\"widget\" data-e-type=\"widget\" data-widget_type=\"heading.default\">\n\t\t\t\t<div class=\"elementor-widget-container\">\n\t\t\t\t\t<h1 class=\"elementor-heading-title elementor-size-default\">PHILOSOPHIE<\/h1>\t\t\t\t<\/div>\n\t\t\t\t<\/div>\n\t\t\t\t<div class=\"elementor-element elementor-element-5b48f45d elementor-widget elementor-widget-text-editor\" data-id=\"5b48f45d\" data-element_type=\"widget\" data-e-type=\"widget\" data-widget_type=\"text-editor.default\">\n\t\t\t\t<div class=\"elementor-widget-container\">\n\t\t\t\t\t\t\t\t\t<p style=\"text-align: center;\"><strong>Identifikation<\/strong><br \/>Wir wollen, dass unsere Mitarbeiter t\u00e4glich gerne zur Arbeit kommen. Unsere \u00dcberzeugung ist: Wer Spa\u00df an seinen Aufgaben hat, identifiziert sich mit dem Unternehmen.<\/p><p style=\"text-align: center;\"><strong>Flache Hierarchien<\/strong><br \/>Wir w\u00fcnschen uns Unternehmer im Unternehmen. Unsere Mitarbeiter k\u00f6nnen schnell und direkt Entscheidungen treffen und \u00fcbernehmen Verantwortung.<\/p><p style=\"text-align: center;\"><strong>Kreativit\u00e4t und eigene Ideen<\/strong><br \/>Die Meinungen unserer Mitarbeiter sind uns wichtig. Daher bieten wir Freir\u00e4ume f\u00fcr kreative Ideen und Anregungen aller im Team.<\/p><p style=\"text-align: center;\"><strong>Qualit\u00e4t<br \/><\/strong>Restlos zufriedene Kunden sind das Ziel von jedem einzelnen in unserem Team.<\/p><p style=\"text-align: center;\"><strong>Respekt<\/strong><br \/>Ein offener, freundlicher und fairer Umgang unter den Kollegen erachten wir als eine Selbstverst\u00e4ndlichkeit.<\/p>\t\t\t\t\t\t\t\t<\/div>\n\t\t\t\t<\/div>\n\t\t\t\t\t<\/div>\n\t\t<\/div>\n\t\t\t\t\t<\/div>\n\t\t<\/section>\n\t\t\t\t<footer class=\"elementor-section elementor-top-section elementor-element elementor-element-16da0011 elementor-section-full_width elementor-section-content-middle elementor-section-height-default elementor-section-height-default\" data-id=\"16da0011\" data-element_type=\"section\" data-e-type=\"section\">\n\t\t\t\t\t\t<div class=\"elementor-container elementor-column-gap-no\">\n\t\t\t\t\t<div class=\"elementor-column elementor-col-50 elementor-top-column elementor-element elementor-element-7fa872fb\" data-id=\"7fa872fb\" data-element_type=\"column\" data-e-type=\"column\">\n\t\t\t<div class=\"elementor-widget-wrap elementor-element-populated\">\n\t\t\t\t\t\t<div class=\"elementor-element elementor-element-346ba686 elementor-widget elementor-widget-image-box\" data-id=\"346ba686\" data-element_type=\"widget\" data-e-type=\"widget\" data-widget_type=\"image-box.default\">\n\t\t\t\t<div class=\"elementor-widget-container\">\n\t\t\t\t\t<div class=\"elementor-image-box-wrapper\"><div class=\"elementor-image-box-content\"><p class=\"elementor-image-box-description\">Service<\/p><\/div><\/div>\t\t\t\t<\/div>\n\t\t\t\t<\/div>\n\t\t\t\t\t<\/div>\n\t\t<\/div>\n\t\t\t\t<div class=\"elementor-column elementor-col-50 elementor-top-column elementor-element elementor-element-2aba3268\" data-id=\"2aba3268\" data-element_type=\"column\" data-e-type=\"column\">\n\t\t\t<div class=\"elementor-widget-wrap elementor-element-populated\">\n\t\t\t\t\t\t<div class=\"elementor-element elementor-element-30978d6c elementor-widget elementor-widget-text-editor\" data-id=\"30978d6c\" data-element_type=\"widget\" data-e-type=\"widget\" data-widget_type=\"text-editor.default\">\n\t\t\t\t<div class=\"elementor-widget-container\">\n\t\t\t\t\t\t\t\t\t<p>Um die schnellste und beste L\u00f6sung f\u00fcr Ihre W\u00fcnsche zu finden, ist ein pers\u00f6nliches Gespr\u00e4ch immer vorteilhaft. Ein Anruf gen\u00fcgt und wir k\u00f6nnen Ihnen oft schon am Telefon pr\u00e4zise und kompetent Kosten nennen und Ihnen mitteilen, welche Informationen wir zur Umsetzung Ihrer W\u00fcnsche ben\u00f6tigen\u200b<\/p>\t\t\t\t\t\t\t\t<\/div>\n\t\t\t\t<\/div>\n\t\t\t\t<div class=\"elementor-element elementor-element-5d52fc37 elementor-align-center elementor-tablet-align-start elementor-mobile-align-center elementor-icon-list--layout-traditional elementor-list-item-link-full_width elementor-widget elementor-widget-icon-list\" data-id=\"5d52fc37\" data-element_type=\"widget\" data-e-type=\"widget\" data-widget_type=\"icon-list.default\">\n\t\t\t\t<div class=\"elementor-widget-container\">\n\t\t\t\t\t\t\t<ul class=\"elementor-icon-list-items\">\n\t\t\t\t\t\t\t<li class=\"elementor-icon-list-item\">\n\t\t\t\t\t\t\t\t\t\t\t<a href=\"tel:123-456-7890\">\n\n\t\t\t\t\t\t\t\t\t\t\t\t<span class=\"elementor-icon-list-icon\">\n\t\t\t\t\t\t\t<i aria-hidden=\"true\" class=\"fas fa-phone\"><\/i>\t\t\t\t\t\t<\/span>\n\t\t\t\t\t\t\t\t\t\t<span class=\"elementor-icon-list-text\">+49 [0] 2196 7241-0<\/span>\n\t\t\t\t\t\t\t\t\t\t\t<\/a>\n\t\t\t\t\t\t\t\t\t<\/li>\n\t\t\t\t\t\t<\/ul>\n\t\t\t\t\t\t<\/div>\n\t\t\t\t<\/div>\n\t\t\t\t\t<\/div>\n\t\t<\/div>\n\t\t\t\t\t<\/div>\n\t\t<\/footer>\n\t\t\t\t<\/div>\n\t\t","protected":false},"excerpt":{"rendered":"<p>PHILOSOPHIE IdentifikationWir wollen, dass unsere Mitarbeiter t\u00e4glich gerne zur Arbeit kommen. Unsere \u00dcberzeugung ist: Wer Spa\u00df an seinen Aufgaben hat, identifiziert sich mit dem Unternehmen. Flache HierarchienWir w\u00fcnschen uns Unternehmer im Unternehmen. Unsere Mitarbeiter k\u00f6nnen schnell und direkt Entscheidungen treffen und \u00fcbernehmen Verantwortung. Kreativit\u00e4t und eigene IdeenDie Meinungen unserer Mitarbeiter sind uns wichtig. Daher bieten [&hellip;]<\/p>\n","protected":false},"author":1,"featured_media":0,"parent":0,"menu_order":0,"comment_status":"closed","ping_status":"closed","template":"","meta":{"inline_featured_image":false,"footnotes":""},"class_list":["post-16206","page","type-page","status-publish","hentry"],"_links":{"self":[{"href":"https:\/\/www.juescha.de\/en\/wp-json\/wp\/v2\/pages\/16206","targetHints":{"allow":["GET"]}}],"collection":[{"href":"https:\/\/www.juescha.de\/en\/wp-json\/wp\/v2\/pages"}],"about":[{"href":"https:\/\/www.juescha.de\/en\/wp-json\/wp\/v2\/types\/page"}],"author":[{"embeddable":true,"href":"https:\/\/www.juescha.de\/en\/wp-json\/wp\/v2\/users\/1"}],"replies":[{"embeddable":true,"href":"https:\/\/www.juescha.de\/en\/wp-json\/wp\/v2\/comments?post=16206"}],"version-history":[{"count":0,"href":"https:\/\/www.juescha.de\/en\/wp-json\/wp\/v2\/pages\/16206\/revisions"}],"wp:attachment":[{"href":"https:\/\/www.juescha.de\/en\/wp-json\/wp\/v2\/media?parent=16206"}],"curies":[{"name":"wp","href":"https:\/\/api.w.org\/{rel}","templated":true}]}}