{"id":28323,"date":"2025-07-28T19:57:01","date_gmt":"2025-07-28T17:57:01","guid":{"rendered":"https:\/\/www.juescha.de\/?post_type=product&#038;p=28323"},"modified":"2026-01-21T08:49:02","modified_gmt":"2026-01-21T07:49:02","slug":"schluesseletui-7","status":"publish","type":"product","link":"https:\/\/www.juescha.de\/de_de\/shop\/alassio\/schluesseletui-7\/","title":{"rendered":"Schl\u00fcsseletui"},"content":{"rendered":"<h1>Schl\u00fcsseletui mit Vorfach<\/h1>\n<p>Rei\u00dfverschluss Hauptfach mit zwei Schl\u00fcsselringen, ein weiteres Rei\u00dfverschlu\u00dffach auf der Vorderseite<\/p>\n","protected":false},"excerpt":{"rendered":"<ul>\n<li>Hauptfach mit Rei\u00dfverschluss<\/li>\n<li>Zwei integrierte Schl\u00fcsselringe<\/li>\n<li>Zus\u00e4tzliches Rei\u00dfverschlussfach vorne<\/li>\n<li>Kompakt und funktional<\/li>\n<\/ul>\n","protected":false},"featured_media":28324,"template":"","meta":{"inline_featured_image":false},"product_brand":[],"product_cat":[1651],"product_tag":[],"class_list":{"0":"post-28323","1":"product","2":"type-product","3":"status-publish","4":"has-post-thumbnail","6":"product_cat-alassio","8":"first","9":"instock","10":"purchasable","11":"product-type-simple"},"_links":{"self":[{"href":"https:\/\/www.juescha.de\/de_de\/wp-json\/wp\/v2\/product\/28323","targetHints":{"allow":["GET"]}}],"collection":[{"href":"https:\/\/www.juescha.de\/de_de\/wp-json\/wp\/v2\/product"}],"about":[{"href":"https:\/\/www.juescha.de\/de_de\/wp-json\/wp\/v2\/types\/product"}],"version-history":[{"count":0,"href":"https:\/\/www.juescha.de\/de_de\/wp-json\/wp\/v2\/product\/28323\/revisions"}],"wp:featuredmedia":[{"embeddable":true,"href":"https:\/\/www.juescha.de\/de_de\/wp-json\/wp\/v2\/media\/28324"}],"wp:attachment":[{"href":"https:\/\/www.juescha.de\/de_de\/wp-json\/wp\/v2\/media?parent=28323"}],"wp:term":[{"taxonomy":"product_brand","embeddable":true,"href":"https:\/\/www.juescha.de\/de_de\/wp-json\/wp\/v2\/product_brand?post=28323"},{"taxonomy":"product_cat","embeddable":true,"href":"https:\/\/www.juescha.de\/de_de\/wp-json\/wp\/v2\/product_cat?post=28323"},{"taxonomy":"product_tag","embeddable":true,"href":"https:\/\/www.juescha.de\/de_de\/wp-json\/wp\/v2\/product_tag?post=28323"}],"curies":[{"name":"wp","href":"https:\/\/api.w.org\/{rel}","templated":true}]}}