{"id":27948,"date":"2025-04-28T20:08:07","date_gmt":"2025-04-28T18:08:07","guid":{"rendered":"https:\/\/www.juescha.de\/shop\/unkategorisiert\/systemplaner-a7-rpet-cebu\/"},"modified":"2026-01-21T08:49:28","modified_gmt":"2026-01-21T07:49:28","slug":"systemplaner-a7-rpet-cebu","status":"publish","type":"product","link":"https:\/\/www.juescha.de\/de_de\/shop\/stop\/systemplaner-a7-rpet-cebu\/","title":{"rendered":"Systemplaner A7 RPET &#8220;CEBU&#8221;"},"content":{"rendered":"<p>Der <strong data-start=\"388\" data-end=\"419\">Systemplaner A7 RPET \u201eCEBU\u201c<\/strong> ist die perfekte Kombination aus umweltfreundlichem Design und Funktionalit\u00e4t. Hergestellt aus recyceltem PET, bietet dieser kompakte Planer eine nachhaltige L\u00f6sung f\u00fcr Ihre t\u00e4glichen Planungsbed\u00fcrfnisse. Der Kalender zeigt jede Woche auf 2 Seiten und ist in den drei Sprachen Deutsch, Englisch und Franz\u00f6sisch verf\u00fcgbar. Zudem bietet der Planer drei Visitenkartenf\u00e4cher, ein praktisches Einschubfach f\u00fcr Notizen oder Dokumente und eine Schreibger\u00e4teschlaufe. Der Magnetverschluss sorgt f\u00fcr eine sichere Aufbewahrung und sch\u00fctzt Ihre Unterlagen. Ein funktionaler und umweltbewusster Begleiter f\u00fcr den Alltag.<\/p>\n","protected":false},"excerpt":{"rendered":"<ul>\n<li>Aus recyceltem PET<\/li>\n<li>Kalender 1 Woche = 2 Seiten (3-sprachig)<\/li>\n<li>Mit Visitenkarten- und Einschubfach<\/li>\n<li>Magnetverschluss &#038; Stiftschlaufe<\/li>\n<\/ul>\n","protected":false},"featured_media":28296,"template":"","meta":{"inline_featured_image":false},"product_brand":[],"product_cat":[2466],"product_tag":[],"class_list":{"0":"post-27948","1":"product","2":"type-product","3":"status-publish","4":"has-post-thumbnail","6":"product_cat-stop","8":"first","9":"instock","10":"shipping-taxable","11":"product-type-simple"},"_links":{"self":[{"href":"https:\/\/www.juescha.de\/de_de\/wp-json\/wp\/v2\/product\/27948","targetHints":{"allow":["GET"]}}],"collection":[{"href":"https:\/\/www.juescha.de\/de_de\/wp-json\/wp\/v2\/product"}],"about":[{"href":"https:\/\/www.juescha.de\/de_de\/wp-json\/wp\/v2\/types\/product"}],"version-history":[{"count":0,"href":"https:\/\/www.juescha.de\/de_de\/wp-json\/wp\/v2\/product\/27948\/revisions"}],"wp:featuredmedia":[{"embeddable":true,"href":"https:\/\/www.juescha.de\/de_de\/wp-json\/wp\/v2\/media\/28296"}],"wp:attachment":[{"href":"https:\/\/www.juescha.de\/de_de\/wp-json\/wp\/v2\/media?parent=27948"}],"wp:term":[{"taxonomy":"product_brand","embeddable":true,"href":"https:\/\/www.juescha.de\/de_de\/wp-json\/wp\/v2\/product_brand?post=27948"},{"taxonomy":"product_cat","embeddable":true,"href":"https:\/\/www.juescha.de\/de_de\/wp-json\/wp\/v2\/product_cat?post=27948"},{"taxonomy":"product_tag","embeddable":true,"href":"https:\/\/www.juescha.de\/de_de\/wp-json\/wp\/v2\/product_tag?post=27948"}],"curies":[{"name":"wp","href":"https:\/\/api.w.org\/{rel}","templated":true}]}}