{"id":27946,"date":"2025-04-28T20:08:06","date_gmt":"2025-04-28T18:08:06","guid":{"rendered":"https:\/\/www.juescha.de\/shop\/unkategorisiert\/systemplaner-a5-rpet-lombok\/"},"modified":"2026-01-21T08:49:29","modified_gmt":"2026-01-21T07:49:29","slug":"systemplaner-a5-rpet-lombok","status":"publish","type":"product","link":"https:\/\/www.juescha.de\/de_de\/shop\/stop\/systemplaner-a5-rpet-lombok\/","title":{"rendered":"Systemplaner A5 RPET &#8220;LOMBOK&#8221;"},"content":{"rendered":"<p>Der <strong data-start=\"420\" data-end=\"453\">Systemplaner A5 RPET \u201eLOMBOK\u201c<\/strong> kombiniert Nachhaltigkeit und Funktionalit\u00e4t in einem eleganten Design. Hergestellt aus recyceltem PET, ist dieser Planer umweltfreundlich und perfekt f\u00fcr die t\u00e4gliche Nutzung. Ausgestattet mit einem Kalender, der jede Woche auf 2 Seiten darstellt und in 6 Sprachen (Deutsch, Englisch, Franz\u00f6sisch, Spanisch, Italienisch, Niederl\u00e4ndisch) verf\u00fcgbar ist, bietet er Ihnen die Flexibilit\u00e4t, ihn in verschiedenen Sprachen zu nutzen. Der Planer verf\u00fcgt \u00fcber zahlreiche praktische Funktionen, darunter ein Rei\u00dfverschlussfach, zwei Schreibger\u00e4teschlaufen, vier Visitenkartenf\u00e4cher, ein Handy- oder Tabletaufsteller und mehrere Einsteckf\u00e4cher. Das Multifunktionsfach sorgt f\u00fcr zus\u00e4tzlichen Stauraum. Mit einem sicheren Magnetverschluss bleibt der Planer immer gut verschlossen. Der <strong data-start=\"1227\" data-end=\"1252\">Systemplaner \u201eLOMBOK\u201c<\/strong> ist die ideale Wahl f\u00fcr alle, die Wert auf eine gut organisierte, umweltfreundliche L\u00f6sung legen.<\/p>\n","protected":false},"excerpt":{"rendered":"<ul>\n<li>Aus recyceltem PET<\/li>\n<li>6-sprachiger Wochenkalender<\/li>\n<li>F\u00e4cher f\u00fcr Karten, Stifte &#038; Ger\u00e4te<\/li>\n<li>Magnetverschluss, Aufstellerfunktion<\/li>\n<\/ul>\n","protected":false},"featured_media":28309,"template":"","meta":{"inline_featured_image":false},"product_brand":[],"product_cat":[2466],"product_tag":[],"class_list":{"0":"post-27946","1":"product","2":"type-product","3":"status-publish","4":"has-post-thumbnail","6":"product_cat-stop","8":"first","9":"instock","10":"shipping-taxable","11":"product-type-simple"},"_links":{"self":[{"href":"https:\/\/www.juescha.de\/de_de\/wp-json\/wp\/v2\/product\/27946","targetHints":{"allow":["GET"]}}],"collection":[{"href":"https:\/\/www.juescha.de\/de_de\/wp-json\/wp\/v2\/product"}],"about":[{"href":"https:\/\/www.juescha.de\/de_de\/wp-json\/wp\/v2\/types\/product"}],"version-history":[{"count":0,"href":"https:\/\/www.juescha.de\/de_de\/wp-json\/wp\/v2\/product\/27946\/revisions"}],"wp:featuredmedia":[{"embeddable":true,"href":"https:\/\/www.juescha.de\/de_de\/wp-json\/wp\/v2\/media\/28309"}],"wp:attachment":[{"href":"https:\/\/www.juescha.de\/de_de\/wp-json\/wp\/v2\/media?parent=27946"}],"wp:term":[{"taxonomy":"product_brand","embeddable":true,"href":"https:\/\/www.juescha.de\/de_de\/wp-json\/wp\/v2\/product_brand?post=27946"},{"taxonomy":"product_cat","embeddable":true,"href":"https:\/\/www.juescha.de\/de_de\/wp-json\/wp\/v2\/product_cat?post=27946"},{"taxonomy":"product_tag","embeddable":true,"href":"https:\/\/www.juescha.de\/de_de\/wp-json\/wp\/v2\/product_tag?post=27946"}],"curies":[{"name":"wp","href":"https:\/\/api.w.org\/{rel}","templated":true}]}}