{"id":27945,"date":"2025-04-28T20:07:58","date_gmt":"2025-04-28T18:07:58","guid":{"rendered":"https:\/\/www.juescha.de\/shop\/unkategorisiert\/clicksafe-boerse-slim-mit-airtag-fach-2\/"},"modified":"2026-01-21T08:48:27","modified_gmt":"2026-01-21T07:48:27","slug":"clicksafe-boerse-slim-mit-airtag-fach-2","status":"publish","type":"product","link":"https:\/\/www.juescha.de\/de_de\/shop\/clicksafe\/clicksafe-boerse-slim-mit-airtag-fach-2\/","title":{"rendered":"Clicksafe B\u00f6rse SLIM mit AirTag-Fach"},"content":{"rendered":"<p class=\"p1\">B\u00f6rse mit Aluminium Tresor f\u00fcr bis zu sechs Karten, Click-Mechanismus, RFID Safe, AirTag-Fach, Scheinfach, zus\u00e4tzliches Kredit- oder Visitenkartenfach<\/p>\n","protected":false},"excerpt":{"rendered":"<ul>\n<li>B\u00f6rse mit Aluminium Tresor f\u00fcr bis zu sechs Karten<\/li>\n<li>Click-Mechanismus<\/li>\n<li>RFID Safe<\/li>\n<li>AirTag-Fach<\/li>\n<\/ul>\n","protected":false},"featured_media":28033,"template":"","meta":{"inline_featured_image":false},"product_brand":[],"product_cat":[1652],"product_tag":[],"class_list":{"0":"post-27945","1":"product","2":"type-product","3":"status-publish","4":"has-post-thumbnail","6":"product_cat-clicksafe","8":"first","9":"instock","10":"product-type-simple"},"_links":{"self":[{"href":"https:\/\/www.juescha.de\/de_de\/wp-json\/wp\/v2\/product\/27945","targetHints":{"allow":["GET"]}}],"collection":[{"href":"https:\/\/www.juescha.de\/de_de\/wp-json\/wp\/v2\/product"}],"about":[{"href":"https:\/\/www.juescha.de\/de_de\/wp-json\/wp\/v2\/types\/product"}],"version-history":[{"count":0,"href":"https:\/\/www.juescha.de\/de_de\/wp-json\/wp\/v2\/product\/27945\/revisions"}],"wp:featuredmedia":[{"embeddable":true,"href":"https:\/\/www.juescha.de\/de_de\/wp-json\/wp\/v2\/media\/28033"}],"wp:attachment":[{"href":"https:\/\/www.juescha.de\/de_de\/wp-json\/wp\/v2\/media?parent=27945"}],"wp:term":[{"taxonomy":"product_brand","embeddable":true,"href":"https:\/\/www.juescha.de\/de_de\/wp-json\/wp\/v2\/product_brand?post=27945"},{"taxonomy":"product_cat","embeddable":true,"href":"https:\/\/www.juescha.de\/de_de\/wp-json\/wp\/v2\/product_cat?post=27945"},{"taxonomy":"product_tag","embeddable":true,"href":"https:\/\/www.juescha.de\/de_de\/wp-json\/wp\/v2\/product_tag?post=27945"}],"curies":[{"name":"wp","href":"https:\/\/api.w.org\/{rel}","templated":true}]}}