{"id":27942,"date":"2025-04-28T20:07:58","date_gmt":"2025-04-28T18:07:58","guid":{"rendered":"https:\/\/www.juescha.de\/shop\/unkategorisiert\/clicksafe-boerse-slim-mit-reissverschlussmuenzfach\/"},"modified":"2026-01-21T08:48:27","modified_gmt":"2026-01-21T07:48:27","slug":"clicksafe-boerse-slim-mit-reissverschlussmuenzfach","status":"publish","type":"product","link":"https:\/\/www.juescha.de\/de_de\/shop\/clicksafe\/clicksafe-boerse-slim-mit-reissverschlussmuenzfach\/","title":{"rendered":"Clicksafe B\u00f6rse SLIM mit Rei\u00dfverschlussm\u00fcnzfach"},"content":{"rendered":"<p class=\"p1\">B\u00f6rse mit Aluminium Tresor f\u00fcr bis zu sechs Karten, Click-Mechanismus, RFID Safe, RV-M\u00fcnzfach, Scheinfach, zus\u00e4tzliches Kredit- oder Visitenkartenfach<\/p>\n","protected":false},"excerpt":{"rendered":"<ul>\n<li>B\u00f6rse mit Aluminium Tresor f\u00fcr bis zu sechs Karten<\/li>\n<li>Click-Mechanismus<\/li>\n<li>RFID Safe<\/li>\n<li>RV-M\u00fcnzfach<\/li>\n<\/ul>\n","protected":false},"featured_media":28026,"template":"","meta":{"inline_featured_image":false},"product_brand":[],"product_cat":[1652],"product_tag":[],"class_list":{"0":"post-27942","1":"product","2":"type-product","3":"status-publish","4":"has-post-thumbnail","6":"product_cat-clicksafe","8":"first","9":"instock","10":"product-type-simple"},"_links":{"self":[{"href":"https:\/\/www.juescha.de\/de_de\/wp-json\/wp\/v2\/product\/27942","targetHints":{"allow":["GET"]}}],"collection":[{"href":"https:\/\/www.juescha.de\/de_de\/wp-json\/wp\/v2\/product"}],"about":[{"href":"https:\/\/www.juescha.de\/de_de\/wp-json\/wp\/v2\/types\/product"}],"version-history":[{"count":0,"href":"https:\/\/www.juescha.de\/de_de\/wp-json\/wp\/v2\/product\/27942\/revisions"}],"wp:featuredmedia":[{"embeddable":true,"href":"https:\/\/www.juescha.de\/de_de\/wp-json\/wp\/v2\/media\/28026"}],"wp:attachment":[{"href":"https:\/\/www.juescha.de\/de_de\/wp-json\/wp\/v2\/media?parent=27942"}],"wp:term":[{"taxonomy":"product_brand","embeddable":true,"href":"https:\/\/www.juescha.de\/de_de\/wp-json\/wp\/v2\/product_brand?post=27942"},{"taxonomy":"product_cat","embeddable":true,"href":"https:\/\/www.juescha.de\/de_de\/wp-json\/wp\/v2\/product_cat?post=27942"},{"taxonomy":"product_tag","embeddable":true,"href":"https:\/\/www.juescha.de\/de_de\/wp-json\/wp\/v2\/product_tag?post=27942"}],"curies":[{"name":"wp","href":"https:\/\/api.w.org\/{rel}","templated":true}]}}