{"id":27934,"date":"2025-04-28T19:54:53","date_gmt":"2025-04-28T17:54:53","guid":{"rendered":"https:\/\/www.juescha.de\/shop\/unkategorisiert\/ersatzeinlage-13\/"},"modified":"2026-01-21T08:48:24","modified_gmt":"2026-01-21T07:48:24","slug":"ersatzeinlage-13","status":"publish","type":"product","link":"https:\/\/www.juescha.de\/de_de\/shop\/bind\/ersatzeinlage-13\/","title":{"rendered":"Ersatzeinlage"},"content":{"rendered":"<p>A7 Adressen = 50 Blatt<br \/>\nDie Kalendereinlage &#8220;50 Blatt Adressen&#8221; von Bind ist eine praktische Erg\u00e4nzung f\u00fcr Ihren Kalender. Mit dieser Einlage k\u00f6nnen Sie wichtige Adressen und Kontaktdaten \u00fcbersichtlich und geordnet verwalten. Die hochwertige Verarbeitung und das langlebige Material gew\u00e4hrleisten eine langfristige Nutzung. Jedes Blatt bietet ausreichend Platz, um Name, Adresse, Telefonnummer und andere relevante Informationen einzutragen. Dank der \u00fcbersichtlichen Gestaltung k\u00f6nnen Sie Ihre Adressen schnell und einfach finden. Sie ist eine praktische L\u00f6sung f\u00fcr diejenigen, die ihre Kontakte stets griffbereit haben m\u00f6chten und gleichzeitig ihren Kalender organisiert halten wollen.<\/p>\n","protected":false},"excerpt":{"rendered":"<ul>\n<li>50 A7-Bl\u00e4tter zur Adressverwaltung<\/li>\n<li>Platz f\u00fcr Name, Telefonnummer &#038; Adresse<\/li>\n<li>\u00dcbersichtlich und leicht auffindbar<\/li>\n<li>Perfekte Erg\u00e4nzung f\u00fcr jeden Kalender<\/li>\n<\/ul>\n","protected":false},"featured_media":11304,"template":"","meta":{"inline_featured_image":false},"product_brand":[],"product_cat":[1656],"product_tag":[],"class_list":{"0":"post-27934","1":"product","2":"type-product","3":"status-publish","4":"has-post-thumbnail","6":"product_cat-bind","8":"first","9":"instock","10":"shipping-taxable","11":"purchasable","12":"product-type-simple"},"_links":{"self":[{"href":"https:\/\/www.juescha.de\/de_de\/wp-json\/wp\/v2\/product\/27934","targetHints":{"allow":["GET"]}}],"collection":[{"href":"https:\/\/www.juescha.de\/de_de\/wp-json\/wp\/v2\/product"}],"about":[{"href":"https:\/\/www.juescha.de\/de_de\/wp-json\/wp\/v2\/types\/product"}],"version-history":[{"count":0,"href":"https:\/\/www.juescha.de\/de_de\/wp-json\/wp\/v2\/product\/27934\/revisions"}],"wp:featuredmedia":[{"embeddable":true,"href":"https:\/\/www.juescha.de\/de_de\/wp-json\/wp\/v2\/media\/11304"}],"wp:attachment":[{"href":"https:\/\/www.juescha.de\/de_de\/wp-json\/wp\/v2\/media?parent=27934"}],"wp:term":[{"taxonomy":"product_brand","embeddable":true,"href":"https:\/\/www.juescha.de\/de_de\/wp-json\/wp\/v2\/product_brand?post=27934"},{"taxonomy":"product_cat","embeddable":true,"href":"https:\/\/www.juescha.de\/de_de\/wp-json\/wp\/v2\/product_cat?post=27934"},{"taxonomy":"product_tag","embeddable":true,"href":"https:\/\/www.juescha.de\/de_de\/wp-json\/wp\/v2\/product_tag?post=27934"}],"curies":[{"name":"wp","href":"https:\/\/api.w.org\/{rel}","templated":true}]}}