{"id":27933,"date":"2025-04-28T19:54:53","date_gmt":"2025-04-28T17:54:53","guid":{"rendered":"https:\/\/www.juescha.de\/shop\/unkategorisiert\/ersatzeinlage-12\/"},"modified":"2026-01-21T08:48:24","modified_gmt":"2026-01-21T07:48:24","slug":"ersatzeinlage-12","status":"publish","type":"product","link":"https:\/\/www.juescha.de\/de_de\/shop\/bind\/ersatzeinlage-12\/","title":{"rendered":"Ersatzeinlage"},"content":{"rendered":"<p>A7 Heute = 50 Blatt<br \/>\nDie Kalendereinlage &#8220;Heute&#8221; von Bind ist eine praktische Erg\u00e4nzung f\u00fcr Ihren Kalender. Mit 50 Blatt bietet sie ausreichend Platz, um Ihre t\u00e4glichen Termine, Aufgaben und Notizen festzuhalten. Die hochwertigen Seiten sind \u00fcbersichtlich gestaltet und enthalten Datum, Wochentag und Platz f\u00fcr Ihre Eintragungen. Die Kalendereinlage ist speziell auf die Bed\u00fcrfnisse von vielbesch\u00e4ftigten Personen zugeschnitten, die einen strukturierten \u00dcberblick \u00fcber ihren Tag ben\u00f6tigen. Die Einlage von Bind zeichnet sich durch ihre hohe Qualit\u00e4t und Langlebigkeit aus. Das Papier ist dick genug, um mit verschiedenen Stiften beschrieben zu werden, ohne dass die Tinte durchscheint. Zudem ist es perforiert, sodass Sie Seiten leicht herausrei\u00dfen und mitnehmen k\u00f6nnen. Mit dieser praktischen Einlage behalten Sie stets den \u00dcberblick \u00fcber Ihre t\u00e4glichen Termine und Aufgaben.<\/p>\n","protected":false},"excerpt":{"rendered":"<ul>\n<li>50 A7-Bl\u00e4tter mit Tages\u00fcbersicht<\/li>\n<li>Platz f\u00fcr Termine, Aufgaben und Notizen<\/li>\n<li>Hochwertiges, tintenfestes Papier<\/li>\n<li>Ideal f\u00fcr strukturierte Tagesplanung<\/li>\n<\/ul>\n","protected":false},"featured_media":11304,"template":"","meta":{"inline_featured_image":false},"product_brand":[],"product_cat":[1656],"product_tag":[],"class_list":{"0":"post-27933","1":"product","2":"type-product","3":"status-publish","4":"has-post-thumbnail","6":"product_cat-bind","8":"first","9":"instock","10":"shipping-taxable","11":"purchasable","12":"product-type-simple"},"_links":{"self":[{"href":"https:\/\/www.juescha.de\/de_de\/wp-json\/wp\/v2\/product\/27933","targetHints":{"allow":["GET"]}}],"collection":[{"href":"https:\/\/www.juescha.de\/de_de\/wp-json\/wp\/v2\/product"}],"about":[{"href":"https:\/\/www.juescha.de\/de_de\/wp-json\/wp\/v2\/types\/product"}],"version-history":[{"count":0,"href":"https:\/\/www.juescha.de\/de_de\/wp-json\/wp\/v2\/product\/27933\/revisions"}],"wp:featuredmedia":[{"embeddable":true,"href":"https:\/\/www.juescha.de\/de_de\/wp-json\/wp\/v2\/media\/11304"}],"wp:attachment":[{"href":"https:\/\/www.juescha.de\/de_de\/wp-json\/wp\/v2\/media?parent=27933"}],"wp:term":[{"taxonomy":"product_brand","embeddable":true,"href":"https:\/\/www.juescha.de\/de_de\/wp-json\/wp\/v2\/product_brand?post=27933"},{"taxonomy":"product_cat","embeddable":true,"href":"https:\/\/www.juescha.de\/de_de\/wp-json\/wp\/v2\/product_cat?post=27933"},{"taxonomy":"product_tag","embeddable":true,"href":"https:\/\/www.juescha.de\/de_de\/wp-json\/wp\/v2\/product_tag?post=27933"}],"curies":[{"name":"wp","href":"https:\/\/api.w.org\/{rel}","templated":true}]}}