{"id":27930,"date":"2025-04-28T19:54:52","date_gmt":"2025-04-28T17:54:52","guid":{"rendered":"https:\/\/www.juescha.de\/shop\/unkategorisiert\/einlage-manager-2\/"},"modified":"2026-01-21T08:48:25","modified_gmt":"2026-01-21T07:48:25","slug":"einlage-manager-2","status":"publish","type":"product","link":"https:\/\/www.juescha.de\/de_de\/shop\/bind\/einlage-manager-2\/","title":{"rendered":"Einlage MANAGER"},"content":{"rendered":"<p>A7 Einlage MANAGER, komplett mit Kalender 1 Woche = 2 Seiten, 3-sprachig. Register: Jahresplan, Wochenplan, HEUTE, NOTIZEN, ADRESSEN. Systembl\u00e4tter: 15 Bl. Heute, 10 Bl. Notizen, 10 Bl. Adressen, A-Z Register, 1 Klarsichth\u00fclle<br \/>\nDie Kalendereinlage Manager komplett mit Kalender von Bind ist ein hochwertiges Planungswerkzeug, das speziell f\u00fcr anspruchsvolle Manager entwickelt wurde. Mit dieser Kalendereinlage behalten Sie stets den \u00dcberblick \u00fcber Ihre Termine, Aufgaben und Ziele und k\u00f6nnen Ihre Zeit effizienter verwalten. Der Manager-Kalender ist in der Standardgr\u00f6\u00dfe DIN A6 erh\u00e4ltlich und passt somit perfekt in handels\u00fcbliche Terminplaner und Organizer. Die hochwertigen Materialien gew\u00e4hrleisten eine lange Haltbarkeit und eine angenehme Haptik. Das Design ist schlicht und elegant gehalten, sodass der Kalender sowohl im beruflichen als auch im privaten Umfeld professionell wirkt. Die Kalendereinlage besteht aus verschiedenen Abschnitten und Funktionen, die Ihnen dabei helfen, Ihre Termine und Aufgaben zu organisieren. Der \u00fcbersichtliche Jahres\u00fcberblick am Anfang des Kalenders erm\u00f6glicht es Ihnen, wichtige Ereignisse fr\u00fchzeitig zu planen und im Blick zu behalten. Mit den praktischen Wochen\u00fcbersichten behalten Sie den \u00dcberblick \u00fcber Ihre Termine und Aufgaben einer ganzen Woche auf einen Blick. Dar\u00fcber hinaus gibt es ausreichend Raum f\u00fcr Notizen, To-Do-Listen und wichtige Kontakte. Die hochwertige Papierqualit\u00e4t sorgt daf\u00fcr, dass Ihre Eintr\u00e4ge sauber und gut lesbar bleiben. Die Kalendereinlage Manager komplett mit Kalender von Bind ist ein unverzichtbares Werkzeug f\u00fcr Manager, die ihre Zeit effektiv nutzen m\u00f6chten. Mit dieser hochwertigen Kalendereinlage behalten Sie stets den \u00dcberblick \u00fcber Ihre Termine, steigern Ihre Produktivit\u00e4t und erreichen Ihre Ziele. Investieren Sie in Ihre Planung und Organisation und erleben Sie die Vorteile einer strukturierten und effizienten Arbeitsweise.<\/p>\n","protected":false},"excerpt":{"rendered":"<ul>\n<li>A7 Kalendereinlage, 1 Woche auf 2 Seiten<\/li>\n<li>Register: Heute, Notizen, Adressen<\/li>\n<li>15 Blatt Heute, 10 Notizen, 10 Adressen<\/li>\n<li>Inkl. A\u2013Z Register &#038; Klarsichth\u00fclle<\/li>\n<\/ul>\n","protected":false},"featured_media":11304,"template":"","meta":{"inline_featured_image":false},"product_brand":[],"product_cat":[1656],"product_tag":[],"class_list":{"0":"post-27930","1":"product","2":"type-product","3":"status-publish","4":"has-post-thumbnail","6":"product_cat-bind","8":"first","9":"instock","10":"shipping-taxable","11":"purchasable","12":"product-type-simple"},"_links":{"self":[{"href":"https:\/\/www.juescha.de\/de_de\/wp-json\/wp\/v2\/product\/27930","targetHints":{"allow":["GET"]}}],"collection":[{"href":"https:\/\/www.juescha.de\/de_de\/wp-json\/wp\/v2\/product"}],"about":[{"href":"https:\/\/www.juescha.de\/de_de\/wp-json\/wp\/v2\/types\/product"}],"version-history":[{"count":0,"href":"https:\/\/www.juescha.de\/de_de\/wp-json\/wp\/v2\/product\/27930\/revisions"}],"wp:featuredmedia":[{"embeddable":true,"href":"https:\/\/www.juescha.de\/de_de\/wp-json\/wp\/v2\/media\/11304"}],"wp:attachment":[{"href":"https:\/\/www.juescha.de\/de_de\/wp-json\/wp\/v2\/media?parent=27930"}],"wp:term":[{"taxonomy":"product_brand","embeddable":true,"href":"https:\/\/www.juescha.de\/de_de\/wp-json\/wp\/v2\/product_brand?post=27930"},{"taxonomy":"product_cat","embeddable":true,"href":"https:\/\/www.juescha.de\/de_de\/wp-json\/wp\/v2\/product_cat?post=27930"},{"taxonomy":"product_tag","embeddable":true,"href":"https:\/\/www.juescha.de\/de_de\/wp-json\/wp\/v2\/product_tag?post=27930"}],"curies":[{"name":"wp","href":"https:\/\/api.w.org\/{rel}","templated":true}]}}