{"id":27923,"date":"2025-04-28T19:54:51","date_gmt":"2025-04-28T17:54:51","guid":{"rendered":"https:\/\/www.juescha.de\/shop\/unkategorisiert\/ergaenzungspaket\/"},"modified":"2026-01-21T08:48:24","modified_gmt":"2026-01-21T07:48:24","slug":"ergaenzungspaket","status":"publish","type":"product","link":"https:\/\/www.juescha.de\/de_de\/shop\/bind\/ergaenzungspaket\/","title":{"rendered":"Erg\u00e4nzungspaket"},"content":{"rendered":"<h1>Erg\u00e4nzungspaket<\/h1>\n<p>Erg\u00e4nzungspaket bestehend aus 150 Blatt Heute, 75 Blatt Projekte, 25 Blatt Monatsplan, 10 Blatt Bank\/Kasse<br \/>\nDas Erg\u00e4nzungspaket von Bind ist die ideale Erweiterung f\u00fcr deinen Kalender und bietet dir eine Vielzahl von praktischen Funktionen und Extras, um deine Termine \u00fcbersichtlich zu gestalten. Das Erg\u00e4nzungspaket umfasst eine Vielzahl von Extras wie zum Beispiel 150 Blatt Heute, 75 Blatt Projekte sowie 15 Blatt Adressen und vieles mehr. Das Papier aus robust gefertigt und bietet eine langlebige und zuverl\u00e4ssige L\u00f6sung f\u00fcr deine t\u00e4glichen Anforderungen. Steigere deine Produktivit\u00e4t und erlebe ein neues Ma\u00df an Effizienz mit dem Erg\u00e4nzungspaket von Bind.<\/p>\n","protected":false},"excerpt":{"rendered":"<ul>\n<li>150 Blatt &#8220;Heute&#8221; f\u00fcr Tagesplanung<\/li>\n<li>75 Blatt f\u00fcr Projekt\u00fcbersicht<\/li>\n<li>25 Blatt Monatsplan<\/li>\n<li>10 Blatt Bank\/Kasse f\u00fcr Finanz\u00fcbersicht<\/li>\n<\/ul>\n","protected":false},"featured_media":11304,"template":"","meta":{"inline_featured_image":false},"product_brand":[],"product_cat":[1656],"product_tag":[],"class_list":{"0":"post-27923","1":"product","2":"type-product","3":"status-publish","4":"has-post-thumbnail","6":"product_cat-bind","8":"first","9":"instock","10":"shipping-taxable","11":"purchasable","12":"product-type-simple"},"_links":{"self":[{"href":"https:\/\/www.juescha.de\/de_de\/wp-json\/wp\/v2\/product\/27923","targetHints":{"allow":["GET"]}}],"collection":[{"href":"https:\/\/www.juescha.de\/de_de\/wp-json\/wp\/v2\/product"}],"about":[{"href":"https:\/\/www.juescha.de\/de_de\/wp-json\/wp\/v2\/types\/product"}],"version-history":[{"count":0,"href":"https:\/\/www.juescha.de\/de_de\/wp-json\/wp\/v2\/product\/27923\/revisions"}],"wp:featuredmedia":[{"embeddable":true,"href":"https:\/\/www.juescha.de\/de_de\/wp-json\/wp\/v2\/media\/11304"}],"wp:attachment":[{"href":"https:\/\/www.juescha.de\/de_de\/wp-json\/wp\/v2\/media?parent=27923"}],"wp:term":[{"taxonomy":"product_brand","embeddable":true,"href":"https:\/\/www.juescha.de\/de_de\/wp-json\/wp\/v2\/product_brand?post=27923"},{"taxonomy":"product_cat","embeddable":true,"href":"https:\/\/www.juescha.de\/de_de\/wp-json\/wp\/v2\/product_cat?post=27923"},{"taxonomy":"product_tag","embeddable":true,"href":"https:\/\/www.juescha.de\/de_de\/wp-json\/wp\/v2\/product_tag?post=27923"}],"curies":[{"name":"wp","href":"https:\/\/api.w.org\/{rel}","templated":true}]}}