{"id":27916,"date":"2025-04-28T19:54:49","date_gmt":"2025-04-28T17:54:49","guid":{"rendered":"https:\/\/www.juescha.de\/shop\/unkategorisiert\/ersatzeinlage-4\/"},"modified":"2026-01-21T08:48:25","modified_gmt":"2026-01-21T07:48:25","slug":"ersatzeinlage-4","status":"publish","type":"product","link":"https:\/\/www.juescha.de\/de_de\/shop\/bind\/ersatzeinlage-4\/","title":{"rendered":"Ersatzeinlage"},"content":{"rendered":"<h1>Ersatzeinlage<\/h1>\n<p>A5 Kariert = 50 Blatt<br \/>\nDie Kalendereinlage 50 Blatt Kariert von Bind ist ein hochwertiges Papierprodukt, das speziell f\u00fcr den Einsatz in Kalendern konzipiert wurde. Mit einer Gr\u00f6\u00dfe von149 x 210 mm passt es in die meisten handels\u00fcblichen A5-Kalender. Die Bl\u00e4tter sind mit einem Karomuster von 5 x 5 mm bedruckt, das eine klare und \u00fcbersichtliche Darstellung erm\u00f6glicht. Die Linien sind in einem kr\u00e4ftigen, aber dennoch dezenten Grauton gehalten, der sich gut von dem wei\u00dfen Papier abhebt. Die Kalendereinlage 50 Blatt Kariert von Bind wird in einem praktischen Block geliefert, der einfach in den Kalender eingesetzt werden kann. Jedes Blatt ist perforiert, so dass es leicht herausgetrennt werden kann, wenn es nicht mehr ben\u00f6tigt wird. Die Einlage ist ideal f\u00fcr die Planung von Terminen, Notizen und To-Do-Listen geeignet und eignet sich f\u00fcr den Einsatz in der Schule, im B\u00fcro oder zu Hause.<\/p>\n","protected":false},"excerpt":{"rendered":"<ul>\n<li>50 A5-Bl\u00e4tter kariert (5 x 5 mm)<\/li>\n<li>Passend f\u00fcr alle A5-Ringbuchsysteme<\/li>\n<li>Perforiert zum einfachen Heraustrennen<\/li>\n<li>Ideal f\u00fcr Notizen, To-do-Listen und Skizzen<\/li>\n<\/ul>\n","protected":false},"featured_media":11304,"template":"","meta":{"inline_featured_image":false},"product_brand":[],"product_cat":[1656],"product_tag":[],"class_list":{"0":"post-27916","1":"product","2":"type-product","3":"status-publish","4":"has-post-thumbnail","6":"product_cat-bind","8":"first","9":"instock","10":"shipping-taxable","11":"purchasable","12":"product-type-simple"},"_links":{"self":[{"href":"https:\/\/www.juescha.de\/de_de\/wp-json\/wp\/v2\/product\/27916","targetHints":{"allow":["GET"]}}],"collection":[{"href":"https:\/\/www.juescha.de\/de_de\/wp-json\/wp\/v2\/product"}],"about":[{"href":"https:\/\/www.juescha.de\/de_de\/wp-json\/wp\/v2\/types\/product"}],"version-history":[{"count":0,"href":"https:\/\/www.juescha.de\/de_de\/wp-json\/wp\/v2\/product\/27916\/revisions"}],"wp:featuredmedia":[{"embeddable":true,"href":"https:\/\/www.juescha.de\/de_de\/wp-json\/wp\/v2\/media\/11304"}],"wp:attachment":[{"href":"https:\/\/www.juescha.de\/de_de\/wp-json\/wp\/v2\/media?parent=27916"}],"wp:term":[{"taxonomy":"product_brand","embeddable":true,"href":"https:\/\/www.juescha.de\/de_de\/wp-json\/wp\/v2\/product_brand?post=27916"},{"taxonomy":"product_cat","embeddable":true,"href":"https:\/\/www.juescha.de\/de_de\/wp-json\/wp\/v2\/product_cat?post=27916"},{"taxonomy":"product_tag","embeddable":true,"href":"https:\/\/www.juescha.de\/de_de\/wp-json\/wp\/v2\/product_tag?post=27916"}],"curies":[{"name":"wp","href":"https:\/\/api.w.org\/{rel}","templated":true}]}}