{"id":27915,"date":"2025-04-28T19:54:49","date_gmt":"2025-04-28T17:54:49","guid":{"rendered":"https:\/\/www.juescha.de\/shop\/unkategorisiert\/ersatzeinlage-3\/"},"modified":"2026-01-21T08:48:27","modified_gmt":"2026-01-21T07:48:27","slug":"ersatzeinlage-3","status":"publish","type":"product","link":"https:\/\/www.juescha.de\/de_de\/shop\/bind\/ersatzeinlage-3\/","title":{"rendered":"Ersatzeinlage"},"content":{"rendered":"<h1>Ersatzeinlage<\/h1>\n<p>A5 Finanzen = 50 Blatt<br \/>\nDie Kalendereinlage mit 50 Blatt Finanzen von Bind ist ein hochwertiges Produkt, das Ihnen hilft, Ihre Finanzen im Blick zu behalten. Die Einlage ist kompatibel mit den meisten g\u00e4ngigen Planern und ist damit ideal f\u00fcr den Einsatz im B\u00fcro oder zu Hause. Die Kalendereinlage enth\u00e4lt 50 Blatt hochwertiges Papier, das eine glatte, langlebige Oberfl\u00e4che bietet. Jedes Blatt ist mit einer Linierung versehen, die es Ihnen erm\u00f6glicht, Ihre Einnahmen und Ausgaben \u00fcbersichtlich aufzulisten. Zus\u00e4tzlich sind die Bl\u00e4tter perforiert, damit Sie sie einfach aus dem Kalender herausnehmen und abheften k\u00f6nnen. Durch die klare Strukturierung behalten Sie stets den \u00dcberblick \u00fcber Ihre Finanzen. Wenn Sie also auf der Suche nach einer hochwertigen Kalendereinlage sind, die Ihnen hilft, Ihre Finanzen im Griff zu behalten, dann ist die Kalendereinlage mit 50 Blatt Finanzen von Bind eine ausgezeichnete Wahl.<\/p>\n","protected":false},"excerpt":{"rendered":"<ul>\n<li>50 A5-Bl\u00e4tter f\u00fcr Finanz\u00fcbersicht<\/li>\n<li>Vordruck f\u00fcr Einnahmen und Ausgaben<\/li>\n<li>Kompatibel mit A5-Ringbuchsystemen<\/li>\n<li>Hochwertiges, beschreibbares Papier<\/li>\n<\/ul>\n","protected":false},"featured_media":11304,"template":"","meta":{"inline_featured_image":false},"product_brand":[],"product_cat":[1656],"product_tag":[],"class_list":{"0":"post-27915","1":"product","2":"type-product","3":"status-publish","4":"has-post-thumbnail","6":"product_cat-bind","8":"first","9":"instock","10":"shipping-taxable","11":"purchasable","12":"product-type-simple"},"_links":{"self":[{"href":"https:\/\/www.juescha.de\/de_de\/wp-json\/wp\/v2\/product\/27915","targetHints":{"allow":["GET"]}}],"collection":[{"href":"https:\/\/www.juescha.de\/de_de\/wp-json\/wp\/v2\/product"}],"about":[{"href":"https:\/\/www.juescha.de\/de_de\/wp-json\/wp\/v2\/types\/product"}],"version-history":[{"count":0,"href":"https:\/\/www.juescha.de\/de_de\/wp-json\/wp\/v2\/product\/27915\/revisions"}],"wp:featuredmedia":[{"embeddable":true,"href":"https:\/\/www.juescha.de\/de_de\/wp-json\/wp\/v2\/media\/11304"}],"wp:attachment":[{"href":"https:\/\/www.juescha.de\/de_de\/wp-json\/wp\/v2\/media?parent=27915"}],"wp:term":[{"taxonomy":"product_brand","embeddable":true,"href":"https:\/\/www.juescha.de\/de_de\/wp-json\/wp\/v2\/product_brand?post=27915"},{"taxonomy":"product_cat","embeddable":true,"href":"https:\/\/www.juescha.de\/de_de\/wp-json\/wp\/v2\/product_cat?post=27915"},{"taxonomy":"product_tag","embeddable":true,"href":"https:\/\/www.juescha.de\/de_de\/wp-json\/wp\/v2\/product_tag?post=27915"}],"curies":[{"name":"wp","href":"https:\/\/api.w.org\/{rel}","templated":true}]}}