{"id":27914,"date":"2025-04-28T19:54:49","date_gmt":"2025-04-28T17:54:49","guid":{"rendered":"https:\/\/www.juescha.de\/shop\/unkategorisiert\/ersatzeinlage-2\/"},"modified":"2026-01-21T08:48:27","modified_gmt":"2026-01-21T07:48:27","slug":"ersatzeinlage-2","status":"publish","type":"product","link":"https:\/\/www.juescha.de\/de_de\/shop\/bind\/ersatzeinlage-2\/","title":{"rendered":"Ersatzeinlage"},"content":{"rendered":"<h1>Ersatzeinlage<\/h1>\n<p>A5 Notizen = 50 Blatt<br \/>\nDie Kalendereinlage 50 Blatt Notizen von Bind ist ein praktisches und n\u00fctzliches Zubeh\u00f6r f\u00fcr Ihren Kalender. Mit dieser Einlage k\u00f6nnen Sie Ihre Termine und Aufgaben planen und gleichzeitig Notizen machen. Die Einlage besteht aus 50 Blatt hochwertigem Papier und ist kompatibel mit den meisten g\u00e4ngigen Kalendersystemen. Jedes Blatt ist perforiert und l\u00e4sst sich leicht herausnehmen, so dass Sie Ihre Notizen \u00fcberall hin mitnehmen k\u00f6nnen. Das Papier ist wei\u00df und hat eine glatte Oberfl\u00e4che, so dass Sie mit verschiedenen Stiften und Tinten schreiben k\u00f6nnen. Es ist auch liniert, so dass Ihre Notizen ordentlich und gut lesbar sind. Die Kalendereinlage 50 Blatt Notizen ist ideal f\u00fcr Sch\u00fcler, Studenten, Berufst\u00e4tige und alle, die ihren Kalender zur Organisation ihres Alltags nutzen. Sie k\u00f6nnen Termine planen, wichtige Aufgaben notieren und gleichzeitig spontane Gedanken oder Ideen festhalten..<\/p>\n","protected":false},"excerpt":{"rendered":"<ul>\n<li>50 linierte Notizbl\u00e4tter im A5-Format<\/li>\n<li>Hochwertiges Papier f\u00fcr sauberes Schreiben<\/li>\n<li>Kompatibel mit g\u00e4ngigen A5-Ringkalendern<\/li>\n<li>Ideal f\u00fcr Notizen, Ideen und Aufgaben<\/li>\n<\/ul>\n","protected":false},"featured_media":11304,"template":"","meta":{"inline_featured_image":false},"product_brand":[],"product_cat":[1656],"product_tag":[],"class_list":{"0":"post-27914","1":"product","2":"type-product","3":"status-publish","4":"has-post-thumbnail","6":"product_cat-bind","8":"first","9":"instock","10":"shipping-taxable","11":"purchasable","12":"product-type-simple"},"_links":{"self":[{"href":"https:\/\/www.juescha.de\/de_de\/wp-json\/wp\/v2\/product\/27914","targetHints":{"allow":["GET"]}}],"collection":[{"href":"https:\/\/www.juescha.de\/de_de\/wp-json\/wp\/v2\/product"}],"about":[{"href":"https:\/\/www.juescha.de\/de_de\/wp-json\/wp\/v2\/types\/product"}],"version-history":[{"count":0,"href":"https:\/\/www.juescha.de\/de_de\/wp-json\/wp\/v2\/product\/27914\/revisions"}],"wp:featuredmedia":[{"embeddable":true,"href":"https:\/\/www.juescha.de\/de_de\/wp-json\/wp\/v2\/media\/11304"}],"wp:attachment":[{"href":"https:\/\/www.juescha.de\/de_de\/wp-json\/wp\/v2\/media?parent=27914"}],"wp:term":[{"taxonomy":"product_brand","embeddable":true,"href":"https:\/\/www.juescha.de\/de_de\/wp-json\/wp\/v2\/product_brand?post=27914"},{"taxonomy":"product_cat","embeddable":true,"href":"https:\/\/www.juescha.de\/de_de\/wp-json\/wp\/v2\/product_cat?post=27914"},{"taxonomy":"product_tag","embeddable":true,"href":"https:\/\/www.juescha.de\/de_de\/wp-json\/wp\/v2\/product_tag?post=27914"}],"curies":[{"name":"wp","href":"https:\/\/api.w.org\/{rel}","templated":true}]}}