{"id":27909,"date":"2025-04-28T19:54:48","date_gmt":"2025-04-28T17:54:48","guid":{"rendered":"https:\/\/www.juescha.de\/shop\/unkategorisiert\/kalendereinlage-2\/"},"modified":"2026-01-21T08:48:27","modified_gmt":"2026-01-21T07:48:27","slug":"kalendereinlage-2","status":"publish","type":"product","link":"https:\/\/www.juescha.de\/de_de\/shop\/bind\/kalendereinlage-2\/","title":{"rendered":"Kalendereinlage"},"content":{"rendered":"<h1>Kalendereinlage<\/h1>\n<p>A5 Kalender 1 Woche = 2 Seiten 6-sprachig<br \/>\nDer Kalender Eine Woche auf zwei Seiten von Bind ist ein hochwertiger Wochenplaner, der f\u00fcr eine effektive und \u00fcbersichtliche Organisation des Alltags konzipiert wurde. Der Kalender hat eine Blattgr\u00f6\u00dfe von 149 x 210 mm und ist damit handlich und leicht zu transportieren. Zudem ist der Kalender in 6 Sprachen verfasst. Der Kalender bietet Platz f\u00fcr insgesamt 52 Wochen, was einem Jahr entspricht. Jede Woche ist auf zwei Seiten abgebildet und beginnt mit einem Montag und endet mit einem Sonntag.<\/p>\n","protected":false},"excerpt":{"rendered":"<ul>\n<li>A5 Kalendereinlage \u2013 1 Woche auf 2 Seiten<\/li>\n<li>Format: 149 \u00d7 210 mm<\/li>\n<li>52 Wochen \u2013 Montag bis Sonntag<\/li>\n<li>6-sprachig: D\/E\/F\/S\/I\/NL<\/li>\n<\/ul>\n","protected":false},"featured_media":30201,"template":"","meta":{"inline_featured_image":false},"product_brand":[],"product_cat":[1656],"product_tag":[],"class_list":{"0":"post-27909","1":"product","2":"type-product","3":"status-publish","4":"has-post-thumbnail","6":"product_cat-bind","8":"first","9":"instock","10":"shipping-taxable","11":"purchasable","12":"product-type-simple"},"_links":{"self":[{"href":"https:\/\/www.juescha.de\/de_de\/wp-json\/wp\/v2\/product\/27909","targetHints":{"allow":["GET"]}}],"collection":[{"href":"https:\/\/www.juescha.de\/de_de\/wp-json\/wp\/v2\/product"}],"about":[{"href":"https:\/\/www.juescha.de\/de_de\/wp-json\/wp\/v2\/types\/product"}],"version-history":[{"count":1,"href":"https:\/\/www.juescha.de\/de_de\/wp-json\/wp\/v2\/product\/27909\/revisions"}],"predecessor-version":[{"id":30202,"href":"https:\/\/www.juescha.de\/de_de\/wp-json\/wp\/v2\/product\/27909\/revisions\/30202"}],"wp:featuredmedia":[{"embeddable":true,"href":"https:\/\/www.juescha.de\/de_de\/wp-json\/wp\/v2\/media\/30201"}],"wp:attachment":[{"href":"https:\/\/www.juescha.de\/de_de\/wp-json\/wp\/v2\/media?parent=27909"}],"wp:term":[{"taxonomy":"product_brand","embeddable":true,"href":"https:\/\/www.juescha.de\/de_de\/wp-json\/wp\/v2\/product_brand?post=27909"},{"taxonomy":"product_cat","embeddable":true,"href":"https:\/\/www.juescha.de\/de_de\/wp-json\/wp\/v2\/product_cat?post=27909"},{"taxonomy":"product_tag","embeddable":true,"href":"https:\/\/www.juescha.de\/de_de\/wp-json\/wp\/v2\/product_tag?post=27909"}],"curies":[{"name":"wp","href":"https:\/\/api.w.org\/{rel}","templated":true}]}}