{"id":27903,"date":"2025-04-28T19:54:46","date_gmt":"2025-04-28T17:54:46","guid":{"rendered":"https:\/\/www.juescha.de\/shop\/unkategorisiert\/elektrischer-radierer-2\/"},"modified":"2026-01-21T08:48:31","modified_gmt":"2026-01-21T07:48:31","slug":"elektrischer-radierer-2","status":"publish","type":"product","link":"https:\/\/www.juescha.de\/de_de\/shop\/bind\/elektrischer-radierer-2\/","title":{"rendered":"Elektrischer Radierer"},"content":{"rendered":"<h1>Elektrischer Radierer <\/h1>\n<p>Batteriebetrieben (2x AAA nicht im Lieferumfang erhalten), inkl. 10 Ersatzminen.<br \/>\nDer elektrische Radierer in rosa von Bind ist ein innovatives Werkzeug, das sowohl f\u00fcr professionelle als auch f\u00fcr pers\u00f6nliche Zwecke geeignet ist. Der Radierer ist leicht, handlich und einfach zu bedienen, was ihn zu einem unverzichtbaren Werkzeug f\u00fcr K\u00fcnstler, Sch\u00fcler und B\u00fcroangestellte macht. Mit seiner leistungsstarken und pr\u00e4zisen Bewegung kann der elektrische Radierer von Bind selbst die kleinsten Details und Linien schnell und einfach entfernen.<br \/>\nDank seines leichten Gewichts und seiner kompakten Gr\u00f6\u00dfe kann der Radierer problemlos transportiert werden und ist somit ideal f\u00fcr unterwegs oder f\u00fcr den Einsatz im Klassenzimmer oder B\u00fcro geeignet. Der elektrische Radierer ist batteriebetrieben und verf\u00fcgt \u00fcber einen Ein- und Ausschalter, der eine einfache Bedienung erm\u00f6glicht. Die rosa Farbe des Radierers verleiht ihm ein ansprechendes Design und macht ihn zu einem modischen Accessoire, das sowohl praktisch als auch stilvoll ist.<\/p>\n","protected":false},"excerpt":{"rendered":"<ul>\n<li>Elektrischer Radierer in Rosa<\/li>\n<li>Batteriebetrieben (2x AAA, nicht enthalten)<\/li>\n<li>Inkl. 10 Ersatzminen<\/li>\n<li>Kompakt, leicht &#038; pr\u00e4zise<\/li>\n<\/ul>\n","protected":false},"featured_media":11287,"template":"","meta":{"inline_featured_image":false},"product_brand":[],"product_cat":[1656],"product_tag":[],"class_list":{"0":"post-27903","1":"product","2":"type-product","3":"status-publish","4":"has-post-thumbnail","6":"product_cat-bind","8":"first","9":"instock","10":"shipping-taxable","11":"purchasable","12":"product-type-simple"},"_links":{"self":[{"href":"https:\/\/www.juescha.de\/de_de\/wp-json\/wp\/v2\/product\/27903","targetHints":{"allow":["GET"]}}],"collection":[{"href":"https:\/\/www.juescha.de\/de_de\/wp-json\/wp\/v2\/product"}],"about":[{"href":"https:\/\/www.juescha.de\/de_de\/wp-json\/wp\/v2\/types\/product"}],"version-history":[{"count":0,"href":"https:\/\/www.juescha.de\/de_de\/wp-json\/wp\/v2\/product\/27903\/revisions"}],"wp:featuredmedia":[{"embeddable":true,"href":"https:\/\/www.juescha.de\/de_de\/wp-json\/wp\/v2\/media\/11287"}],"wp:attachment":[{"href":"https:\/\/www.juescha.de\/de_de\/wp-json\/wp\/v2\/media?parent=27903"}],"wp:term":[{"taxonomy":"product_brand","embeddable":true,"href":"https:\/\/www.juescha.de\/de_de\/wp-json\/wp\/v2\/product_brand?post=27903"},{"taxonomy":"product_cat","embeddable":true,"href":"https:\/\/www.juescha.de\/de_de\/wp-json\/wp\/v2\/product_cat?post=27903"},{"taxonomy":"product_tag","embeddable":true,"href":"https:\/\/www.juescha.de\/de_de\/wp-json\/wp\/v2\/product_tag?post=27903"}],"curies":[{"name":"wp","href":"https:\/\/api.w.org\/{rel}","templated":true}]}}