{"id":27899,"date":"2025-04-28T19:54:45","date_gmt":"2025-04-28T17:54:45","guid":{"rendered":"https:\/\/www.juescha.de\/shop\/unkategorisiert\/systemplaner-a6-5\/"},"modified":"2026-01-21T08:49:30","modified_gmt":"2026-01-21T07:49:30","slug":"systemplaner-a6-5","status":"publish","type":"product","link":"https:\/\/www.juescha.de\/de_de\/shop\/bind\/systemplaner-a6-5\/","title":{"rendered":"Systemplaner A6"},"content":{"rendered":"<h1>Systemplaner A6<\/h1>\n<p>Systemplaner, A6, ausgestattet mit: Kalender 1 Woche = 2 Seiten, 3-sprachig D\/E\/F, einer Schreibger\u00e4teschlaufe, vier Visitenkartenf\u00e4chern, einem Klarsichtfensterfach, umlaufendem Rei\u00dfverschluss.<br \/>\nDer Bind-Systemplaner A6 in schwarz ist ein hochwertiges Planungstool, das sich perfekt f\u00fcr den Einsatz im B\u00fcro oder zu Hause eignet. Der Planer ist in seiner Verarbeitung und Funktionalit\u00e4t von h\u00f6chster Qualit\u00e4t. Er hat eine Gr\u00f6\u00dfe von A6 und ist somit handlich und leicht zu transportieren und ist aus robustem Material gefertigt sowie in schwarz gehalten, was ihm ein elegantes Aussehen verleiht. Das Bind-System des Planers erm\u00f6glicht eine einfache Handhabung von Einlagen, die einfach und schnell ausgetauscht werden k\u00f6nnen. Dadurch kann der Planer individuell an die Bed\u00fcrfnisse des Nutzers angepasst werden.<br \/>\nAu\u00dferdem bietet er Platz f\u00fcr Visitenkarten, Kreditkarten und andere wichtige Dokumente. Er ist ein perfektes Geschenk f\u00fcr Gesch\u00e4ftsleute, Studenten oder jeden, der eine organisierte und effiziente Lebensweise sch\u00e4tzt.<\/p>\n","protected":false},"excerpt":{"rendered":"<ul>\n<li>Kalender: 1 Woche = 2 Seiten, 3-sprachig (D\/E\/F)<\/li>\n<li>4 Visitenkartenf\u00e4cher + Klarsichtfensterfach<\/li>\n<li>Schreibger\u00e4teschlaufe<\/li>\n<li>Umlaufender Rei\u00dfverschluss<\/li>\n<\/ul>\n","protected":false},"featured_media":11278,"template":"","meta":{"inline_featured_image":false},"product_brand":[],"product_cat":[1656],"product_tag":[],"class_list":{"0":"post-27899","1":"product","2":"type-product","3":"status-publish","4":"has-post-thumbnail","6":"product_cat-bind","8":"first","9":"instock","10":"shipping-taxable","11":"purchasable","12":"product-type-simple"},"_links":{"self":[{"href":"https:\/\/www.juescha.de\/de_de\/wp-json\/wp\/v2\/product\/27899","targetHints":{"allow":["GET"]}}],"collection":[{"href":"https:\/\/www.juescha.de\/de_de\/wp-json\/wp\/v2\/product"}],"about":[{"href":"https:\/\/www.juescha.de\/de_de\/wp-json\/wp\/v2\/types\/product"}],"version-history":[{"count":2,"href":"https:\/\/www.juescha.de\/de_de\/wp-json\/wp\/v2\/product\/27899\/revisions"}],"predecessor-version":[{"id":30141,"href":"https:\/\/www.juescha.de\/de_de\/wp-json\/wp\/v2\/product\/27899\/revisions\/30141"}],"wp:featuredmedia":[{"embeddable":true,"href":"https:\/\/www.juescha.de\/de_de\/wp-json\/wp\/v2\/media\/11278"}],"wp:attachment":[{"href":"https:\/\/www.juescha.de\/de_de\/wp-json\/wp\/v2\/media?parent=27899"}],"wp:term":[{"taxonomy":"product_brand","embeddable":true,"href":"https:\/\/www.juescha.de\/de_de\/wp-json\/wp\/v2\/product_brand?post=27899"},{"taxonomy":"product_cat","embeddable":true,"href":"https:\/\/www.juescha.de\/de_de\/wp-json\/wp\/v2\/product_cat?post=27899"},{"taxonomy":"product_tag","embeddable":true,"href":"https:\/\/www.juescha.de\/de_de\/wp-json\/wp\/v2\/product_tag?post=27899"}],"curies":[{"name":"wp","href":"https:\/\/api.w.org\/{rel}","templated":true}]}}