{"id":27898,"date":"2025-04-28T19:54:45","date_gmt":"2025-04-28T17:54:45","guid":{"rendered":"https:\/\/www.juescha.de\/shop\/unkategorisiert\/systemplaner-a6-4\/"},"modified":"2026-01-21T08:49:30","modified_gmt":"2026-01-21T07:49:30","slug":"systemplaner-a6-4","status":"publish","type":"product","link":"https:\/\/www.juescha.de\/de_de\/shop\/bind\/systemplaner-a6-4\/","title":{"rendered":"Systemplaner A6"},"content":{"rendered":"<h1>Systemplaner A6 <\/h1>\n<p>Systemplaner A6, ausgestattet mit: Kalender: 1 Tag = 1 Seite, 3-sprachig D\/E\/F, einer Schreibger\u00e4teschlaufe, f\u00fcnf Visitenkartenf\u00e4chern, einem Klarsichtfensterfach, mit Druckknopfverschluss.<br \/>\nDer Bind-Systemplaner A6 in Schwarz ist ein praktischer und stylischer Begleiter f\u00fcr den Alltag. Er eignet sich ideal f\u00fcr Sch\u00fcler, Studenten und Berufst\u00e4tige, die ihre Termine, Aufgaben und Notizen im Blick behalten m\u00f6chten. Der Planer verf\u00fcgt \u00fcber ein robustes und strapazierf\u00e4higes Cover aus Nappaleder in der Farbe Schwarz, das sich angenehm anf\u00fchlt und gut in der Hand liegt. Das Format des Planers ist A6, was bedeutet, dass er handlich und kompakt ist und somit in jede Tasche passt. Im Inneren des Planers findet man eine Vielzahl an praktischen Funktionen. Er verf\u00fcgt \u00fcber ein Wochenlayout, in den man alle Termine und Aufgaben f\u00fcr die Woche eintragen kann.<br \/>\nDer Planer ist mit einem praktischen Ringmechanismus ausgestattet, der es erm\u00f6glicht, Seiten einfach ein- und auszuf\u00fcgen. Somit kann man den Planer jederzeit an seine individuellen Bed\u00fcrfnisse anpassen und erweitern. Des Weiteren ist der Planer mit einer Stiftschlaufe und einem Druckknopverschluss ausgestattet, der das Herausfallen von Seiten verhindern und somit f\u00fcr eine lange Lebensdauer sorgt. Insgesamt ist der Bind-Systemplaner A6 in Schwarz ein praktisches und stylisches Accessoire f\u00fcr den Alltag, das durch seine Funktionalit\u00e4t und Flexibilit\u00e4t \u00fcberzeugt.<\/p>\n","protected":false},"excerpt":{"rendered":"<ul>\n<li>Kalender: 1 Tag = 1 Seite, 3-sprachig (D\/E\/F)<\/li>\n<li>5 Visitenkartenf\u00e4cher + Klarsichtfach<\/li>\n<li>Stiftschlaufe<\/li>\n<li>Druckknopfverschluss<\/li>\n<\/ul>\n","protected":false},"featured_media":11276,"template":"","meta":{"inline_featured_image":false},"product_brand":[],"product_cat":[1656],"product_tag":[],"class_list":{"0":"post-27898","1":"product","2":"type-product","3":"status-publish","4":"has-post-thumbnail","6":"product_cat-bind","8":"first","9":"instock","10":"shipping-taxable","11":"purchasable","12":"product-type-simple"},"_links":{"self":[{"href":"https:\/\/www.juescha.de\/de_de\/wp-json\/wp\/v2\/product\/27898","targetHints":{"allow":["GET"]}}],"collection":[{"href":"https:\/\/www.juescha.de\/de_de\/wp-json\/wp\/v2\/product"}],"about":[{"href":"https:\/\/www.juescha.de\/de_de\/wp-json\/wp\/v2\/types\/product"}],"version-history":[{"count":0,"href":"https:\/\/www.juescha.de\/de_de\/wp-json\/wp\/v2\/product\/27898\/revisions"}],"wp:featuredmedia":[{"embeddable":true,"href":"https:\/\/www.juescha.de\/de_de\/wp-json\/wp\/v2\/media\/11276"}],"wp:attachment":[{"href":"https:\/\/www.juescha.de\/de_de\/wp-json\/wp\/v2\/media?parent=27898"}],"wp:term":[{"taxonomy":"product_brand","embeddable":true,"href":"https:\/\/www.juescha.de\/de_de\/wp-json\/wp\/v2\/product_brand?post=27898"},{"taxonomy":"product_cat","embeddable":true,"href":"https:\/\/www.juescha.de\/de_de\/wp-json\/wp\/v2\/product_cat?post=27898"},{"taxonomy":"product_tag","embeddable":true,"href":"https:\/\/www.juescha.de\/de_de\/wp-json\/wp\/v2\/product_tag?post=27898"}],"curies":[{"name":"wp","href":"https:\/\/api.w.org\/{rel}","templated":true}]}}