{"id":27893,"date":"2025-04-28T19:54:44","date_gmt":"2025-04-28T17:54:44","guid":{"rendered":"https:\/\/www.juescha.de\/shop\/unkategorisiert\/notizbuch-mit-ringmechanik-a5\/"},"modified":"2026-01-21T08:49:29","modified_gmt":"2026-01-21T07:49:29","slug":"notizbuch-mit-ringmechanik-a5","status":"publish","type":"product","link":"https:\/\/www.juescha.de\/de_de\/shop\/bind\/notizbuch-mit-ringmechanik-a5\/","title":{"rendered":"Notizbuch mit Ringmechanik A5"},"content":{"rendered":"<h1>Notizbuch mit Ringmechanik A5 <\/h1>\n<p>Notizbuch mit Ringmechanik A5, Druckknopf, linierte Einlage (80 Blatt), Einsteckfach, vier Visiten-\/Kreditkartenf\u00e4cher, Stifteschlaufe, herausnehmbarer Lineal<br \/>\nDas Notizbuch mit Ringmechanik im A5-Format in der Farbe Schwarz ist ein hochwertiges und praktisches Schreibutensil f\u00fcr den Alltag. Es ist aus robustem Material gefertigt und zeichnet sich durch eine Ringmechanik aus, die es erm\u00f6glicht, die Seiten flexibel zu entnehmen oder hinzuzuf\u00fcgen. Das Cover des Notizbuchs ist schlicht und elegant gestaltet und aus einem strapazierf\u00e4higen Material gefertigt, das es vor \u00e4u\u00dferen Einfl\u00fcssen sch\u00fctzt. Es ist in der Gr\u00f6\u00dfe A5 gehalten, was es besonders handlich und transportabel macht. So kann das Notizbuch jederzeit und \u00fcberall eingesetzt werden. Im Inneren des Notizbuchs finden sich zahlreiche leere Seiten, die Platz f\u00fcr Notizen bieten. Die Seiten sind von hoher Qualit\u00e4t und bieten eine angenehme Haptik beim Schreiben. Die Ringmechanik sorgt daf\u00fcr, dass die Seiten sicher zusammengehalten werden und ein Umbl\u00e4ttern der Seiten ohne Probleme m\u00f6glich ist. Das Notizbuch eignet sich ideal f\u00fcr den Einsatz im B\u00fcro, im Studium oder auch f\u00fcr den privaten Gebrauch. Es ist robust, praktisch und bietet ausreichend Platz f\u00fcr alle wichtigen Notizen und Gedanken. Mit seiner schlichten Optik und seiner hohen Qualit\u00e4t ist es eine gute Wahl f\u00fcr jeden, der Wert auf ein hochwertiges und zuverl\u00e4ssiges Notizbuch legt.<\/p>\n","protected":false},"excerpt":{"rendered":"<ul>\n<li>A5 Notizbuch mit Ringmechanik und Druckknopf<\/li>\n<li>80 linierte Bl\u00e4tter, Kartenf\u00e4cher, Einsteckfach<\/li>\n<li>Mit Stifteschlaufe und Lineal<\/li>\n<li>Robustes Cover \u2013 ideal f\u00fcr unterwegs<\/li>\n<\/ul>\n","protected":false},"featured_media":11265,"template":"","meta":{"inline_featured_image":false},"product_brand":[],"product_cat":[1656],"product_tag":[],"class_list":{"0":"post-27893","1":"product","2":"type-product","3":"status-publish","4":"has-post-thumbnail","6":"product_cat-bind","8":"first","9":"instock","10":"shipping-taxable","11":"purchasable","12":"product-type-simple"},"_links":{"self":[{"href":"https:\/\/www.juescha.de\/de_de\/wp-json\/wp\/v2\/product\/27893","targetHints":{"allow":["GET"]}}],"collection":[{"href":"https:\/\/www.juescha.de\/de_de\/wp-json\/wp\/v2\/product"}],"about":[{"href":"https:\/\/www.juescha.de\/de_de\/wp-json\/wp\/v2\/types\/product"}],"version-history":[{"count":0,"href":"https:\/\/www.juescha.de\/de_de\/wp-json\/wp\/v2\/product\/27893\/revisions"}],"wp:featuredmedia":[{"embeddable":true,"href":"https:\/\/www.juescha.de\/de_de\/wp-json\/wp\/v2\/media\/11265"}],"wp:attachment":[{"href":"https:\/\/www.juescha.de\/de_de\/wp-json\/wp\/v2\/media?parent=27893"}],"wp:term":[{"taxonomy":"product_brand","embeddable":true,"href":"https:\/\/www.juescha.de\/de_de\/wp-json\/wp\/v2\/product_brand?post=27893"},{"taxonomy":"product_cat","embeddable":true,"href":"https:\/\/www.juescha.de\/de_de\/wp-json\/wp\/v2\/product_cat?post=27893"},{"taxonomy":"product_tag","embeddable":true,"href":"https:\/\/www.juescha.de\/de_de\/wp-json\/wp\/v2\/product_tag?post=27893"}],"curies":[{"name":"wp","href":"https:\/\/api.w.org\/{rel}","templated":true}]}}