{"id":27891,"date":"2025-04-28T19:54:43","date_gmt":"2025-04-28T17:54:43","guid":{"rendered":"https:\/\/www.juescha.de\/shop\/unkategorisiert\/notizbuch-mit-ringmechanik-a6\/"},"modified":"2026-01-21T08:49:28","modified_gmt":"2026-01-21T07:49:28","slug":"notizbuch-mit-ringmechanik-a6","status":"publish","type":"product","link":"https:\/\/www.juescha.de\/de_de\/shop\/bind\/notizbuch-mit-ringmechanik-a6\/","title":{"rendered":"Notizbuch mit Ringmechanik A6"},"content":{"rendered":"<h1>Notizbuch mit Ringmechanik A6 <\/h1>\n<p>Notizbuch mit Ringmechanik A6, Druckknopf, linierte Einlage (80 Blatt), Einsteckfach, drei Visiten-\/Kreditkartenf\u00e4cher, Stifteschlaufe, herausnehmbares Lineal.<br \/>\nDas Notizbuch mit Ringmechanik in schwarz von Bind ist ein hochwertiges Schreibwarenprodukt, das sich ideal f\u00fcr den Einsatz im B\u00fcro, in der Schule oder unterwegs eignet. Das Design ist schlicht und elegant und bietet eine perfekte Kombination aus Funktionalit\u00e4t und Stil. Das Notizbuch ist mit einem robusten Ringmechanismus ausgestattet, der es einfach macht, Seiten hinzuzuf\u00fcgen oder zu entfernen, ohne das Notizbuch zu besch\u00e4digen. Es bietet eine perfekte Plattform, um Ideen zu sammeln, Notizen zu machen, Zeichnungen anzufertigen oder Informationen zu organisieren. Das Notizbuch hat ein Format von DIN A5 und eine Gr\u00f6\u00dfe von 19 x 13,5 x 2,5 cm. Es verf\u00fcgt \u00fcber einen stabilen Einband aus Lederimitat, der das Buch vor Besch\u00e4digungen sch\u00fctzt und ihm eine professionelle Optik verleiht. Der schwarze Einband ist zeitlos und passt zu jedem Geschmack. Das Notizbuch von Bind hat 80 linierte Seiten aus hochwertigem Papier, das sich leicht beschreiben l\u00e4sst und auch beim Gebrauch von Tintenstrahl- oder Kugelschreibern nicht durchblutet. Die Seiten sind perforiert, so dass sie leicht herausgetrennt werden k\u00f6nnen. Es ist ein zuverl\u00e4ssiges und hochwertiges Produkt, das f\u00fcr jeden Zweck geeignet ist, sei es f\u00fcr den Einsatz im Beruf, in der Schule oder im privaten Bereich.<\/p>\n","protected":false},"excerpt":{"rendered":"<ul>\n<li>A6-Notizbuch mit 6-Ringmechanik<\/li>\n<li>80 linierte Bl\u00e4tter, Lineal<\/li>\n<li>Einsteckfach, Kartenf\u00e4cher, Stifteschlaufe<\/li>\n<li>Schwarzes Lederimitat<\/li>\n<\/ul>\n","protected":false},"featured_media":11265,"template":"","meta":{"inline_featured_image":false},"product_brand":[],"product_cat":[1656],"product_tag":[],"class_list":{"0":"post-27891","1":"product","2":"type-product","3":"status-publish","4":"has-post-thumbnail","6":"product_cat-bind","8":"first","9":"instock","10":"shipping-taxable","11":"purchasable","12":"product-type-simple"},"_links":{"self":[{"href":"https:\/\/www.juescha.de\/de_de\/wp-json\/wp\/v2\/product\/27891","targetHints":{"allow":["GET"]}}],"collection":[{"href":"https:\/\/www.juescha.de\/de_de\/wp-json\/wp\/v2\/product"}],"about":[{"href":"https:\/\/www.juescha.de\/de_de\/wp-json\/wp\/v2\/types\/product"}],"version-history":[{"count":0,"href":"https:\/\/www.juescha.de\/de_de\/wp-json\/wp\/v2\/product\/27891\/revisions"}],"wp:featuredmedia":[{"embeddable":true,"href":"https:\/\/www.juescha.de\/de_de\/wp-json\/wp\/v2\/media\/11265"}],"wp:attachment":[{"href":"https:\/\/www.juescha.de\/de_de\/wp-json\/wp\/v2\/media?parent=27891"}],"wp:term":[{"taxonomy":"product_brand","embeddable":true,"href":"https:\/\/www.juescha.de\/de_de\/wp-json\/wp\/v2\/product_brand?post=27891"},{"taxonomy":"product_cat","embeddable":true,"href":"https:\/\/www.juescha.de\/de_de\/wp-json\/wp\/v2\/product_cat?post=27891"},{"taxonomy":"product_tag","embeddable":true,"href":"https:\/\/www.juescha.de\/de_de\/wp-json\/wp\/v2\/product_tag?post=27891"}],"curies":[{"name":"wp","href":"https:\/\/api.w.org\/{rel}","templated":true}]}}