{"id":27890,"date":"2025-04-28T19:54:43","date_gmt":"2025-04-28T17:54:43","guid":{"rendered":"https:\/\/www.juescha.de\/shop\/unkategorisiert\/terminplaner-mit-ringmechanik-a6\/"},"modified":"2026-01-21T08:49:28","modified_gmt":"2026-01-21T07:49:28","slug":"terminplaner-mit-ringmechanik-a6","status":"publish","type":"product","link":"https:\/\/www.juescha.de\/de_de\/shop\/bind\/terminplaner-mit-ringmechanik-a6\/","title":{"rendered":"Terminplaner mit Ringmechanik A6"},"content":{"rendered":"<h1>Terminplaner mit Ringmechanik A6 <\/h1>\n<p>Terminplaner mit Ringmechanik A6 ausgestattet mit Kalender 1 Woche = 2 Seiten, 6-sprachig D\/E\/F\/ES\/I\/NL, Druckknopf, Einsteckfach, drei Visiten-\/Kreditkartenf\u00e4cher, Stifteschlaufe, herausnehmbares Lineal<br \/>\nDer Terminplaner mit Ringmechanik A6 in schwarz von Bind ist ein hochwertiges Planungsinstrument, das perfekt f\u00fcr den Einsatz im B\u00fcro oder unterwegs geeignet ist. Mit seinen kompakten Abmessungen von 19 x 13,5 x 2,5 cm (A6-Format) passt er bequem in jede Tasche und ist somit immer griffbereit. Der Planer verf\u00fcgt \u00fcber eine praktische Ringmechanik, die ein einfaches Einlegen und Entfernen von Dokumenten erm\u00f6glicht. Die 6-Ring-Mechanik ist robust und h\u00e4lt das Papier sicher an Ort und Stelle. Das Cover des Terminplaners ist in elegantem Schwarz gehalten und besteht aus strapazierf\u00e4higem Lederimitat. Es bietet einen angenehmen Griff und sch\u00fctzt den Planer vor Besch\u00e4digungen. Das Design ist schlicht und zeitlos, so dass der Planer in jeder Situation eine gute Figur macht. Im Inneren des Planers finden Sie zahlreiche F\u00e4cher und Taschen f\u00fcr Ihre Unterlagen, Notizen und Visitenkarten. Eine praktische Stiftschlaufe sorgt daf\u00fcr, dass Sie immer einen Stift zur Hand haben, wenn Sie ihn ben\u00f6tigen. Der Terminplaner von Bind ist hochwertig verarbeitet und wird h\u00f6chsten Anspr\u00fcchen an Qualit\u00e4t und Funktionalit\u00e4t gerecht. Wenn Sie auf der Suche nach einem zuverl\u00e4ssigen und stilvollen Terminplaner sind, ist dieser Planer eine ausgezeichnete Wahl.<\/p>\n","protected":false},"excerpt":{"rendered":"<ul>\n<li>A6-Terminplaner mit 6-Ringmechanik<\/li>\n<li>Kalender: 1 Woche = 2 Seiten, 6-sprachig<\/li>\n<li>3 Kartenf\u00e4cher, Einsteckfach, Stifteschlaufe<\/li>\n<li>Druckknopfverschluss und Lineal<\/li>\n<\/ul>\n","protected":false},"featured_media":11261,"template":"","meta":{"inline_featured_image":false},"product_brand":[],"product_cat":[1656],"product_tag":[],"class_list":{"0":"post-27890","1":"product","2":"type-product","3":"status-publish","4":"has-post-thumbnail","6":"product_cat-bind","8":"first","9":"instock","10":"shipping-taxable","11":"purchasable","12":"product-type-simple"},"_links":{"self":[{"href":"https:\/\/www.juescha.de\/de_de\/wp-json\/wp\/v2\/product\/27890","targetHints":{"allow":["GET"]}}],"collection":[{"href":"https:\/\/www.juescha.de\/de_de\/wp-json\/wp\/v2\/product"}],"about":[{"href":"https:\/\/www.juescha.de\/de_de\/wp-json\/wp\/v2\/types\/product"}],"version-history":[{"count":0,"href":"https:\/\/www.juescha.de\/de_de\/wp-json\/wp\/v2\/product\/27890\/revisions"}],"wp:featuredmedia":[{"embeddable":true,"href":"https:\/\/www.juescha.de\/de_de\/wp-json\/wp\/v2\/media\/11261"}],"wp:attachment":[{"href":"https:\/\/www.juescha.de\/de_de\/wp-json\/wp\/v2\/media?parent=27890"}],"wp:term":[{"taxonomy":"product_brand","embeddable":true,"href":"https:\/\/www.juescha.de\/de_de\/wp-json\/wp\/v2\/product_brand?post=27890"},{"taxonomy":"product_cat","embeddable":true,"href":"https:\/\/www.juescha.de\/de_de\/wp-json\/wp\/v2\/product_cat?post=27890"},{"taxonomy":"product_tag","embeddable":true,"href":"https:\/\/www.juescha.de\/de_de\/wp-json\/wp\/v2\/product_tag?post=27890"}],"curies":[{"name":"wp","href":"https:\/\/api.w.org\/{rel}","templated":true}]}}