{"id":27883,"date":"2025-04-28T19:54:41","date_gmt":"2025-04-28T17:54:41","guid":{"rendered":"https:\/\/www.juescha.de\/shop\/unkategorisiert\/manager-planer-a5-3\/"},"modified":"2026-01-21T08:48:24","modified_gmt":"2026-01-21T07:48:24","slug":"manager-planer-a5-3","status":"publish","type":"product","link":"https:\/\/www.juescha.de\/de_de\/shop\/bind\/manager-planer-a5-3\/","title":{"rendered":"Manager-Planer A5"},"content":{"rendered":"<h1>Manager-Planer A5<\/h1>\n<p>Manager-Planer A5 mit Rei\u00dfverschluss, ausgestattet mit: Kalender. Innen: Rei\u00dfverschlussfach mit Magnetdruckkn\u00f6pfen, gro\u00dfem Einsteckfach rechts, zwei Schreibger\u00e4tschlaufen inkl. Quattro-Pen, sechs Visitenkartenf\u00e4chern. Kalender: 1 Woche = 2 Seiten.<br \/>\nDer Manager-Planer A5 in schwarz von Bind ist ein hochwertiger und praktischer Terminplaner f\u00fcr den gesch\u00e4ftlichen oder pers\u00f6nlichen Gebrauch. Der Planer ist aus strapazierf\u00e4higem, schwarzen Nappaleder gefertigt und hat eine Gr\u00f6\u00dfe von 25,5 x 21,5 x 5,5 cm, was ihn sehr handlich macht. Der Planer verf\u00fcgt \u00fcber ein praktisches 6-Ring-System, welches es erm\u00f6glicht, den Planer individuell zu gestalten und mit weiteren Einlagen zu erweitern. Die mitgelieferten Einlagen umfassen eine Jahres\u00fcbersicht, Monats\u00fcbersichten, Wochen\u00fcbersichten sowie eine Adressen- und Notizseite. Die Wochen\u00fcbersichten bieten ausreichend Platz f\u00fcr Termine, To-Do-Listen, Notizen und weitere wichtige Informationen. Der Manager-Planer A5 in schwarz von Bind \u00fcberzeugt durch seine hochwertige Verarbeitung und seine vielf\u00e4ltigen Funktionen. Er ist ein unverzichtbares Tool f\u00fcr Menschen, die ihren Arbeits- und Lebensalltag optimal organisieren m\u00f6chten.<\/p>\n","protected":false},"excerpt":{"rendered":"<ul>\n<li>A5-Planer mit Rei\u00dfverschluss<\/li>\n<li>Kalender: 1 Woche auf 2 Seiten<\/li>\n<li>Rei\u00dfverschluss- &amp; Einsteckfach<\/li>\n<li>2 Stiftschlaufen mit Quattro-Pen<\/li>\n<\/ul>\n","protected":false},"featured_media":30162,"template":"","meta":{"inline_featured_image":false},"product_brand":[],"product_cat":[1656],"product_tag":[],"class_list":{"0":"post-27883","1":"product","2":"type-product","3":"status-publish","4":"has-post-thumbnail","6":"product_cat-bind","8":"first","9":"instock","10":"shipping-taxable","11":"purchasable","12":"product-type-simple"},"_links":{"self":[{"href":"https:\/\/www.juescha.de\/de_de\/wp-json\/wp\/v2\/product\/27883","targetHints":{"allow":["GET"]}}],"collection":[{"href":"https:\/\/www.juescha.de\/de_de\/wp-json\/wp\/v2\/product"}],"about":[{"href":"https:\/\/www.juescha.de\/de_de\/wp-json\/wp\/v2\/types\/product"}],"version-history":[{"count":3,"href":"https:\/\/www.juescha.de\/de_de\/wp-json\/wp\/v2\/product\/27883\/revisions"}],"predecessor-version":[{"id":30200,"href":"https:\/\/www.juescha.de\/de_de\/wp-json\/wp\/v2\/product\/27883\/revisions\/30200"}],"wp:featuredmedia":[{"embeddable":true,"href":"https:\/\/www.juescha.de\/de_de\/wp-json\/wp\/v2\/media\/30162"}],"wp:attachment":[{"href":"https:\/\/www.juescha.de\/de_de\/wp-json\/wp\/v2\/media?parent=27883"}],"wp:term":[{"taxonomy":"product_brand","embeddable":true,"href":"https:\/\/www.juescha.de\/de_de\/wp-json\/wp\/v2\/product_brand?post=27883"},{"taxonomy":"product_cat","embeddable":true,"href":"https:\/\/www.juescha.de\/de_de\/wp-json\/wp\/v2\/product_cat?post=27883"},{"taxonomy":"product_tag","embeddable":true,"href":"https:\/\/www.juescha.de\/de_de\/wp-json\/wp\/v2\/product_tag?post=27883"}],"curies":[{"name":"wp","href":"https:\/\/api.w.org\/{rel}","templated":true}]}}