{"id":27876,"date":"2025-04-28T19:54:39","date_gmt":"2025-04-28T17:54:39","guid":{"rendered":"https:\/\/www.juescha.de\/shop\/unkategorisiert\/schluesseleinlage-a4-timor\/"},"modified":"2026-01-21T08:48:40","modified_gmt":"2026-01-21T07:48:40","slug":"schluesseleinlage-a4-timor","status":"publish","type":"product","link":"https:\/\/www.juescha.de\/de_de\/shop\/stop\/schluesseleinlage-a4-timor\/","title":{"rendered":"Schl\u00fcsseleinlage A4 \u201cTIMOR\u201d"},"content":{"rendered":"<p>A4 Schl\u00fcsseleinlage f\u00fcr einen Ordner mit 12 abnehmbaren Schl\u00fcsselringen und 12 Beschriftungsf\u00e4chern<\/p>\n","protected":false},"excerpt":{"rendered":"<ul>\n<li>Passend f\u00fcr A4-Ordner<\/li>\n<li>12 abnehmbare Schl\u00fcsselringe<\/li>\n<li>12 integrierte Beschriftungsf\u00e4cher<\/li>\n<li>Ideal zur Schl\u00fcsselorganisation im B\u00fcro oder unterwegs<\/li>\n<\/ul>\n","protected":false},"featured_media":27261,"template":"","meta":{"inline_featured_image":false},"product_brand":[],"product_cat":[2466],"product_tag":[],"class_list":{"0":"post-27876","1":"product","2":"type-product","3":"status-publish","4":"has-post-thumbnail","6":"product_cat-stop","8":"first","9":"instock","10":"shipping-taxable","11":"product-type-simple"},"_links":{"self":[{"href":"https:\/\/www.juescha.de\/de_de\/wp-json\/wp\/v2\/product\/27876","targetHints":{"allow":["GET"]}}],"collection":[{"href":"https:\/\/www.juescha.de\/de_de\/wp-json\/wp\/v2\/product"}],"about":[{"href":"https:\/\/www.juescha.de\/de_de\/wp-json\/wp\/v2\/types\/product"}],"version-history":[{"count":0,"href":"https:\/\/www.juescha.de\/de_de\/wp-json\/wp\/v2\/product\/27876\/revisions"}],"wp:featuredmedia":[{"embeddable":true,"href":"https:\/\/www.juescha.de\/de_de\/wp-json\/wp\/v2\/media\/27261"}],"wp:attachment":[{"href":"https:\/\/www.juescha.de\/de_de\/wp-json\/wp\/v2\/media?parent=27876"}],"wp:term":[{"taxonomy":"product_brand","embeddable":true,"href":"https:\/\/www.juescha.de\/de_de\/wp-json\/wp\/v2\/product_brand?post=27876"},{"taxonomy":"product_cat","embeddable":true,"href":"https:\/\/www.juescha.de\/de_de\/wp-json\/wp\/v2\/product_cat?post=27876"},{"taxonomy":"product_tag","embeddable":true,"href":"https:\/\/www.juescha.de\/de_de\/wp-json\/wp\/v2\/product_tag?post=27876"}],"curies":[{"name":"wp","href":"https:\/\/api.w.org\/{rel}","templated":true}]}}