{"id":27874,"date":"2025-04-28T19:54:39","date_gmt":"2025-04-28T17:54:39","guid":{"rendered":"https:\/\/www.juescha.de\/shop\/unkategorisiert\/trolley-pilotenkoffer-rpet-samar\/"},"modified":"2026-01-21T08:48:41","modified_gmt":"2026-01-21T07:48:41","slug":"trolley-pilotenkoffer-rpet-samar","status":"publish","type":"product","link":"https:\/\/www.juescha.de\/de_de\/shop\/stop\/trolley-pilotenkoffer-rpet-samar\/","title":{"rendered":"Trolley Pilotenkoffer RPET &#8220;SAMAR&#8221;"},"content":{"rendered":"<p>Arretierbares Trolleysystem, zwei Zahlenkombinationsschl\u00f6sser, abschlie\u00dfbares, durch zwei seitliche Rei\u00dfverschl\u00fcsse erweiterbares Hauptfach mit gepolstertem Laptopfach und einem weiteren A4 Einsteckfach, Vorfach mit zwei verschiedenen gro\u00dfen Netz-Einsteckf\u00e4chern,2 Einsteckf\u00e4cher mit Rei\u00dfverschluss und einem gepolsterten Tabletfach ; gepolsterte Fronttasche mit Rei\u00dfverschluss, Einschubseitentasche<\/p>\n","protected":false},"excerpt":{"rendered":"<ul>\n<li>Trolleysystem mit Zahlenschl\u00f6ssern<\/li>\n<li>Hauptfach mit Laptop- &#038; A4-Fach<\/li>\n<li>Vorfach mit Tablet- &#038; Netzf\u00e4chern<\/li>\n<li>Fronttasche &#038; seitliche Einschubtasche<\/li>\n<\/ul>\n","protected":false},"featured_media":18066,"template":"","meta":{"inline_featured_image":false},"product_brand":[],"product_cat":[2466],"product_tag":[],"class_list":{"0":"post-27874","1":"product","2":"type-product","3":"status-publish","4":"has-post-thumbnail","6":"product_cat-stop","8":"first","9":"instock","10":"shipping-taxable","11":"purchasable","12":"product-type-simple"},"_links":{"self":[{"href":"https:\/\/www.juescha.de\/de_de\/wp-json\/wp\/v2\/product\/27874","targetHints":{"allow":["GET"]}}],"collection":[{"href":"https:\/\/www.juescha.de\/de_de\/wp-json\/wp\/v2\/product"}],"about":[{"href":"https:\/\/www.juescha.de\/de_de\/wp-json\/wp\/v2\/types\/product"}],"version-history":[{"count":0,"href":"https:\/\/www.juescha.de\/de_de\/wp-json\/wp\/v2\/product\/27874\/revisions"}],"wp:featuredmedia":[{"embeddable":true,"href":"https:\/\/www.juescha.de\/de_de\/wp-json\/wp\/v2\/media\/18066"}],"wp:attachment":[{"href":"https:\/\/www.juescha.de\/de_de\/wp-json\/wp\/v2\/media?parent=27874"}],"wp:term":[{"taxonomy":"product_brand","embeddable":true,"href":"https:\/\/www.juescha.de\/de_de\/wp-json\/wp\/v2\/product_brand?post=27874"},{"taxonomy":"product_cat","embeddable":true,"href":"https:\/\/www.juescha.de\/de_de\/wp-json\/wp\/v2\/product_cat?post=27874"},{"taxonomy":"product_tag","embeddable":true,"href":"https:\/\/www.juescha.de\/de_de\/wp-json\/wp\/v2\/product_tag?post=27874"}],"curies":[{"name":"wp","href":"https:\/\/api.w.org\/{rel}","templated":true}]}}