{"id":27871,"date":"2025-04-28T19:54:37","date_gmt":"2025-04-28T17:54:37","guid":{"rendered":"https:\/\/www.juescha.de\/shop\/unkategorisiert\/business-laptop-trolley-rpet-borneo\/"},"modified":"2026-01-21T08:48:41","modified_gmt":"2026-01-21T07:48:41","slug":"business-laptop-trolley-rpet-borneo","status":"publish","type":"product","link":"https:\/\/www.juescha.de\/de_de\/shop\/stop\/business-laptop-trolley-rpet-borneo\/","title":{"rendered":"Business Laptop Trolley RPET BORNEO"},"content":{"rendered":"<h1>Business Laptop Trolley RPET BORNEO<\/h1>\n<p>Business Laptop Trolley RPET<\/p>\n<p>Vollst\u00e4ndig versenkbares, arretierbares Trolleysystem, Trolleyband, Tragegriff, Pr\u00e4zisionslaufrollen, Haken f\u00fcr einen Schultertrageriemen. Innen: Hauptfach mit gepolstertem Laptopfach und Platz f\u00fcr Ordner und Dokumente, Rei\u00dfverschlussf\u00e4cherfach mit zwei Unterteilungen im A4 Format, Rei\u00dfverschlussfach mit drei Stiftschlaufen, zwei Einschubf\u00e4chern, Karabiner, Rei\u00dfverschlussvorfach, seitliche Netztasche<br \/>\nDer Business Laptop Trolley RPET in schwarz ist ein hochwertiger, strapazierf\u00e4higer Trolley, der speziell f\u00fcr Gesch\u00e4ftsreisende konzipiert wurde. Hergestellt aus recyceltem PET-Material ist dieser Trolley nicht nur funktional, sondern auch umweltfreundlich. Der Trolley bietet gen\u00fcgend Platz f\u00fcr einen Laptop bis zu einer Gr\u00f6\u00dfe von 17 Zoll sowie zus\u00e4tzliche Dokumente und Utensilien. Das ger\u00e4umige Hauptfach ist mit einem gepolsterten Laptopfach ausgestattet, das den Laptop sicher vor St\u00f6\u00dfen und Kratzern sch\u00fctzt. Zudem gibt es mehrere F\u00e4cher und Taschen im Inneren des Hauptfachs, die genug Stauraum f\u00fcr Zubeh\u00f6r, Dokumente und andere Gegenst\u00e4nde bieten. Die Rollen des Trolleys sind sehr robust und erm\u00f6glichen eine m\u00fchelose Fortbewegung. Die Teleskopstange kann einfach ausgezogen werden, um den Trolley bequem zu ziehen. Zudem kann der Trolley dank des robusten Griffes auch bequem getragen werden. Insgesamt ist der Business Laptop Trolley RPET in schwarz ein hochwertiger und zuverl\u00e4ssiger Begleiter auf Gesch\u00e4ftsreisen, der sowohl funktional als auch stilvoll ist.<\/p>\n","protected":false},"excerpt":{"rendered":"<ul>\n<li>Gefertigt aus recyceltem RPET<\/li>\n<li>Gepolstertes Laptopfach (bis 17&#8243;)<\/li>\n<li>Leichtlaufrollen &#038; Trolleygriff<\/li>\n<li>Mit Organizer und Netztasche<\/li>\n<\/ul>\n","protected":false},"featured_media":11217,"template":"","meta":{"inline_featured_image":false},"product_brand":[],"product_cat":[2466],"product_tag":[],"class_list":{"0":"post-27871","1":"product","2":"type-product","3":"status-publish","4":"has-post-thumbnail","6":"product_cat-stop","8":"first","9":"instock","10":"shipping-taxable","11":"purchasable","12":"product-type-simple"},"_links":{"self":[{"href":"https:\/\/www.juescha.de\/de_de\/wp-json\/wp\/v2\/product\/27871","targetHints":{"allow":["GET"]}}],"collection":[{"href":"https:\/\/www.juescha.de\/de_de\/wp-json\/wp\/v2\/product"}],"about":[{"href":"https:\/\/www.juescha.de\/de_de\/wp-json\/wp\/v2\/types\/product"}],"version-history":[{"count":0,"href":"https:\/\/www.juescha.de\/de_de\/wp-json\/wp\/v2\/product\/27871\/revisions"}],"wp:featuredmedia":[{"embeddable":true,"href":"https:\/\/www.juescha.de\/de_de\/wp-json\/wp\/v2\/media\/11217"}],"wp:attachment":[{"href":"https:\/\/www.juescha.de\/de_de\/wp-json\/wp\/v2\/media?parent=27871"}],"wp:term":[{"taxonomy":"product_brand","embeddable":true,"href":"https:\/\/www.juescha.de\/de_de\/wp-json\/wp\/v2\/product_brand?post=27871"},{"taxonomy":"product_cat","embeddable":true,"href":"https:\/\/www.juescha.de\/de_de\/wp-json\/wp\/v2\/product_cat?post=27871"},{"taxonomy":"product_tag","embeddable":true,"href":"https:\/\/www.juescha.de\/de_de\/wp-json\/wp\/v2\/product_tag?post=27871"}],"curies":[{"name":"wp","href":"https:\/\/api.w.org\/{rel}","templated":true}]}}