{"id":27869,"date":"2025-04-28T19:54:36","date_gmt":"2025-04-28T17:54:36","guid":{"rendered":"https:\/\/www.juescha.de\/shop\/unkategorisiert\/multifunktionstasche-rpet-barbados\/"},"modified":"2026-01-21T08:48:42","modified_gmt":"2026-01-21T07:48:42","slug":"multifunktionstasche-rpet-barbados","status":"publish","type":"product","link":"https:\/\/www.juescha.de\/de_de\/shop\/stop\/multifunktionstasche-rpet-barbados\/","title":{"rendered":"Multifunktionstasche RPET BARBADOS"},"content":{"rendered":"<h1>Multifunktionstasche RPET BARBADOS<\/h1>\n<p>Multifunktionstasche RPET 3 in 1<\/p>\n<p>Recyceltes PET, 3 in 1 Laptoptasche, Umh\u00e4ngetasche und Rucksack, Schultertrageriemen, abnehmbar, gro\u00dfes Hauptfach mit gepolstertem Laptopfach, 2 Einsteckf\u00e4cher, 2 Stiftschlaufen und Rei\u00dfverschlussfach<br \/>\nDie Multifunktionstasche RPET 3 in 1 in Schwarz ist eine vielseitige Tasche, die f\u00fcr verschiedene Zwecke genutzt werden kann. Die Tasche ist aus recyceltem Material hergestellt und somit umweltfreundlich. Die Tasche hat ein modernes Design und ist in der Farbe Schwarz erh\u00e4ltlich. Sie hat eine Gr\u00f6\u00dfe von ca. 43 x 32 x 9 cm und bietet somit ausreichend Platz f\u00fcr alle notwendigen Utensilien. Die Tasche verf\u00fcgt \u00fcber ein gro\u00dfes Haupfach, das durch eine Rei\u00dfverschluss gesichert ist. In einem Fach befindet sich ein gepolstertes Laptopfach, das f\u00fcr Laptops mit einer Gr\u00f6\u00dfe von bis zu 15,6 Zoll geeignet ist. Die Tasche hat zwei Tragegriffe und einen abnehmbaren Schultergurt, der individuell angepasst werden kann. So kann die Tasche bequem als Handtasche oder als Umh\u00e4ngetasche getragen werden. Die Multifunktionstasche RPET 3 in 1 in Schwarz eignet sich ideal f\u00fcr den Einsatz im B\u00fcro, auf Reisen oder in der Freizeit. Die Tasche ist robust und strapazierf\u00e4hig und bietet ausreichend Platz f\u00fcr alle notwendigen Gegenst\u00e4nde. Aufgrund des modernen Designs eignet sich die Tasche auch f\u00fcr den Einsatz in der Schule oder Universit\u00e4t.<\/p>\n","protected":false},"excerpt":{"rendered":"<ul>\n<li>3-in-1 Funktion: Rucksack, Umh\u00e4nge- &#038; Laptoptasche<\/li>\n<li>Nachhaltig aus recyceltem PET<\/li>\n<li>Gepolstertes Laptopfach bis 15,6&#8243;<\/li>\n<li>Praktische F\u00e4cher &#038; Schultergurt<\/li>\n<\/ul>\n","protected":false},"featured_media":20684,"template":"","meta":{"inline_featured_image":false},"product_brand":[],"product_cat":[2466],"product_tag":[],"class_list":{"0":"post-27869","1":"product","2":"type-product","3":"status-publish","4":"has-post-thumbnail","6":"product_cat-stop","8":"first","9":"instock","10":"shipping-taxable","11":"purchasable","12":"product-type-simple"},"_links":{"self":[{"href":"https:\/\/www.juescha.de\/de_de\/wp-json\/wp\/v2\/product\/27869","targetHints":{"allow":["GET"]}}],"collection":[{"href":"https:\/\/www.juescha.de\/de_de\/wp-json\/wp\/v2\/product"}],"about":[{"href":"https:\/\/www.juescha.de\/de_de\/wp-json\/wp\/v2\/types\/product"}],"version-history":[{"count":0,"href":"https:\/\/www.juescha.de\/de_de\/wp-json\/wp\/v2\/product\/27869\/revisions"}],"wp:featuredmedia":[{"embeddable":true,"href":"https:\/\/www.juescha.de\/de_de\/wp-json\/wp\/v2\/media\/20684"}],"wp:attachment":[{"href":"https:\/\/www.juescha.de\/de_de\/wp-json\/wp\/v2\/media?parent=27869"}],"wp:term":[{"taxonomy":"product_brand","embeddable":true,"href":"https:\/\/www.juescha.de\/de_de\/wp-json\/wp\/v2\/product_brand?post=27869"},{"taxonomy":"product_cat","embeddable":true,"href":"https:\/\/www.juescha.de\/de_de\/wp-json\/wp\/v2\/product_cat?post=27869"},{"taxonomy":"product_tag","embeddable":true,"href":"https:\/\/www.juescha.de\/de_de\/wp-json\/wp\/v2\/product_tag?post=27869"}],"curies":[{"name":"wp","href":"https:\/\/api.w.org\/{rel}","templated":true}]}}