{"id":27868,"date":"2025-04-28T19:54:36","date_gmt":"2025-04-28T17:54:36","guid":{"rendered":"https:\/\/www.juescha.de\/shop\/unkategorisiert\/orgamappe-rpet-a4-mit-tabletfach-guam\/"},"modified":"2026-01-21T08:48:41","modified_gmt":"2026-01-21T07:48:41","slug":"orgamappe-rpet-a4-mit-tabletfach-guam","status":"publish","type":"product","link":"https:\/\/www.juescha.de\/de_de\/shop\/stop\/orgamappe-rpet-a4-mit-tabletfach-guam\/","title":{"rendered":"Orgamappe RPET A4 mit Tabletfach GUAM"},"content":{"rendered":"<h1>Orgamappe RPET A4 mit Tabletfach GUAM<\/h1>\n<p>Dokumentenfach, gepolstertes Tabletfach, flexible Multifunktionsb\u00e4nder,  sechs Kredit-\/Visitenkartenf\u00e4cher, zwei flexible Einsteckf\u00e4cher, zwei SD-Kartenf\u00e4cher, herausnehmbare Ringmechanik, BlockDie Orgamappe RPET A4 in anthrazit von Alassio ist eine hochwertige, umweltfreundliche Mappe, die aus recyceltem PET-Material hergestellt wird. Die Mappe hat ein klassisches Design und ist f\u00fcr das Format A4 geeignet. Sie ist in einem eleganten Anthrazit-Farbton gehalten, der sowohl professionell als auch stilvoll wirkt.Die Orgamappe verf\u00fcgt \u00fcber einen umlaufenden Rei\u00dfverschluss, der die Dokumente sicher verschlie\u00dft und vor Staub und Schmutz sch\u00fctzt. Im Inneren der Mappe gibt es mehrere F\u00e4cher, darunter eine Stiftschlaufe und eine Visitenkartenhalterung, die die Organisation von Dokumenten und B\u00fcromaterial erleichtern.Die RPET A4 Orgamappe ist besonders umweltfreundlich, da sie aus recyceltem PET-Material hergestellt wird, das aus wiederverwerteten Plastikflaschen gewonnen wird. Dadurch leistet sie einen Beitrag zur Reduzierung von Plastikabf\u00e4llen und zur Nachhaltigkeit. Die Mappe ist strapazierf\u00e4hig, langlebig und wasserabweisend, was sie ideal f\u00fcr den t\u00e4glichen Gebrauch im B\u00fcro oder unterwegs macht.<\/p>\n","protected":false},"excerpt":{"rendered":"<ul>\n<li>Aus recyceltem RPET gefertigt<\/li>\n<li>Tabletfach &#038; Ringmechanik<\/li>\n<li>Viele F\u00e4cher &#038; Block<\/li>\n<li>Rundum-Rei\u00dfverschluss<\/li>\n<\/ul>\n","protected":false},"featured_media":7440,"template":"","meta":{"inline_featured_image":false},"product_brand":[],"product_cat":[2466],"product_tag":[],"class_list":{"0":"post-27868","1":"product","2":"type-product","3":"status-publish","4":"has-post-thumbnail","6":"product_cat-stop","8":"first","9":"instock","10":"purchasable","11":"product-type-simple"},"_links":{"self":[{"href":"https:\/\/www.juescha.de\/de_de\/wp-json\/wp\/v2\/product\/27868","targetHints":{"allow":["GET"]}}],"collection":[{"href":"https:\/\/www.juescha.de\/de_de\/wp-json\/wp\/v2\/product"}],"about":[{"href":"https:\/\/www.juescha.de\/de_de\/wp-json\/wp\/v2\/types\/product"}],"version-history":[{"count":0,"href":"https:\/\/www.juescha.de\/de_de\/wp-json\/wp\/v2\/product\/27868\/revisions"}],"wp:featuredmedia":[{"embeddable":true,"href":"https:\/\/www.juescha.de\/de_de\/wp-json\/wp\/v2\/media\/7440"}],"wp:attachment":[{"href":"https:\/\/www.juescha.de\/de_de\/wp-json\/wp\/v2\/media?parent=27868"}],"wp:term":[{"taxonomy":"product_brand","embeddable":true,"href":"https:\/\/www.juescha.de\/de_de\/wp-json\/wp\/v2\/product_brand?post=27868"},{"taxonomy":"product_cat","embeddable":true,"href":"https:\/\/www.juescha.de\/de_de\/wp-json\/wp\/v2\/product_cat?post=27868"},{"taxonomy":"product_tag","embeddable":true,"href":"https:\/\/www.juescha.de\/de_de\/wp-json\/wp\/v2\/product_tag?post=27868"}],"curies":[{"name":"wp","href":"https:\/\/api.w.org\/{rel}","templated":true}]}}