{"id":27867,"date":"2025-04-28T19:54:36","date_gmt":"2025-04-28T17:54:36","guid":{"rendered":"https:\/\/www.juescha.de\/shop\/unkategorisiert\/faechermappe-rpet-a4-bali\/"},"modified":"2026-01-21T08:48:41","modified_gmt":"2026-01-21T07:48:41","slug":"faechermappe-rpet-a4-bali","status":"publish","type":"product","link":"https:\/\/www.juescha.de\/de_de\/shop\/stop\/faechermappe-rpet-a4-bali\/","title":{"rendered":"F\u00e4chermappe RPET A4 BALI"},"content":{"rendered":"<h1>F\u00e4chermappe RPET A4 BALI<\/h1>\n<p>Dreizehn F\u00e4cher, Rei\u00dfverschlussfach, vier Visitenkartenf\u00e4cher, drei Stiftschlaufen, zwei Einsteckf\u00e4cher, Block, Klettverschluss. F\u00dcR LINKS- UND RECHTSH\u00c4NDER GEEIGNET!Die F\u00e4chermappe RPET A4 in Anthrazit von Alassio ist eine stilvolle und umweltbewusste Option f\u00fcr die Organisation von Dokumenten im A4-Format. Hergestellt aus RPET (recyceltem PET), einem nachhaltigen Material, das aus recycelten Plastikflaschen gewonnen wird, zeigt die F\u00e4chermappe von Alassio ein modernes Design und ist zugleich umweltfreundlich.Die Mappe ist in einem eleganten Anthrazit-Farbton gehalten, der ihr ein professionelles Aussehen verleiht. Sie ist strapazierf\u00e4hig und langlebig, ideal f\u00fcr den t\u00e4glichen Gebrauch im B\u00fcro oder unterwegs.Im Inneren der Mappe befinden sich mehrere F\u00e4cher und Taschen, die ausreichend Platz f\u00fcr Dokumente, Notizbl\u00f6cke, Stifte und andere B\u00fcromaterialien bieten. Die Mappe verf\u00fcgt au\u00dferdem \u00fcber Kartenf\u00e4cher und Stiftschlaufen, um Ihre Utensilien organisiert und griffbereit zu halten.Die F\u00e4chermappe RPET A4 von Alassio ist nicht nur funktional, sondern auch umweltfreundlich. Durch die Verwendung von recyceltem PET-Material leistet sie einen Beitrag zur Reduzierung von Plastikabf\u00e4llen und zur F\u00f6rderung von Nachhaltigkeit. Sie ist sowohl auf j\u00fcscha.de als auch auf amazon.de erh\u00e4ltlich und eignet sich perfekt f\u00fcr umweltbewusste Menschen, die nach einer stilvollen und nachhaltigen L\u00f6sung zur Organisation ihrer Dokumente suchen.<\/p>\n","protected":false},"excerpt":{"rendered":"<ul>\n<li>13 F\u00e4cher &#038; Rei\u00dfverschlussfach<\/li>\n<li>Hergestellt aus recyceltem RPET<\/li>\n<li>Mit Block, Karten- &#038; Stiftschlaufen<\/li>\n<li>F\u00fcr Links- &#038; Rechtsh\u00e4nder geeignet<\/li>\n<\/ul>\n","protected":false},"featured_media":7436,"template":"","meta":{"inline_featured_image":false},"product_brand":[],"product_cat":[2466],"product_tag":[],"class_list":{"0":"post-27867","1":"product","2":"type-product","3":"status-publish","4":"has-post-thumbnail","6":"product_cat-stop","8":"first","9":"instock","10":"purchasable","11":"product-type-simple"},"_links":{"self":[{"href":"https:\/\/www.juescha.de\/de_de\/wp-json\/wp\/v2\/product\/27867","targetHints":{"allow":["GET"]}}],"collection":[{"href":"https:\/\/www.juescha.de\/de_de\/wp-json\/wp\/v2\/product"}],"about":[{"href":"https:\/\/www.juescha.de\/de_de\/wp-json\/wp\/v2\/types\/product"}],"version-history":[{"count":0,"href":"https:\/\/www.juescha.de\/de_de\/wp-json\/wp\/v2\/product\/27867\/revisions"}],"wp:featuredmedia":[{"embeddable":true,"href":"https:\/\/www.juescha.de\/de_de\/wp-json\/wp\/v2\/media\/7436"}],"wp:attachment":[{"href":"https:\/\/www.juescha.de\/de_de\/wp-json\/wp\/v2\/media?parent=27867"}],"wp:term":[{"taxonomy":"product_brand","embeddable":true,"href":"https:\/\/www.juescha.de\/de_de\/wp-json\/wp\/v2\/product_brand?post=27867"},{"taxonomy":"product_cat","embeddable":true,"href":"https:\/\/www.juescha.de\/de_de\/wp-json\/wp\/v2\/product_cat?post=27867"},{"taxonomy":"product_tag","embeddable":true,"href":"https:\/\/www.juescha.de\/de_de\/wp-json\/wp\/v2\/product_tag?post=27867"}],"curies":[{"name":"wp","href":"https:\/\/api.w.org\/{rel}","templated":true}]}}