{"id":27866,"date":"2025-04-28T19:54:36","date_gmt":"2025-04-28T17:54:36","guid":{"rendered":"https:\/\/www.juescha.de\/shop\/unkategorisiert\/schreibmappe-a5-rpet-belize\/"},"modified":"2026-01-21T08:48:41","modified_gmt":"2026-01-21T07:48:41","slug":"schreibmappe-a5-rpet-belize","status":"publish","type":"product","link":"https:\/\/www.juescha.de\/de_de\/shop\/stop\/schreibmappe-a5-rpet-belize\/","title":{"rendered":"Schreibmappe A5 RPET BELIZE"},"content":{"rendered":"<h1>Schreibmappe A5 RPET BELIZE<\/h1>\n<p>Magnetische Verschlusslasche, flexible Multifunktionsb\u00e4nder, ein flexibles Einsteckfach mit Visitenkartenfach, Handy-\/Tabletaufsteller, Stifteschlaufe, BlockDie Schreibmappe A5 RPET in Anthrazit von Alassio ist ein stilvolles und umweltbewusstes Accessoire f\u00fcr moderne B\u00fcroprofis. Hergestellt aus recyceltem PET-Material (RPET), das aus recycelten Plastikflaschen gewonnen wird, ist diese Schreibmappe sowohl nachhaltig als auch strapazierf\u00e4hig.Die Mappe ist im Format A5 gehalten, was sie kompakt und handlich macht. Sie ist in einem eleganten Anthrazit-Farbton gehalten, der sowohl zeitlos als auch professionell wirkt. Die schlichte, aber dennoch ansprechende Optik der Schreibmappe macht sie ideal f\u00fcr den gesch\u00e4ftlichen Gebrauch oder f\u00fcr den t\u00e4glichen Gebrauch im B\u00fcro.Im Inneren bietet die Mappe diverse F\u00e4cher und Einsch\u00fcbe, die Platz f\u00fcr Stifte, Visitenkarten und andere B\u00fcromaterialien bieten. Es gibt auch ein A5-Schreibblockfach, in dem ein Schreibblock oder Notizbuch untergebracht werden kann.Die Verarbeitung der Schreibmappe ist hochwertig und langlebig, was eine lange Nutzungsdauer gew\u00e4hrleistet. Dar\u00fcber hinaus ist die Verwendung von recyceltem PET-Material ein umweltbewusster Ansatz, um die Umweltbelastung durch Plastik zu reduzieren und zur Nachhaltigkeit beizutragen.Die Schreibmappe A5 RPET in Anthrazit von Alassio ist somit eine praktische und umweltbewusste Wahl f\u00fcr alle, die Wert auf Qualit\u00e4t, Stil und Nachhaltigkeit legen.<\/p>\n","protected":false},"excerpt":{"rendered":"<ul>\n<li>Nachhaltig aus recyceltem RPET<\/li>\n<li>Magnetverschluss &#038; Stifteschlaufe<\/li>\n<li>Tablet-\/Handyaufsteller integriert<\/li>\n<li>Kompakt mit Schreibblock &#038; Kartenfach<\/li>\n<\/ul>\n","protected":false},"featured_media":7431,"template":"","meta":{"inline_featured_image":false},"product_brand":[],"product_cat":[2466],"product_tag":[],"class_list":{"0":"post-27866","1":"product","2":"type-product","3":"status-publish","4":"has-post-thumbnail","6":"product_cat-stop","8":"first","9":"instock","10":"purchasable","11":"product-type-simple"},"_links":{"self":[{"href":"https:\/\/www.juescha.de\/de_de\/wp-json\/wp\/v2\/product\/27866","targetHints":{"allow":["GET"]}}],"collection":[{"href":"https:\/\/www.juescha.de\/de_de\/wp-json\/wp\/v2\/product"}],"about":[{"href":"https:\/\/www.juescha.de\/de_de\/wp-json\/wp\/v2\/types\/product"}],"version-history":[{"count":0,"href":"https:\/\/www.juescha.de\/de_de\/wp-json\/wp\/v2\/product\/27866\/revisions"}],"wp:featuredmedia":[{"embeddable":true,"href":"https:\/\/www.juescha.de\/de_de\/wp-json\/wp\/v2\/media\/7431"}],"wp:attachment":[{"href":"https:\/\/www.juescha.de\/de_de\/wp-json\/wp\/v2\/media?parent=27866"}],"wp:term":[{"taxonomy":"product_brand","embeddable":true,"href":"https:\/\/www.juescha.de\/de_de\/wp-json\/wp\/v2\/product_brand?post=27866"},{"taxonomy":"product_cat","embeddable":true,"href":"https:\/\/www.juescha.de\/de_de\/wp-json\/wp\/v2\/product_cat?post=27866"},{"taxonomy":"product_tag","embeddable":true,"href":"https:\/\/www.juescha.de\/de_de\/wp-json\/wp\/v2\/product_tag?post=27866"}],"curies":[{"name":"wp","href":"https:\/\/api.w.org\/{rel}","templated":true}]}}