{"id":27860,"date":"2025-04-28T19:54:34","date_gmt":"2025-04-28T17:54:34","guid":{"rendered":"https:\/\/www.juescha.de\/shop\/unkategorisiert\/damentasche-sweetbox-3\/"},"modified":"2026-01-21T08:48:49","modified_gmt":"2026-01-21T07:48:49","slug":"damentasche-sweetbox-3","status":"publish","type":"product","link":"https:\/\/www.juescha.de\/de_de\/shop\/lightpak\/damentasche-sweetbox-3\/","title":{"rendered":"Damentasche SWEETBOX"},"content":{"rendered":"<h1>Damentasche SWEETBOX <\/h1>\n<p>Trageriemen, Einsteckfach au\u00dfen. Innen: Rei\u00dfverschlussfach, Handyfach, zwei Stifteschlaufen, liniertes Futter.<br \/>\nDie Damentasche Sweetbox in Gelb-Blau von Lightpak ist eine trendige und praktische Tasche f\u00fcr den t\u00e4glichen Gebrauch. Sie besteht aus hochwertigem Polyester und hat eine Gr\u00f6\u00dfe von 27 x 36 x 13 cm. Die Farbkombination aus Gelb und Blau verleiht der Tasche einen frischen und modernen Look. Die Tasche verf\u00fcgt \u00fcber ein ger\u00e4umiges Hauptfach, in dem sich alle wichtigen Utensilien problemlos verstauen lassen. Die Sweetbox Damentasche von Lightpak ist mit den Trageriemen nicht nur praktisch, sondern auch komfortabel zu tragen. Die robuste Verarbeitung und das moderne Design machen diese Tasche zu einem echten Hingucker. Sie eignet sich perfekt f\u00fcr Schule, Uni oder B\u00fcro, aber auch f\u00fcr Freizeitaktivit\u00e4ten wie Shopping oder Reisen.<\/p>\n","protected":false},"excerpt":{"rendered":"<ul>\n<li>Trendiges Gelb-Blau<\/li>\n<li>Robustes Polyester<\/li>\n<li>Hauptfach &#038; Innenf\u00e4cher<\/li>\n<li>Bequeme Trageriemen<\/li>\n<\/ul>\n","protected":false},"featured_media":11198,"template":"","meta":{"inline_featured_image":false},"product_brand":[],"product_cat":[1655],"product_tag":[],"class_list":{"0":"post-27860","1":"product","2":"type-product","3":"status-publish","4":"has-post-thumbnail","6":"product_cat-lightpak","8":"first","9":"instock","10":"shipping-taxable","11":"purchasable","12":"product-type-simple"},"_links":{"self":[{"href":"https:\/\/www.juescha.de\/de_de\/wp-json\/wp\/v2\/product\/27860","targetHints":{"allow":["GET"]}}],"collection":[{"href":"https:\/\/www.juescha.de\/de_de\/wp-json\/wp\/v2\/product"}],"about":[{"href":"https:\/\/www.juescha.de\/de_de\/wp-json\/wp\/v2\/types\/product"}],"version-history":[{"count":0,"href":"https:\/\/www.juescha.de\/de_de\/wp-json\/wp\/v2\/product\/27860\/revisions"}],"wp:featuredmedia":[{"embeddable":true,"href":"https:\/\/www.juescha.de\/de_de\/wp-json\/wp\/v2\/media\/11198"}],"wp:attachment":[{"href":"https:\/\/www.juescha.de\/de_de\/wp-json\/wp\/v2\/media?parent=27860"}],"wp:term":[{"taxonomy":"product_brand","embeddable":true,"href":"https:\/\/www.juescha.de\/de_de\/wp-json\/wp\/v2\/product_brand?post=27860"},{"taxonomy":"product_cat","embeddable":true,"href":"https:\/\/www.juescha.de\/de_de\/wp-json\/wp\/v2\/product_cat?post=27860"},{"taxonomy":"product_tag","embeddable":true,"href":"https:\/\/www.juescha.de\/de_de\/wp-json\/wp\/v2\/product_tag?post=27860"}],"curies":[{"name":"wp","href":"https:\/\/api.w.org\/{rel}","templated":true}]}}