{"id":27857,"date":"2025-04-28T19:54:33","date_gmt":"2025-04-28T17:54:33","guid":{"rendered":"https:\/\/www.juescha.de\/shop\/unkategorisiert\/laptop-trolley-rucksack-master\/"},"modified":"2026-01-21T08:48:50","modified_gmt":"2026-01-21T07:48:50","slug":"laptop-trolley-rucksack-master","status":"publish","type":"product","link":"https:\/\/www.juescha.de\/de_de\/shop\/lightpak\/laptop-trolley-rucksack-master\/","title":{"rendered":"Laptop Trolley Rucksack MASTER"},"content":{"rendered":"<h1>Laptop Trolley Rucksack MASTER<\/h1>\n<p>Vollst\u00e4ndig versenkbarer, zweistufiger Teleskop- Handgriff, verstaubare Rucksack-Tragegurte, leicht gehende Rollen, Schmutzcover f\u00fcr die Rollen. Gro\u00dfes Hauptfach mit gepolstertem Laptopfach. Fronttasche mit Organizerfach und Karabinerhaken.<br \/>\nDer Laptop Trolley Rucksack Master in schwarz von Lightpak ist eine ideale L\u00f6sung f\u00fcr Menschen, die auf der Suche nach einem praktischen und stilvollen Rucksack sind, um ihre wertvollen elektronischen Ger\u00e4te zu transportieren. Der Rucksack ist aus hochwertigem Polyester gefertigt und verf\u00fcgt \u00fcber ein gepolstertes Laptop-Fach, das Laptops mit einer Gr\u00f6\u00dfe von bis zu 15 Zoll sicher aufbewahren kann. Au\u00dferdem gibt es zahlreiche F\u00e4cher und Taschen f\u00fcr Zubeh\u00f6r und andere wichtige Gegenst\u00e4nde wie Smartphones, Schl\u00fcssel, Papiere und vieles mehr. Der Laptop Trolley Rucksack Master ist nicht nur als Rucksack, sondern auch als Trolley nutzbar. Dank der Teleskopstange und der Rollen kann der Rucksack m\u00fchelos gezogen werden, wenn es zu schwer wird, ihn auf dem R\u00fccken zu tragen. Die Rollen sind leichtg\u00e4ngig und leise und machen den Transport des Rucksacks zu einem echten Vergn\u00fcgen. Der Rucksack verf\u00fcgt \u00fcber Schultergurte, die bei Bedarf verstaut werden k\u00f6nnen und f\u00fcr zus\u00e4tzlichen Komfort und Unterst\u00fctzung w\u00e4hrend des Tragens sorgen. Zusammenfassend ist der Laptop Trolley Rucksack Master in schwarz von Lightpak eine ausgezeichnete Wahl f\u00fcr alle, die einen stilvollen und praktischen Rucksack f\u00fcr ihre elektronischen Ger\u00e4te suchen. Mit seinem gepolsterten Laptop-Fach, zahlreichen Taschen und F\u00e4chern f\u00fcr Zubeh\u00f6r und seinem Trolley-Design ist der Rucksack perfekt f\u00fcr den t\u00e4glichen Gebrauch, auf Gesch\u00e4ftsreisen oder auf Reisen geeignet.<\/p>\n","protected":false},"excerpt":{"rendered":"<ul>\n<li>2-in-1: Trolley &#038; Rucksack<\/li>\n<li>Gepolstertes Laptopfach<\/li>\n<li>Verstaubare Schultergurte<\/li>\n<li>Leichtlaufrollen mit Schutz<\/li>\n<\/ul>\n","protected":false},"featured_media":11190,"template":"","meta":{"inline_featured_image":false},"product_brand":[],"product_cat":[1655],"product_tag":[],"class_list":{"0":"post-27857","1":"product","2":"type-product","3":"status-publish","4":"has-post-thumbnail","6":"product_cat-lightpak","8":"first","9":"instock","10":"shipping-taxable","11":"purchasable","12":"product-type-simple"},"_links":{"self":[{"href":"https:\/\/www.juescha.de\/de_de\/wp-json\/wp\/v2\/product\/27857","targetHints":{"allow":["GET"]}}],"collection":[{"href":"https:\/\/www.juescha.de\/de_de\/wp-json\/wp\/v2\/product"}],"about":[{"href":"https:\/\/www.juescha.de\/de_de\/wp-json\/wp\/v2\/types\/product"}],"version-history":[{"count":0,"href":"https:\/\/www.juescha.de\/de_de\/wp-json\/wp\/v2\/product\/27857\/revisions"}],"wp:featuredmedia":[{"embeddable":true,"href":"https:\/\/www.juescha.de\/de_de\/wp-json\/wp\/v2\/media\/11190"}],"wp:attachment":[{"href":"https:\/\/www.juescha.de\/de_de\/wp-json\/wp\/v2\/media?parent=27857"}],"wp:term":[{"taxonomy":"product_brand","embeddable":true,"href":"https:\/\/www.juescha.de\/de_de\/wp-json\/wp\/v2\/product_brand?post=27857"},{"taxonomy":"product_cat","embeddable":true,"href":"https:\/\/www.juescha.de\/de_de\/wp-json\/wp\/v2\/product_cat?post=27857"},{"taxonomy":"product_tag","embeddable":true,"href":"https:\/\/www.juescha.de\/de_de\/wp-json\/wp\/v2\/product_tag?post=27857"}],"curies":[{"name":"wp","href":"https:\/\/api.w.org\/{rel}","templated":true}]}}