{"id":27856,"date":"2025-04-28T19:54:33","date_gmt":"2025-04-28T17:54:33","guid":{"rendered":"https:\/\/www.juescha.de\/shop\/unkategorisiert\/rucksack-hawk\/"},"modified":"2026-01-21T08:49:28","modified_gmt":"2026-01-21T07:49:28","slug":"rucksack-hawk","status":"publish","type":"product","link":"https:\/\/www.juescha.de\/de_de\/shop\/lightpak\/rucksack-hawk\/","title":{"rendered":"Rucksack HAWK"},"content":{"rendered":"<h1>Rucksack HAWK <\/h1>\n<p>Zwei seitliche Rei\u00dfverschlusstaschen, Rei\u00dfverschlussvorfach, seitliches RV-Laptopfach mit Polsterung, gepolsterte Tragegurte, gepolsterter R\u00fccken, verst\u00e4rkter Tragegriff, Boardhalterung, wasserdichter Noppenboden. Innen: Ger\u00e4umiges Hauptfach.<br \/>\nDer Rucksack Hawk von Lightpak ist ein hochwertiger und funktionaler Rucksack in klassischem Schwarz, der sich ideal f\u00fcr den t\u00e4glichen Gebrauch eignet. Der Rucksack ist aus strapazierf\u00e4higem Polyester gefertigt und verf\u00fcgt \u00fcber eine gepolsterte R\u00fcckseite und Schultergurte, die f\u00fcr angenehmen Tragekomfort sorgen. Der Rucksack Hawk bietet ausreichend Platz f\u00fcr B\u00fccher, Dokumente, Laptop und andere wichtige Utensilien. Der Rucksack Hawk verf\u00fcgt \u00fcber zwei seitliche Rei\u00dfverschlusstaschen sowie \u00fcber eine zus\u00e4tzliche Tasche an der Vorderseite, die f\u00fcr schnellen Zugriff auf wichtige Dinge wie Schl\u00fcssel, Handy oder Geldbeutel genutzt werden kann. Die Kombination aus Funktionalit\u00e4t, Komfort und Design machen den Rucksack Hawk von Lightpak zu einem idealen Begleiter f\u00fcr den t\u00e4glichen Gebrauch und eine hervorragende Wahl f\u00fcr alle, die einen hochwertigen Rucksack suchen, der alle Anforderungen erf\u00fcllt.<\/p>\n","protected":false},"excerpt":{"rendered":"<ul>\n<li>Gepolstertes seitliches Laptopfach<\/li>\n<li>Ger\u00e4umiges Hauptfach &#038; viele Zusatzf\u00e4cher<\/li>\n<li>Bequeme, gepolsterte Tragegurte &#038; R\u00fccken<\/li>\n<li>Wasserdichter Noppenboden &#038; Boardhalterung<\/li>\n<\/ul>\n","protected":false},"featured_media":11187,"template":"","meta":{"inline_featured_image":false},"product_brand":[],"product_cat":[1655],"product_tag":[],"class_list":{"0":"post-27856","1":"product","2":"type-product","3":"status-publish","4":"has-post-thumbnail","6":"product_cat-lightpak","8":"first","9":"instock","10":"shipping-taxable","11":"purchasable","12":"product-type-simple"},"_links":{"self":[{"href":"https:\/\/www.juescha.de\/de_de\/wp-json\/wp\/v2\/product\/27856","targetHints":{"allow":["GET"]}}],"collection":[{"href":"https:\/\/www.juescha.de\/de_de\/wp-json\/wp\/v2\/product"}],"about":[{"href":"https:\/\/www.juescha.de\/de_de\/wp-json\/wp\/v2\/types\/product"}],"version-history":[{"count":0,"href":"https:\/\/www.juescha.de\/de_de\/wp-json\/wp\/v2\/product\/27856\/revisions"}],"wp:featuredmedia":[{"embeddable":true,"href":"https:\/\/www.juescha.de\/de_de\/wp-json\/wp\/v2\/media\/11187"}],"wp:attachment":[{"href":"https:\/\/www.juescha.de\/de_de\/wp-json\/wp\/v2\/media?parent=27856"}],"wp:term":[{"taxonomy":"product_brand","embeddable":true,"href":"https:\/\/www.juescha.de\/de_de\/wp-json\/wp\/v2\/product_brand?post=27856"},{"taxonomy":"product_cat","embeddable":true,"href":"https:\/\/www.juescha.de\/de_de\/wp-json\/wp\/v2\/product_cat?post=27856"},{"taxonomy":"product_tag","embeddable":true,"href":"https:\/\/www.juescha.de\/de_de\/wp-json\/wp\/v2\/product_tag?post=27856"}],"curies":[{"name":"wp","href":"https:\/\/api.w.org\/{rel}","templated":true}]}}