{"id":27855,"date":"2025-04-28T19:54:33","date_gmt":"2025-04-28T17:54:33","guid":{"rendered":"https:\/\/www.juescha.de\/shop\/unkategorisiert\/rucksack\/"},"modified":"2026-01-21T08:48:42","modified_gmt":"2026-01-21T07:48:42","slug":"rucksack","status":"publish","type":"product","link":"https:\/\/www.juescha.de\/de_de\/shop\/lightpak\/rucksack\/","title":{"rendered":"Rucksack"},"content":{"rendered":"<h1>Rucksack  <\/h1>\n<p>gepolsterter R\u00fccken, Sicherheitsfach auf der R\u00fcckseite, integrierter USB Ladeport, seiltiches gepolstertes Rei\u00dfverschluss Laptopfach , gro\u00dfes Hauptfach, kleines  Rei\u00dfverschlussfach innen, weiteres Hauptfach mit Rei\u00dfverschluss in den Innenraum<br \/>\nDer graue Rucksack Base von Lightpak ist ein stilvoller und funktionaler Begleiter f\u00fcr den Alltag. Er besteht aus robustem Polyester und bietet ein gro\u00dfes Hauptfach mit einem gepolsterten Laptopfach, das f\u00fcr Laptops bis zu 17 Zoll geeignet ist. Dar\u00fcber hinaus verf\u00fcgt der Rucksack \u00fcber ein ger\u00e4umiges Innenfach mit Rei\u00dfverschluss und ein kleines Sicherheits auf der R\u00fcckseite f\u00fcr kleine Gegenst\u00e4nde. Der Rucksack ist ergonomisch gestaltet und verf\u00fcgt \u00fcber Schultergurte sowie einen gepolsterten R\u00fccken f\u00fcr maximalen Tragekomfort. Die Ma\u00dfe des Rucksacks betragen 42 x 30 x 14 cm und ist somit ein leichter und bequemer Rucksack f\u00fcr unterwegs. Er ist ideal f\u00fcr den t\u00e4glichen Gebrauch, f\u00fcr die Schule, das B\u00fcro oder auf Reisen.<\/p>\n","protected":false},"excerpt":{"rendered":"<ul>\n<li>Gepolstertes Laptopfach (bis 17&#8243;)<\/li>\n<li>USB-Ladeport &#038; Sicherheitsfach<\/li>\n<li>Gro\u00dfes Hauptfach mit Rei\u00dfverschluss<\/li>\n<li>Ergonomischer R\u00fccken &#038; Tragekomfort<\/li>\n<\/ul>\n","protected":false},"featured_media":11185,"template":"","meta":{"inline_featured_image":false},"product_brand":[],"product_cat":[1655],"product_tag":[],"class_list":{"0":"post-27855","1":"product","2":"type-product","3":"status-publish","4":"has-post-thumbnail","6":"product_cat-lightpak","8":"first","9":"instock","10":"shipping-taxable","11":"purchasable","12":"product-type-simple"},"_links":{"self":[{"href":"https:\/\/www.juescha.de\/de_de\/wp-json\/wp\/v2\/product\/27855","targetHints":{"allow":["GET"]}}],"collection":[{"href":"https:\/\/www.juescha.de\/de_de\/wp-json\/wp\/v2\/product"}],"about":[{"href":"https:\/\/www.juescha.de\/de_de\/wp-json\/wp\/v2\/types\/product"}],"version-history":[{"count":0,"href":"https:\/\/www.juescha.de\/de_de\/wp-json\/wp\/v2\/product\/27855\/revisions"}],"wp:featuredmedia":[{"embeddable":true,"href":"https:\/\/www.juescha.de\/de_de\/wp-json\/wp\/v2\/media\/11185"}],"wp:attachment":[{"href":"https:\/\/www.juescha.de\/de_de\/wp-json\/wp\/v2\/media?parent=27855"}],"wp:term":[{"taxonomy":"product_brand","embeddable":true,"href":"https:\/\/www.juescha.de\/de_de\/wp-json\/wp\/v2\/product_brand?post=27855"},{"taxonomy":"product_cat","embeddable":true,"href":"https:\/\/www.juescha.de\/de_de\/wp-json\/wp\/v2\/product_cat?post=27855"},{"taxonomy":"product_tag","embeddable":true,"href":"https:\/\/www.juescha.de\/de_de\/wp-json\/wp\/v2\/product_tag?post=27855"}],"curies":[{"name":"wp","href":"https:\/\/api.w.org\/{rel}","templated":true}]}}