{"id":27854,"date":"2025-04-28T19:54:32","date_gmt":"2025-04-28T17:54:32","guid":{"rendered":"https:\/\/www.juescha.de\/shop\/unkategorisiert\/laptoptasche-twyx-2\/"},"modified":"2026-01-21T08:48:42","modified_gmt":"2026-01-21T07:48:42","slug":"laptoptasche-twyx-2","status":"publish","type":"product","link":"https:\/\/www.juescha.de\/de_de\/shop\/lightpak\/laptoptasche-twyx-2\/","title":{"rendered":"Laptoptasche TWYX"},"content":{"rendered":"<h1>Laptoptasche TWYX <\/h1>\n<p>Vortasche, Tragegriff, abnehmbarer und verstellbarer Schultertrageriemen, Trolleyband, Rei\u00dfverschluss- R\u00fcckfach, zwei Rei\u00dfverschluss-Hauptf\u00e4cher, davon eines mit Organizerfach, gepolstertes Laptop- und Tabletfach, Rei\u00dfverschluss Innenfach, Verschl\u00fcsse magnetisch.<br \/>\nDie Laptoptasche TWYX in grau von Lightpak ist eine hochwertige und stylische Tasche, die perfekt f\u00fcr den Transport von Laptops und anderen technischen Ger\u00e4ten geeignet ist. Die Tasche hat ein schlankes und elegantes Design, das sowohl f\u00fcr den beruflichen als auch den privaten Gebrauch geeignet ist. Die Tasche besteht aus strapazierf\u00e4higem Material und bietet daher einen guten Schutz f\u00fcr den Laptop. Sie verf\u00fcgt \u00fcber ein gepolstertes Laptopfach, das den Laptop vor St\u00f6\u00dfen und Kratzern sch\u00fctzt. Au\u00dferdem gibt es ein weiteres Fach mit Rei\u00dfverschluss auf der R\u00fcckseite, in dem man kleinere Gegenst\u00e4nde wie Kabel, Maus oder Handy aufbewahren kann. Die TWYX Laptoptasche verf\u00fcgt \u00fcber einen verstellbaren Schultergurt und ist somit bequem zu tragen. Die Tasche ist auch mit einem Tragegriff ausgestattet, der das Tragen der Tasche noch einfacher macht. Die graue Farbe der Tasche verleiht ihr ein elegantes und modernes Aussehen.<\/p>\n","protected":false},"excerpt":{"rendered":"<ul>\n<li>Gepolstertes Laptopfach<\/li>\n<li>Zwei Hauptf\u00e4cher<\/li>\n<li>Schultergurt &#038; Tragegriff<\/li>\n<li>Magnetverschluss &#038; Trolleyband<\/li>\n<\/ul>\n","protected":false},"featured_media":11180,"template":"","meta":{"inline_featured_image":false},"product_brand":[],"product_cat":[1655],"product_tag":[],"class_list":{"0":"post-27854","1":"product","2":"type-product","3":"status-publish","4":"has-post-thumbnail","6":"product_cat-lightpak","8":"first","9":"instock","10":"shipping-taxable","11":"purchasable","12":"product-type-simple"},"_links":{"self":[{"href":"https:\/\/www.juescha.de\/de_de\/wp-json\/wp\/v2\/product\/27854","targetHints":{"allow":["GET"]}}],"collection":[{"href":"https:\/\/www.juescha.de\/de_de\/wp-json\/wp\/v2\/product"}],"about":[{"href":"https:\/\/www.juescha.de\/de_de\/wp-json\/wp\/v2\/types\/product"}],"version-history":[{"count":0,"href":"https:\/\/www.juescha.de\/de_de\/wp-json\/wp\/v2\/product\/27854\/revisions"}],"wp:featuredmedia":[{"embeddable":true,"href":"https:\/\/www.juescha.de\/de_de\/wp-json\/wp\/v2\/media\/11180"}],"wp:attachment":[{"href":"https:\/\/www.juescha.de\/de_de\/wp-json\/wp\/v2\/media?parent=27854"}],"wp:term":[{"taxonomy":"product_brand","embeddable":true,"href":"https:\/\/www.juescha.de\/de_de\/wp-json\/wp\/v2\/product_brand?post=27854"},{"taxonomy":"product_cat","embeddable":true,"href":"https:\/\/www.juescha.de\/de_de\/wp-json\/wp\/v2\/product_cat?post=27854"},{"taxonomy":"product_tag","embeddable":true,"href":"https:\/\/www.juescha.de\/de_de\/wp-json\/wp\/v2\/product_tag?post=27854"}],"curies":[{"name":"wp","href":"https:\/\/api.w.org\/{rel}","templated":true}]}}