{"id":27853,"date":"2025-04-28T19:54:31","date_gmt":"2025-04-28T17:54:31","guid":{"rendered":"https:\/\/www.juescha.de\/shop\/unkategorisiert\/laptoptasche-twyx\/"},"modified":"2026-01-21T08:48:42","modified_gmt":"2026-01-21T07:48:42","slug":"laptoptasche-twyx","status":"publish","type":"product","link":"https:\/\/www.juescha.de\/de_de\/shop\/lightpak\/laptoptasche-twyx\/","title":{"rendered":"Laptoptasche TWYX"},"content":{"rendered":"<h1>Laptoptasche TWYX <\/h1>\n<p>Vortasche, Tragegriff, abnehmbarer und verstellbarer Schultertrageriemen, Trolleyband, Rei\u00dfverschluss- R\u00fcckfach, zwei Rei\u00dfverschluss-Hauptf\u00e4cher, davon eines mit Organizerfach, gepolstertes Laptop- und Tabletfach, Rei\u00dfverschluss Innenfach, Verschl\u00fcsse magnetisch.Die Laptoptasche Twyx in Schwarz von Lightpak ist eine hochwertige Tasche, die speziell f\u00fcr den sicheren Transport von Laptops und Tablets entwickelt wurde. Die Tasche bietet ausreichend Platz f\u00fcr Laptops bis zu einer Gr\u00f6\u00dfe von 15 Zoll und verf\u00fcgt \u00fcber zahlreiche F\u00e4cher, in denen Zubeh\u00f6r und pers\u00f6nliche Gegenst\u00e4nde aufbewahrt werden k\u00f6nnen. Die Laptoptasche Twyx ist aus strapazierf\u00e4higem 600D Polyester gefertigt und verf\u00fcgt \u00fcber eine gepolsterte Innenh\u00fclle, die den Laptop oder das Tablet vor St\u00f6\u00dfen und Kratzern sch\u00fctzt. Die Tasche hat einen robusten, verstellbaren Schultergurt, der f\u00fcr zus\u00e4tzlichen Komfort sorgt, wenn Sie die Tasche \u00fcber l\u00e4ngere Strecken tragen. Die Tasche hat auch eine zus\u00e4tzliche Tasche auf der R\u00fcckseite, die ideal f\u00fcr schnellen Zugriff auf wichtige Dokumente ist. Die Laptoptasche Twyx ist ein stilvolles und praktisches Accessoire f\u00fcr Gesch\u00e4ftsreisende, Studenten und jeden, der seinen Laptop sicher transportieren m\u00f6chte.<\/p>\n","protected":false},"excerpt":{"rendered":"<ul>\n<li>Gepolstertes Fach f\u00fcr Laptop &#038; Tablet<\/li>\n<li>Zwei Hauptf\u00e4cher mit Organizer<\/li>\n<li>Schultergurt, Tragegriff &#038; Trolleyband<\/li>\n<li>Robustes 600D Polyester, Magnetverschluss<\/li>\n<\/ul>\n","protected":false},"featured_media":11177,"template":"","meta":{"inline_featured_image":false},"product_brand":[],"product_cat":[1655],"product_tag":[],"class_list":{"0":"post-27853","1":"product","2":"type-product","3":"status-publish","4":"has-post-thumbnail","6":"product_cat-lightpak","8":"first","9":"instock","10":"shipping-taxable","11":"purchasable","12":"product-type-simple"},"_links":{"self":[{"href":"https:\/\/www.juescha.de\/de_de\/wp-json\/wp\/v2\/product\/27853","targetHints":{"allow":["GET"]}}],"collection":[{"href":"https:\/\/www.juescha.de\/de_de\/wp-json\/wp\/v2\/product"}],"about":[{"href":"https:\/\/www.juescha.de\/de_de\/wp-json\/wp\/v2\/types\/product"}],"version-history":[{"count":0,"href":"https:\/\/www.juescha.de\/de_de\/wp-json\/wp\/v2\/product\/27853\/revisions"}],"wp:featuredmedia":[{"embeddable":true,"href":"https:\/\/www.juescha.de\/de_de\/wp-json\/wp\/v2\/media\/11177"}],"wp:attachment":[{"href":"https:\/\/www.juescha.de\/de_de\/wp-json\/wp\/v2\/media?parent=27853"}],"wp:term":[{"taxonomy":"product_brand","embeddable":true,"href":"https:\/\/www.juescha.de\/de_de\/wp-json\/wp\/v2\/product_brand?post=27853"},{"taxonomy":"product_cat","embeddable":true,"href":"https:\/\/www.juescha.de\/de_de\/wp-json\/wp\/v2\/product_cat?post=27853"},{"taxonomy":"product_tag","embeddable":true,"href":"https:\/\/www.juescha.de\/de_de\/wp-json\/wp\/v2\/product_tag?post=27853"}],"curies":[{"name":"wp","href":"https:\/\/api.w.org\/{rel}","templated":true}]}}