{"id":27852,"date":"2025-04-28T19:54:31","date_gmt":"2025-04-28T17:54:31","guid":{"rendered":"https:\/\/www.juescha.de\/shop\/unkategorisiert\/umhaengetasche-epsilon\/"},"modified":"2026-01-21T08:48:42","modified_gmt":"2026-01-21T07:48:42","slug":"umhaengetasche-epsilon","status":"publish","type":"product","link":"https:\/\/www.juescha.de\/de_de\/shop\/lightpak\/umhaengetasche-epsilon\/","title":{"rendered":"Umh\u00e4ngetasche EPSILON"},"content":{"rendered":"<h1>Umh\u00e4ngetasche EPSILON<\/h1>\n<p>Verstellbarer Schultergurt, Rei\u00dfverschlusshauptfach mit gepolstertem Tabletfach, Rei\u00dfverschlussvortasche mit Handytasche, Rei\u00dfverschlussvorfach, Rei\u00dfverschlussfach im R\u00fccken.Die Umh\u00e4ngetasche Epsilon in grau von Lightpak ist eine vielseitige Tasche, die sich ideal f\u00fcr den t\u00e4glichen Gebrauch eignet. Die Tasche hat eine Gr\u00f6\u00dfe von 29 x 21 x 5 cm und bietet ausreichend Platz f\u00fcr alle Ihre pers\u00f6nlichen Gegenst\u00e4nde, ohne dabei zu sperrig zu sein. Das Design der Umh\u00e4ngetasche Epsilon ist modern und funktional zugleich. Die Tasche besteht aus strapazierf\u00e4higem Polyester und ist in einem dezenten Grauton gehalten. Der Schultergurt und sorgt f\u00fcr hohen Tragekomfort und macht die Tasche ideal f\u00fcr den t\u00e4glichen Gebrauch. Im Inneren der Umh\u00e4ngetasche Epsilon befinden sich mehrere F\u00e4cher, die Ihnen dabei helfen, Ihre Gegenst\u00e4nde organisiert zu halten. Die Tasche verf\u00fcgt \u00fcber ein gepolstertes Tabletfach. Auf der Vorderseite der Umh\u00e4ngetasche Epsilon befindet sich ein weiteres Rei\u00dfverschlussfach, in dem Sie Ihre wichtigsten Gegenst\u00e4nde wie Geldb\u00f6rse, Handy oder Schl\u00fcssel griffbereit aufbewahren k\u00f6nnen. Die Umh\u00e4ngetasche Epsilon von Lightpak ist ein vielseitiges Accessoire, das nicht nur funktional, sondern auch stilvoll ist. Sie eignet sich perfekt f\u00fcr den t\u00e4glichen Gebrauch und bietet ausreichend Platz f\u00fcr all Ihre pers\u00f6nlichen Gegenst\u00e4nde.<\/p>\n","protected":false},"excerpt":{"rendered":"<ul>\n<li>Gepolstertes Tabletfach im Hauptfach<\/li>\n<li>Front- und R\u00fcckfach mit Rei\u00dfverschluss<\/li>\n<li>Vortasche mit integrierter Handytasche<\/li>\n<li>Verstellbarer Schultergurt f\u00fcr hohen Tragekomfort<\/li>\n<\/ul>\n","protected":false},"featured_media":11174,"template":"","meta":{"inline_featured_image":false},"product_brand":[],"product_cat":[1655],"product_tag":[],"class_list":{"0":"post-27852","1":"product","2":"type-product","3":"status-publish","4":"has-post-thumbnail","6":"product_cat-lightpak","8":"first","9":"instock","10":"shipping-taxable","11":"purchasable","12":"product-type-simple"},"_links":{"self":[{"href":"https:\/\/www.juescha.de\/de_de\/wp-json\/wp\/v2\/product\/27852","targetHints":{"allow":["GET"]}}],"collection":[{"href":"https:\/\/www.juescha.de\/de_de\/wp-json\/wp\/v2\/product"}],"about":[{"href":"https:\/\/www.juescha.de\/de_de\/wp-json\/wp\/v2\/types\/product"}],"version-history":[{"count":0,"href":"https:\/\/www.juescha.de\/de_de\/wp-json\/wp\/v2\/product\/27852\/revisions"}],"wp:featuredmedia":[{"embeddable":true,"href":"https:\/\/www.juescha.de\/de_de\/wp-json\/wp\/v2\/media\/11174"}],"wp:attachment":[{"href":"https:\/\/www.juescha.de\/de_de\/wp-json\/wp\/v2\/media?parent=27852"}],"wp:term":[{"taxonomy":"product_brand","embeddable":true,"href":"https:\/\/www.juescha.de\/de_de\/wp-json\/wp\/v2\/product_brand?post=27852"},{"taxonomy":"product_cat","embeddable":true,"href":"https:\/\/www.juescha.de\/de_de\/wp-json\/wp\/v2\/product_cat?post=27852"},{"taxonomy":"product_tag","embeddable":true,"href":"https:\/\/www.juescha.de\/de_de\/wp-json\/wp\/v2\/product_tag?post=27852"}],"curies":[{"name":"wp","href":"https:\/\/api.w.org\/{rel}","templated":true}]}}