{"id":27851,"date":"2025-04-28T19:54:30","date_gmt":"2025-04-28T17:54:30","guid":{"rendered":"https:\/\/www.juescha.de\/shop\/unkategorisiert\/umhaengetasche-walker\/"},"modified":"2026-01-21T08:48:42","modified_gmt":"2026-01-21T07:48:42","slug":"umhaengetasche-walker","status":"publish","type":"product","link":"https:\/\/www.juescha.de\/de_de\/shop\/lightpak\/umhaengetasche-walker\/","title":{"rendered":"Umh\u00e4ngetasche WALKER"},"content":{"rendered":"<h1>Umh\u00e4ngetasche WALKER<\/h1>\n<p>Verstellbarer Schultergurt mit Schulterpolster, Tragegriff, Rei\u00dfverschlusshauptfach mit gepolstertem Laptop- und Tabletfach, Rei\u00dfverschlussnetzfach innen, Rei\u00dfverschlussvortasche mit Organizer, inkl. Visitenkartenfach, Handytasche und vier Stiftschlaufen, \u00dcberschlag mit Verschluss und Rei\u00dfverschlusstasche, Trolleyband.<br \/>\nDie Umh\u00e4ngetasche &#8220;Walker&#8221; von Lightpak ist eine stylische und praktische Wahl f\u00fcr den t\u00e4glichen Gebrauch. Die Tasche ist in einem schlichten, aber dennoch modernen grauen Design gehalten und besteht aus strapazierf\u00e4higem Polyestermaterial. Die Tasche bietet ausreichend Platz f\u00fcr alle wichtigen Utensilien und Dokumente, die man im Alltag ben\u00f6tigt. Das ger\u00e4umige Hauptfach verf\u00fcgt \u00fcber ein gepolstertes Laptopfach, in dem ein Laptop oder Tablet sicher verstaut werden kann. Das Hauptfach bietet au\u00dferdem gen\u00fcgend Platz f\u00fcr B\u00fccher, Unterlagen und andere wichtige Gegenst\u00e4nde. Die Umh\u00e4ngetasche verf\u00fcgt zudem \u00fcber eine gro\u00dfe Rei\u00dfverschlusstasche mit Organizer auf der Vorderseite, die zus\u00e4tzlichen Stauraum f\u00fcr kleinere Gegenst\u00e4nde wie Mobiltelefone, Schl\u00fcssel oder Geldb\u00f6rsen bietet. Die Schultergurte sind gepolstert und verstellbar, so dass die Tasche bequem getragen werden kann. Die Lightpak Umh\u00e4ngetasche &#8220;Walker&#8221; ist somit die perfekte Wahl f\u00fcr Berufst\u00e4tige, Studenten oder Reisende, die eine praktische und stilvolle Tasche suchen.<\/p>\n","protected":false},"excerpt":{"rendered":"<ul>\n<li>Gepolstertes Laptopfach<\/li>\n<li>Organizer-Vortasche<\/li>\n<li>Verstellbarer Schultergurt<\/li>\n<li>Trolleyband &#038; \u00dcberschlag<\/li>\n<\/ul>\n","protected":false},"featured_media":11171,"template":"","meta":{"inline_featured_image":false},"product_brand":[],"product_cat":[1655],"product_tag":[],"class_list":{"0":"post-27851","1":"product","2":"type-product","3":"status-publish","4":"has-post-thumbnail","6":"product_cat-lightpak","8":"first","9":"instock","10":"shipping-taxable","11":"purchasable","12":"product-type-simple"},"_links":{"self":[{"href":"https:\/\/www.juescha.de\/de_de\/wp-json\/wp\/v2\/product\/27851","targetHints":{"allow":["GET"]}}],"collection":[{"href":"https:\/\/www.juescha.de\/de_de\/wp-json\/wp\/v2\/product"}],"about":[{"href":"https:\/\/www.juescha.de\/de_de\/wp-json\/wp\/v2\/types\/product"}],"version-history":[{"count":0,"href":"https:\/\/www.juescha.de\/de_de\/wp-json\/wp\/v2\/product\/27851\/revisions"}],"wp:featuredmedia":[{"embeddable":true,"href":"https:\/\/www.juescha.de\/de_de\/wp-json\/wp\/v2\/media\/11171"}],"wp:attachment":[{"href":"https:\/\/www.juescha.de\/de_de\/wp-json\/wp\/v2\/media?parent=27851"}],"wp:term":[{"taxonomy":"product_brand","embeddable":true,"href":"https:\/\/www.juescha.de\/de_de\/wp-json\/wp\/v2\/product_brand?post=27851"},{"taxonomy":"product_cat","embeddable":true,"href":"https:\/\/www.juescha.de\/de_de\/wp-json\/wp\/v2\/product_cat?post=27851"},{"taxonomy":"product_tag","embeddable":true,"href":"https:\/\/www.juescha.de\/de_de\/wp-json\/wp\/v2\/product_tag?post=27851"}],"curies":[{"name":"wp","href":"https:\/\/api.w.org\/{rel}","templated":true}]}}