{"id":27850,"date":"2025-04-28T19:54:28","date_gmt":"2025-04-28T17:54:28","guid":{"rendered":"https:\/\/www.juescha.de\/shop\/unkategorisiert\/laptoptasche-wookie\/"},"modified":"2026-01-21T08:48:42","modified_gmt":"2026-01-21T07:48:42","slug":"laptoptasche-wookie","status":"publish","type":"product","link":"https:\/\/www.juescha.de\/de_de\/shop\/lightpak\/laptoptasche-wookie\/","title":{"rendered":"Laptoptasche WOOKIE"},"content":{"rendered":"<h1>Laptoptasche WOOKIE<\/h1>\n<p>Abnehmbarer und verstellbarer Schultergurt mit Schulterpolster, Tragegriffe, Rei\u00dfverschlusshauptfach mit gepolstertem Laptop- und Tabletfach, zwei Rei\u00dfverschlussnetzf\u00e4cher innen, Einsteckfach vorne, Rei\u00dfverschlussvortasche mit Organizer, inkl. Visitenkartenfach, Handytasche, zwei Stiftschlaufen, einem Einsteckfach, Rei\u00dfverschlussvorfach, Rei\u00dfverschluss, Trolleyband.<br \/>\nDie Laptoptasche Wookie in grau von Lightpak ist ein elegantes und praktisches Accessoire f\u00fcr den sicheren Transport deines Laptops. Die Tasche ist speziell f\u00fcr den t\u00e4glichen Gebrauch konzipiert und bietet eine optimale Kombination aus Schutz und Funktionalit\u00e4t. Die Tasche ist aus robustem und strapazierf\u00e4higem Polyester gefertigt, das eine hohe Belastbarkeit und eine lange Lebensdauer gew\u00e4hrleistet. Die Farbe Grau verleiht der Tasche ein zeitloses und stilvolles Aussehen, das zu jedem Outfit passt. Die Wookie Laptoptasche verf\u00fcgt \u00fcber ein Hauptfach, das Platz f\u00fcr einen Laptop bis zu einer Gr\u00f6\u00dfe von 17 Zoll bietet. Neben dem Hauptfach verf\u00fcgt die Tasche \u00fcber mehrere F\u00e4cher und Taschen f\u00fcr Zubeh\u00f6r und pers\u00f6nliche Gegenst\u00e4nde. So gibt es beispielsweise eine Vordertasche mit Rei\u00dfverschluss und eine Innentasche f\u00fcr kleine Gegenst\u00e4nde wie Schl\u00fcssel oder Geldb\u00f6rse. Die Wookie Laptoptasche von Lightpak l\u00e4sst sich bequem tragen, entweder an den Tragegriffen oder mit dem abnehmbaren Schultergurt, der individuell verstellbar ist und somit f\u00fcr jede K\u00f6rpergr\u00f6\u00dfe geeignet ist. Die Tasche ist auch auf Reisen ein praktischer Begleiter, da sie einfach und unkompliziert in Handgep\u00e4ckf\u00e4chern verstaut werden kann. Insgesamt ist die Laptoptasche Wookie in grau von Lightpak eine tolle Wahl f\u00fcr alle, die ihren Laptop sicher und stilvoll transportieren m\u00f6chten. Sie ist robust, funktional und bietet ausreichend Platz f\u00fcr Zubeh\u00f6r und pers\u00f6nliche Gegenst\u00e4nde.<\/p>\n","protected":false},"excerpt":{"rendered":"<ul>\n<li>Gepolstertes Laptop- &#038; Tabletfach<\/li>\n<li>Organizer-Vortasche mit Stiftschlaufen<\/li>\n<li>Abnehmbarer Schultergurt &#038; Tragegriffe<\/li>\n<li>Mit Trolleyband<\/li>\n<\/ul>\n","protected":false},"featured_media":11168,"template":"","meta":{"inline_featured_image":false},"product_brand":[],"product_cat":[1655],"product_tag":[],"class_list":{"0":"post-27850","1":"product","2":"type-product","3":"status-publish","4":"has-post-thumbnail","6":"product_cat-lightpak","8":"first","9":"instock","10":"shipping-taxable","11":"purchasable","12":"product-type-simple"},"_links":{"self":[{"href":"https:\/\/www.juescha.de\/de_de\/wp-json\/wp\/v2\/product\/27850","targetHints":{"allow":["GET"]}}],"collection":[{"href":"https:\/\/www.juescha.de\/de_de\/wp-json\/wp\/v2\/product"}],"about":[{"href":"https:\/\/www.juescha.de\/de_de\/wp-json\/wp\/v2\/types\/product"}],"version-history":[{"count":0,"href":"https:\/\/www.juescha.de\/de_de\/wp-json\/wp\/v2\/product\/27850\/revisions"}],"wp:featuredmedia":[{"embeddable":true,"href":"https:\/\/www.juescha.de\/de_de\/wp-json\/wp\/v2\/media\/11168"}],"wp:attachment":[{"href":"https:\/\/www.juescha.de\/de_de\/wp-json\/wp\/v2\/media?parent=27850"}],"wp:term":[{"taxonomy":"product_brand","embeddable":true,"href":"https:\/\/www.juescha.de\/de_de\/wp-json\/wp\/v2\/product_brand?post=27850"},{"taxonomy":"product_cat","embeddable":true,"href":"https:\/\/www.juescha.de\/de_de\/wp-json\/wp\/v2\/product_cat?post=27850"},{"taxonomy":"product_tag","embeddable":true,"href":"https:\/\/www.juescha.de\/de_de\/wp-json\/wp\/v2\/product_tag?post=27850"}],"curies":[{"name":"wp","href":"https:\/\/api.w.org\/{rel}","templated":true}]}}