{"id":27848,"date":"2025-04-28T19:54:27","date_gmt":"2025-04-28T17:54:27","guid":{"rendered":"https:\/\/www.juescha.de\/shop\/unkategorisiert\/laptoptasche-elite-l\/"},"modified":"2026-01-21T08:48:50","modified_gmt":"2026-01-21T07:48:50","slug":"laptoptasche-elite-l","status":"publish","type":"product","link":"https:\/\/www.juescha.de\/de_de\/shop\/lightpak\/laptoptasche-elite-l\/","title":{"rendered":"Laptoptasche ELITE L"},"content":{"rendered":"<h1>Laptoptasche ELITE L <\/h1>\n<p>Tragegriff aus Hartplastik, abnehmbarer Schultertrageriemen, Trolleyband, Rei\u00dfverschlussvortasche mit Organisationsfach, gepolstertes Notebookfach, A4 Einsteckfach, CD-Tasche.<br \/>\nDie Laptoptasche Elite L in schwarz von Lightpak ist eine hochwertige und funktionale Tasche, die speziell f\u00fcr den Transport von Laptops und anderen technischen Ger\u00e4ten konzipiert wurde. Die Tasche ist aus robustem Polyester gefertigt und verf\u00fcgt \u00fcber eine gepolsterte Innenausstattung, die Ihren Laptop optimal vor St\u00f6\u00dfen und Kratzern sch\u00fctzt. Das moderne und zeitlose Design der Tasche passt zu jeder Gelegenheit und wird Sie mit Sicherheit begeistern. Die Tasche ist in der Farbe Schwarz erh\u00e4ltlich und verf\u00fcgt \u00fcber eine Vielzahl von praktischen Details wie zum Beispiel einen abnehmbarer Schultertrageriemen und eine Rei\u00dfverschlussvortasche mit Organisationsfach. Die Laptoptasche Elite L bietet ausreichend Platz f\u00fcr Laptops mit einer Gr\u00f6\u00dfe von bis zu 17 Zoll. Zus\u00e4tzlich k\u00f6nnen in den F\u00e4chern und Taschen Dokumente, Kabel und Zubeh\u00f6r sicher und \u00fcbersichtlich verstaut werden. Die Tasche verf\u00fcgt \u00fcber einen praktischen Tragegriff aus Hartplastik, der einen einfachen Transport erm\u00f6glicht. Die Laptoptasche Elite L ist ein hochwertiges und langlebiges Produkt, das in jeder Hinsicht \u00fcberzeugt.<\/p>\n","protected":false},"excerpt":{"rendered":"<ul>\n<li>Gepolstertes Notebookfach<\/li>\n<li>Rei\u00dfverschlussvortasche mit Organizer &#038; CD-Tasche<\/li>\n<li>A4-Einsteckfach f\u00fcr Dokumente und Zubeh\u00f6r<\/li>\n<li>Tragegriff aus Hartplastik, Schulterriemen &#038; Trolleyband<\/li>\n<\/ul>\n","protected":false},"featured_media":11161,"template":"","meta":{"inline_featured_image":false},"product_brand":[],"product_cat":[1655],"product_tag":[],"class_list":{"0":"post-27848","1":"product","2":"type-product","3":"status-publish","4":"has-post-thumbnail","6":"product_cat-lightpak","8":"first","9":"instock","10":"shipping-taxable","11":"purchasable","12":"product-type-simple"},"_links":{"self":[{"href":"https:\/\/www.juescha.de\/de_de\/wp-json\/wp\/v2\/product\/27848","targetHints":{"allow":["GET"]}}],"collection":[{"href":"https:\/\/www.juescha.de\/de_de\/wp-json\/wp\/v2\/product"}],"about":[{"href":"https:\/\/www.juescha.de\/de_de\/wp-json\/wp\/v2\/types\/product"}],"version-history":[{"count":0,"href":"https:\/\/www.juescha.de\/de_de\/wp-json\/wp\/v2\/product\/27848\/revisions"}],"wp:featuredmedia":[{"embeddable":true,"href":"https:\/\/www.juescha.de\/de_de\/wp-json\/wp\/v2\/media\/11161"}],"wp:attachment":[{"href":"https:\/\/www.juescha.de\/de_de\/wp-json\/wp\/v2\/media?parent=27848"}],"wp:term":[{"taxonomy":"product_brand","embeddable":true,"href":"https:\/\/www.juescha.de\/de_de\/wp-json\/wp\/v2\/product_brand?post=27848"},{"taxonomy":"product_cat","embeddable":true,"href":"https:\/\/www.juescha.de\/de_de\/wp-json\/wp\/v2\/product_cat?post=27848"},{"taxonomy":"product_tag","embeddable":true,"href":"https:\/\/www.juescha.de\/de_de\/wp-json\/wp\/v2\/product_tag?post=27848"}],"curies":[{"name":"wp","href":"https:\/\/api.w.org\/{rel}","templated":true}]}}