{"id":27846,"date":"2025-04-28T19:54:27","date_gmt":"2025-04-28T17:54:27","guid":{"rendered":"https:\/\/www.juescha.de\/shop\/unkategorisiert\/laptoptasche-arco\/"},"modified":"2026-01-21T08:48:50","modified_gmt":"2026-01-21T07:48:50","slug":"laptoptasche-arco","status":"publish","type":"product","link":"https:\/\/www.juescha.de\/de_de\/shop\/lightpak\/laptoptasche-arco\/","title":{"rendered":"Laptoptasche ARCO"},"content":{"rendered":"<h1>Laptoptasche ARCO <\/h1>\n<p>Gepolstertes Notebookfach, Organisationsfach, Trolleyband, F\u00e4chertasche f\u00fcr A4 Dokumente, Tragegriff und abnehmbarer Schultertrageriemen.<br \/>\nDie Laptoptasche Arco von Lightpak ist eine hochwertige Tasche, die speziell f\u00fcr den Transport von Laptops konzipiert wurde. Sie ist in einem eleganten Schwarz gehalten und bietet ausreichend Platz f\u00fcr Laptops mit einer Bildschirmdiagonale von bis zu 15 Zoll. Das Au\u00dfenmaterial besteht aus strapazierf\u00e4higem Polyester. Das gepolsterte Laptopfach bietet zus\u00e4tzlichen Schutz vor St\u00f6\u00dfen. Ein weiteres Fach bietet Platz f\u00fcr Zubeh\u00f6r wie Netzteile, M\u00e4use oder Dokumente. Die Laptoptasche verf\u00fcgt \u00fcber einen Tragegriff sowie einen abnehmbaren Schultergurt, der ein bequemes Tragen zu gew\u00e4hrleisten. Die Tasche ist sehr leicht und l\u00e4sst sich problemlos transportieren. Insgesamt ist die Laptoptasche Arco von Lightpak eine gute Wahl f\u00fcr alle, die einen hochwertigen und stilvollen Schutz f\u00fcr ihren Laptop suchen.<\/p>\n","protected":false},"excerpt":{"rendered":"<ul>\n<li>Gepolstertes Notebookfach (bis 15 Zoll)<\/li>\n<li>Organisationsfach &#038; A4-Dokumententasche<\/li>\n<li>Tragegriff &#038; abnehmbarer Schulterriemen<\/li>\n<li>Robustes Polyester &#038; Trolleyband<\/li>\n<\/ul>\n","protected":false},"featured_media":11155,"template":"","meta":{"inline_featured_image":false},"product_brand":[],"product_cat":[1655],"product_tag":[],"class_list":{"0":"post-27846","1":"product","2":"type-product","3":"status-publish","4":"has-post-thumbnail","6":"product_cat-lightpak","8":"first","9":"instock","10":"shipping-taxable","11":"purchasable","12":"product-type-simple"},"_links":{"self":[{"href":"https:\/\/www.juescha.de\/de_de\/wp-json\/wp\/v2\/product\/27846","targetHints":{"allow":["GET"]}}],"collection":[{"href":"https:\/\/www.juescha.de\/de_de\/wp-json\/wp\/v2\/product"}],"about":[{"href":"https:\/\/www.juescha.de\/de_de\/wp-json\/wp\/v2\/types\/product"}],"version-history":[{"count":0,"href":"https:\/\/www.juescha.de\/de_de\/wp-json\/wp\/v2\/product\/27846\/revisions"}],"wp:featuredmedia":[{"embeddable":true,"href":"https:\/\/www.juescha.de\/de_de\/wp-json\/wp\/v2\/media\/11155"}],"wp:attachment":[{"href":"https:\/\/www.juescha.de\/de_de\/wp-json\/wp\/v2\/media?parent=27846"}],"wp:term":[{"taxonomy":"product_brand","embeddable":true,"href":"https:\/\/www.juescha.de\/de_de\/wp-json\/wp\/v2\/product_brand?post=27846"},{"taxonomy":"product_cat","embeddable":true,"href":"https:\/\/www.juescha.de\/de_de\/wp-json\/wp\/v2\/product_cat?post=27846"},{"taxonomy":"product_tag","embeddable":true,"href":"https:\/\/www.juescha.de\/de_de\/wp-json\/wp\/v2\/product_tag?post=27846"}],"curies":[{"name":"wp","href":"https:\/\/api.w.org\/{rel}","templated":true}]}}