{"id":27844,"date":"2025-04-28T19:54:27","date_gmt":"2025-04-28T17:54:27","guid":{"rendered":"https:\/\/www.juescha.de\/shop\/unkategorisiert\/multifunktionstasche-corniche\/"},"modified":"2026-01-21T08:48:50","modified_gmt":"2026-01-21T07:48:50","slug":"multifunktionstasche-corniche","status":"publish","type":"product","link":"https:\/\/www.juescha.de\/de_de\/shop\/lightpak\/multifunktionstasche-corniche\/","title":{"rendered":"Multifunktionstasche CORNICHE"},"content":{"rendered":"<h1>Multifunktionstasche CORNICHE <\/h1>\n<p>Tragegriff aus Hartplastik, abnehmbarer Schultertrageriemen, Trolleyband, Rei\u00dfverschlusstasche im R\u00fccken, Rei\u00dfverschlussvortasche mit Organisationsfach. Gepolstertes Notebookfach mit herausnehmbarem Innenteiler und A4 Einsteckfach. Overnightfach mit elastischem Packgurt, zus\u00e4tzliches Rei\u00dfverschlussfach f\u00fcr Unterlagen.<br \/>\nDie Multifunktionstasche Corniche in schwarz von Lightpak ist ein vielseitiges und praktisches Accessoire f\u00fcr den t\u00e4glichen Gebrauch. Die Tasche ist aus robustem Polyester gefertigt und verf\u00fcgt \u00fcber abnehmbare Schultertrageriemen f\u00fcr einen bequemen Transport. Die Corniche Tasche verf\u00fcgt \u00fcber mehrere F\u00e4cher und Taschen, die ausreichend Platz f\u00fcr Ihre pers\u00f6nlichen Gegenst\u00e4nde bieten. Es gibt ein gro\u00dfes Hauptfach mit einem gepolsterten Laptopfach f\u00fcr Laptops bis zu 17 Zoll sowie eine Rei\u00dfverschlusstasche f\u00fcr Dokumente oder andere wichtige Dinge. Eine weitere Rei\u00dfverschlusstasche an der Vorderseite der Tasche bietet zus\u00e4tzlichen Stauraum f\u00fcr Ihre Utensilien. Mit ihrem modernen Design und ihrer Funktionalit\u00e4t ist sie die perfekte Wahl f\u00fcr jeden, der eine robuste und praktische Tasche f\u00fcr den t\u00e4glichen Gebrauch sucht.<\/p>\n","protected":false},"excerpt":{"rendered":"<ul>\n<li>Notebookfach mit herausnehmbarem Teiler<\/li>\n<li>Overnightfach mit Packgurt<\/li>\n<li>Organisationsfach vorne<\/li>\n<li>Tragegriff, Schulterriemen, Trolleyband<\/li>\n<\/ul>\n","protected":false},"featured_media":11148,"template":"","meta":{"inline_featured_image":false},"product_brand":[],"product_cat":[1655],"product_tag":[],"class_list":{"0":"post-27844","1":"product","2":"type-product","3":"status-publish","4":"has-post-thumbnail","6":"product_cat-lightpak","8":"first","9":"instock","10":"shipping-taxable","11":"purchasable","12":"product-type-simple"},"_links":{"self":[{"href":"https:\/\/www.juescha.de\/de_de\/wp-json\/wp\/v2\/product\/27844","targetHints":{"allow":["GET"]}}],"collection":[{"href":"https:\/\/www.juescha.de\/de_de\/wp-json\/wp\/v2\/product"}],"about":[{"href":"https:\/\/www.juescha.de\/de_de\/wp-json\/wp\/v2\/types\/product"}],"version-history":[{"count":0,"href":"https:\/\/www.juescha.de\/de_de\/wp-json\/wp\/v2\/product\/27844\/revisions"}],"wp:featuredmedia":[{"embeddable":true,"href":"https:\/\/www.juescha.de\/de_de\/wp-json\/wp\/v2\/media\/11148"}],"wp:attachment":[{"href":"https:\/\/www.juescha.de\/de_de\/wp-json\/wp\/v2\/media?parent=27844"}],"wp:term":[{"taxonomy":"product_brand","embeddable":true,"href":"https:\/\/www.juescha.de\/de_de\/wp-json\/wp\/v2\/product_brand?post=27844"},{"taxonomy":"product_cat","embeddable":true,"href":"https:\/\/www.juescha.de\/de_de\/wp-json\/wp\/v2\/product_cat?post=27844"},{"taxonomy":"product_tag","embeddable":true,"href":"https:\/\/www.juescha.de\/de_de\/wp-json\/wp\/v2\/product_tag?post=27844"}],"curies":[{"name":"wp","href":"https:\/\/api.w.org\/{rel}","templated":true}]}}