{"id":27842,"date":"2025-04-28T19:54:26","date_gmt":"2025-04-28T17:54:26","guid":{"rendered":"https:\/\/www.juescha.de\/shop\/unkategorisiert\/business-laptop-trolley-phoenix\/"},"modified":"2026-01-21T08:48:49","modified_gmt":"2026-01-21T07:48:49","slug":"business-laptop-trolley-phoenix","status":"publish","type":"product","link":"https:\/\/www.juescha.de\/de_de\/shop\/lightpak\/business-laptop-trolley-phoenix\/","title":{"rendered":"Business Laptop Trolley PHOENIX"},"content":{"rendered":"<h1>Business Laptop Trolley PHOENIX<\/h1>\n<p>Vollst\u00e4ndig versenkbares, arretierbares Trolleysystem, ergonomischer Tragegriff, vier 360\u00b0 Leichtlauf-Rollen, Rei\u00dfverschlusshauptfach mit gepolstertem Laptopfach, Rei\u00dfverschlussfach mit drei Trennf\u00e4chern, Rei\u00dfverschlussfach mit Organizer, mit drei Stiftschlaufen, drei Visitenkartenf\u00e4chern, kleine Tasche, Rei\u00dfverschlussvorfach, verdecktes Adressfeld auf der R\u00fcckseite, Trolleyband.<br \/>\nDer Business Laptop Trolley Phoenix in Grau von Lightpak ist die perfekte Wahl f\u00fcr Gesch\u00e4ftsreisende, die einen hochwertigen und stilvollen Trolley f\u00fcr ihre technischen Ger\u00e4te ben\u00f6tigen. Mit seinen Ma\u00dfen von 43,5 x 44,5 x 21 cm bietet er ausreichend Platz f\u00fcr Laptops bis zu 17Zoll sowie zus\u00e4tzliches Zubeh\u00f6r und Dokumente. Der Trolley besteht aus strapazierf\u00e4higem Polyester und verf\u00fcgt \u00fcber einen ausziehbaren Griff sowie vier robuste Rollen, die eine einfache Handhabung erm\u00f6glichen. Ein zus\u00e4tzlicher Tragegriff an der Oberseite erleichtert das Tragen des Trolleys in engen R\u00e4umen oder beim Ein- und Aussteigen aus dem Auto oder Zug. Im Inneren des Trolleys befindet sich ein gepolstertes Laptopfach sowie ein separates Fach f\u00fcr Dokumente und Zubeh\u00f6r. In verschiedenen Rei\u00dfverschlussf\u00e4chern an der Vorderseite des Trolleys k\u00f6nnen kleinere Gegenst\u00e4nde wie Mobiltelefone, Schl\u00fcssel oder Visitenkarten verstaut werden. Dank seines schlanken Designs und der stilvollen grauen Farbe ist der Business Laptop Trolley Phoenix von Lightpak sowohl f\u00fcr Gesch\u00e4fts- als auch Freizeitreisen geeignet und bietet dabei h\u00f6chsten Komfort und Schutz f\u00fcr Ihre wertvollen technischen Ger\u00e4te.<\/p>\n","protected":false},"excerpt":{"rendered":"<ul>\n<li>Laptopfach bis 17&#8243;<\/li>\n<li>4 Rollen &#038; Teleskopgriff<\/li>\n<li>Organizer innen<\/li>\n<li>Mehrere Au\u00dfenf\u00e4cher<\/li>\n<\/ul>\n","protected":false},"featured_media":11141,"template":"","meta":{"inline_featured_image":false},"product_brand":[],"product_cat":[1655],"product_tag":[],"class_list":{"0":"post-27842","1":"product","2":"type-product","3":"status-publish","4":"has-post-thumbnail","6":"product_cat-lightpak","8":"first","9":"instock","10":"shipping-taxable","11":"purchasable","12":"product-type-simple"},"_links":{"self":[{"href":"https:\/\/www.juescha.de\/de_de\/wp-json\/wp\/v2\/product\/27842","targetHints":{"allow":["GET"]}}],"collection":[{"href":"https:\/\/www.juescha.de\/de_de\/wp-json\/wp\/v2\/product"}],"about":[{"href":"https:\/\/www.juescha.de\/de_de\/wp-json\/wp\/v2\/types\/product"}],"version-history":[{"count":0,"href":"https:\/\/www.juescha.de\/de_de\/wp-json\/wp\/v2\/product\/27842\/revisions"}],"wp:featuredmedia":[{"embeddable":true,"href":"https:\/\/www.juescha.de\/de_de\/wp-json\/wp\/v2\/media\/11141"}],"wp:attachment":[{"href":"https:\/\/www.juescha.de\/de_de\/wp-json\/wp\/v2\/media?parent=27842"}],"wp:term":[{"taxonomy":"product_brand","embeddable":true,"href":"https:\/\/www.juescha.de\/de_de\/wp-json\/wp\/v2\/product_brand?post=27842"},{"taxonomy":"product_cat","embeddable":true,"href":"https:\/\/www.juescha.de\/de_de\/wp-json\/wp\/v2\/product_cat?post=27842"},{"taxonomy":"product_tag","embeddable":true,"href":"https:\/\/www.juescha.de\/de_de\/wp-json\/wp\/v2\/product_tag?post=27842"}],"curies":[{"name":"wp","href":"https:\/\/api.w.org\/{rel}","templated":true}]}}