{"id":27841,"date":"2025-04-28T19:54:26","date_gmt":"2025-04-28T17:54:26","guid":{"rendered":"https:\/\/www.juescha.de\/shop\/unkategorisiert\/business-laptop-trolley-arkon\/"},"modified":"2026-01-21T08:48:49","modified_gmt":"2026-01-21T07:48:49","slug":"business-laptop-trolley-arkon","status":"publish","type":"product","link":"https:\/\/www.juescha.de\/de_de\/shop\/lightpak\/business-laptop-trolley-arkon\/","title":{"rendered":"Business Laptop Trolley ARKON"},"content":{"rendered":"<h1>Business Laptop Trolley ARKON<\/h1>\n<p>Vollst\u00e4ndig versenkbares, arretierbares Trolleysystem, ergonomischer Tragegriff, hochwertige Inliner-Rollen, Rei\u00dfverschlusshauptfach, Rei\u00dfverschlussfach mit gepolstertem Laptopfach und Organizer, mit zwei Stiftschlaufen, drei Visitenkartenf\u00e4chern, kleine Tasche, zwei Rei\u00dfverschlussvorf\u00e4cher, verdecktes Adressfeld auf der R\u00fcckseite, Trolleyband.<br \/>\nDer Business Laptop Trolley Arkon in Grau von Lightpak ist eine robuste und praktische L\u00f6sung f\u00fcr Gesch\u00e4ftsreisende. Der Trolley bietet ausreichend Platz f\u00fcr einen Laptop und bietet zus\u00e4tzlichen Stauraum f\u00fcr Dokumente, B\u00fccher, Kleidung und andere wichtige Gegenst\u00e4nde, die auf Gesch\u00e4ftsreisen ben\u00f6tigt werden. Der Trolley ist aus strapazierf\u00e4higem und leichtem Polyester gefertigt und verf\u00fcgt \u00fcber ein ger\u00e4umiges Hauptfach mit Rei\u00dfverschl\u00fcssen sowie zwie Rei\u00dfverschlussvorf\u00e4cher und ein Organizer. Das gepolsterte Laptopfach ist f\u00fcr Ger\u00e4te bis zu 15 Zoll geeignet und sch\u00fctzt den Laptop vor Besch\u00e4digungen w\u00e4hrend des Transports. Der Trolley verf\u00fcgt \u00fcber ein Trolleysystem und zwei robuste Rollen, die ein einfaches und bequemes Ziehen erm\u00f6glichen. Die ergonomische Tragegriff an der Oberseite des Trolleys erm\u00f6glichen auch ein bequemes Tragen. Das moderne und elegante Design des Business Laptop Trolley Arkon in Grau von Lightpak macht ihn zu einem stilvollen und professionellen Begleiter auf Gesch\u00e4ftsreisen. Mit seiner Funktionalit\u00e4t und seinem Stil wird der Trolley den Anforderungen anspruchsvoller Gesch\u00e4ftsleute gerecht.<\/p>\n","protected":false},"excerpt":{"rendered":"<ul>\n<li>Gepolstertes Laptopfach<\/li>\n<li>Leichtlaufende Inliner-Rollen<\/li>\n<li>Organizer mit Stift- &#038; Kartenf\u00e4chern<\/li>\n<li>Zwei Fronttaschen &#038; Adressfeld<\/li>\n<\/ul>\n","protected":false},"featured_media":11138,"template":"","meta":{"inline_featured_image":false},"product_brand":[],"product_cat":[1655],"product_tag":[],"class_list":{"0":"post-27841","1":"product","2":"type-product","3":"status-publish","4":"has-post-thumbnail","6":"product_cat-lightpak","8":"first","9":"instock","10":"shipping-taxable","11":"purchasable","12":"product-type-simple"},"_links":{"self":[{"href":"https:\/\/www.juescha.de\/de_de\/wp-json\/wp\/v2\/product\/27841","targetHints":{"allow":["GET"]}}],"collection":[{"href":"https:\/\/www.juescha.de\/de_de\/wp-json\/wp\/v2\/product"}],"about":[{"href":"https:\/\/www.juescha.de\/de_de\/wp-json\/wp\/v2\/types\/product"}],"version-history":[{"count":0,"href":"https:\/\/www.juescha.de\/de_de\/wp-json\/wp\/v2\/product\/27841\/revisions"}],"wp:featuredmedia":[{"embeddable":true,"href":"https:\/\/www.juescha.de\/de_de\/wp-json\/wp\/v2\/media\/11138"}],"wp:attachment":[{"href":"https:\/\/www.juescha.de\/de_de\/wp-json\/wp\/v2\/media?parent=27841"}],"wp:term":[{"taxonomy":"product_brand","embeddable":true,"href":"https:\/\/www.juescha.de\/de_de\/wp-json\/wp\/v2\/product_brand?post=27841"},{"taxonomy":"product_cat","embeddable":true,"href":"https:\/\/www.juescha.de\/de_de\/wp-json\/wp\/v2\/product_cat?post=27841"},{"taxonomy":"product_tag","embeddable":true,"href":"https:\/\/www.juescha.de\/de_de\/wp-json\/wp\/v2\/product_tag?post=27841"}],"curies":[{"name":"wp","href":"https:\/\/api.w.org\/{rel}","templated":true}]}}