{"id":27839,"date":"2025-04-28T19:54:25","date_gmt":"2025-04-28T17:54:25","guid":{"rendered":"https:\/\/www.juescha.de\/shop\/unkategorisiert\/laptoptasche-sierra\/"},"modified":"2026-01-21T08:48:49","modified_gmt":"2026-01-21T07:48:49","slug":"laptoptasche-sierra","status":"publish","type":"product","link":"https:\/\/www.juescha.de\/de_de\/shop\/lightpak\/laptoptasche-sierra\/","title":{"rendered":"Laptoptasche SIERRA"},"content":{"rendered":"<h1>Laptoptasche SIERRA <\/h1>\n<p>Tragegriff, abnehmbarer Schultertrageriemen, Trolleyband, Rei\u00dfverschlussvortasche mit Organisationsfach. Innen: Gepolstertes Laptopfach, zwei weitere Hauptf\u00e4cher.<br \/>\nDie Laptoptasche Sierra in Schwarz von Lightpak ist eine hochwertige Tasche, die speziell f\u00fcr den Transport von Laptops entwickelt wurde. Die Tasche ist aus strapazierf\u00e4higem Polyester gefertigt und bietet optimalen Schutz f\u00fcr Ihren Laptop. Die Laptoptasche verf\u00fcgt \u00fcber ein gepolstertes Fach, das f\u00fcr Laptops mit einer Gr\u00f6\u00dfe von bis zu 17 Zoll geeignet ist. Das Fach sch\u00fctzt Ihren Laptop vor St\u00f6\u00dfen und Kratzern und sorgt daf\u00fcr, dass er sicher transportiert werden kann. Neben dem Laptopfach bietet die Tasche auch noch ausreichend Platz f\u00fcr Zubeh\u00f6r und pers\u00f6nliche Gegenst\u00e4nde. In verschiedenen F\u00e4chern k\u00f6nnen Sie beispielsweise Ihr Handy, Kabel und Dokumente unterbringen. Die Tasche verf\u00fcgt zudem \u00fcber eine Vordertasche mit Rei\u00dfverschluss, in der Sie Ihre Schl\u00fcssel und Geldb\u00f6rse sicher verstauen k\u00f6nnen. Die Laptoptasche Sierra von Lightpak l\u00e4sst sich bequem \u00fcber der Schulter tragen oder in der Hand halten. Dank des Schultergurts wird das Gewicht gleichm\u00e4\u00dfig verteilt, wodurch ein angenehmer Tragekomfort gew\u00e4hrleistet ist. Die Tasche ist in einem eleganten Schwarz gehalten und passt zu jedem Outfit. Die Laptoptasche Sierra von Lightpak ist ein hochwertiges und zuverl\u00e4ssiges Accessoire f\u00fcr jeden Laptopbesitzer. Sie bietet optimalen Schutz und ausreichend Platz f\u00fcr Zubeh\u00f6r und pers\u00f6nliche Gegenst\u00e4nde.<\/p>\n","protected":false},"excerpt":{"rendered":"<ul>\n<li>Gepolstertes Laptopfach bis 17 Zoll<\/li>\n<li>Drei Hauptf\u00e4cher<\/li>\n<li>Organizer<\/li>\n<li>Tragegriff, Schultergurt &#038; Trolleyband<\/li>\n<\/ul>\n","protected":false},"featured_media":11132,"template":"","meta":{"inline_featured_image":false},"product_brand":[],"product_cat":[1655],"product_tag":[],"class_list":{"0":"post-27839","1":"product","2":"type-product","3":"status-publish","4":"has-post-thumbnail","6":"product_cat-lightpak","8":"first","9":"instock","10":"shipping-taxable","11":"purchasable","12":"product-type-simple"},"_links":{"self":[{"href":"https:\/\/www.juescha.de\/de_de\/wp-json\/wp\/v2\/product\/27839","targetHints":{"allow":["GET"]}}],"collection":[{"href":"https:\/\/www.juescha.de\/de_de\/wp-json\/wp\/v2\/product"}],"about":[{"href":"https:\/\/www.juescha.de\/de_de\/wp-json\/wp\/v2\/types\/product"}],"version-history":[{"count":0,"href":"https:\/\/www.juescha.de\/de_de\/wp-json\/wp\/v2\/product\/27839\/revisions"}],"wp:featuredmedia":[{"embeddable":true,"href":"https:\/\/www.juescha.de\/de_de\/wp-json\/wp\/v2\/media\/11132"}],"wp:attachment":[{"href":"https:\/\/www.juescha.de\/de_de\/wp-json\/wp\/v2\/media?parent=27839"}],"wp:term":[{"taxonomy":"product_brand","embeddable":true,"href":"https:\/\/www.juescha.de\/de_de\/wp-json\/wp\/v2\/product_brand?post=27839"},{"taxonomy":"product_cat","embeddable":true,"href":"https:\/\/www.juescha.de\/de_de\/wp-json\/wp\/v2\/product_cat?post=27839"},{"taxonomy":"product_tag","embeddable":true,"href":"https:\/\/www.juescha.de\/de_de\/wp-json\/wp\/v2\/product_tag?post=27839"}],"curies":[{"name":"wp","href":"https:\/\/api.w.org\/{rel}","templated":true}]}}