{"id":27835,"date":"2025-04-28T19:54:25","date_gmt":"2025-04-28T17:54:25","guid":{"rendered":"https:\/\/www.juescha.de\/shop\/unkategorisiert\/kleidersack\/"},"modified":"2026-01-21T08:48:49","modified_gmt":"2026-01-21T07:48:49","slug":"kleidersack","status":"publish","type":"product","link":"https:\/\/www.juescha.de\/de_de\/shop\/lightpak\/kleidersack\/","title":{"rendered":"Kleidersack"},"content":{"rendered":"<h1>Kleidersack <\/h1>\n<p>Abnehmbarer und verstellbarer Schultergurt mit Schulterpolster, Tragegriffe, Rei\u00dfverschlussfach im R\u00fccken, gro\u00dfes Rei\u00dfverschlusshauptfach zur Unterbringung von bis zu vier Kleiderb\u00fcgeln, vier Rei\u00dfverschlussf\u00e4cher, zwei gro\u00dfe Rei\u00dfverschlussvorf\u00e4cher.<br \/>\nDer schwarze Kleidersack von Lightpak ist eine hochwertige Aufbewahrungsm\u00f6glichkeit f\u00fcr Kleidungsst\u00fccke und Accessoires. Der Kleidersack ist aus strapazierf\u00e4higem Polyester gefertigt und verf\u00fcgt \u00fcber einen robusten Rei\u00dfverschluss, der eine einfache Handhabung erm\u00f6glicht. Das Innere des Kleidersacks ist mit einem weichen Material ausgekleidet, um Kleidungsst\u00fccke vor Kratzern und Besch\u00e4digungen zu sch\u00fctzen. Der Kleidersack bietet ausreichend Platz f\u00fcr einen Anzug oder ein Kleid sowie f\u00fcr weitere Accessoires wie Schuhe, G\u00fcrtel oder Krawatten.Der Kleidersack von Lightpak ist leicht und l\u00e4sst sich problemlos transportieren. Dank des Tragegriffs ist er bequem zu tragen und kann einfach an einem Kleiderhaken aufgeh\u00e4ngt werden. Der schwarze Farbton und das schlichte Design des Kleidersacks machen ihn zu einer zeitlosen Wahl f\u00fcr Gesch\u00e4ftsreisende, die eine stilvolle und zuverl\u00e4ssige Aufbewahrungsm\u00f6glichkeit f\u00fcr ihre Kleidung ben\u00f6tigen.<\/p>\n","protected":false},"excerpt":{"rendered":"<ul>\n<li>Gro\u00dfes Hauptfach f\u00fcr bis zu vier Kleiderb\u00fcgel<\/li>\n<li>Vier Rei\u00dfverschlussf\u00e4cher &#038; zwei gro\u00dfe Vorf\u00e4cher<\/li>\n<li>Verstellbarer Schultergurt &#038; Tragegriffe<\/li>\n<li>Robustes Material &#038; weiches Innenfutter<\/li>\n<\/ul>\n","protected":false},"featured_media":11120,"template":"","meta":{"inline_featured_image":false},"product_brand":[],"product_cat":[1655],"product_tag":[],"class_list":{"0":"post-27835","1":"product","2":"type-product","3":"status-publish","4":"has-post-thumbnail","6":"product_cat-lightpak","8":"first","9":"instock","10":"shipping-taxable","11":"purchasable","12":"product-type-simple"},"_links":{"self":[{"href":"https:\/\/www.juescha.de\/de_de\/wp-json\/wp\/v2\/product\/27835","targetHints":{"allow":["GET"]}}],"collection":[{"href":"https:\/\/www.juescha.de\/de_de\/wp-json\/wp\/v2\/product"}],"about":[{"href":"https:\/\/www.juescha.de\/de_de\/wp-json\/wp\/v2\/types\/product"}],"version-history":[{"count":0,"href":"https:\/\/www.juescha.de\/de_de\/wp-json\/wp\/v2\/product\/27835\/revisions"}],"wp:featuredmedia":[{"embeddable":true,"href":"https:\/\/www.juescha.de\/de_de\/wp-json\/wp\/v2\/media\/11120"}],"wp:attachment":[{"href":"https:\/\/www.juescha.de\/de_de\/wp-json\/wp\/v2\/media?parent=27835"}],"wp:term":[{"taxonomy":"product_brand","embeddable":true,"href":"https:\/\/www.juescha.de\/de_de\/wp-json\/wp\/v2\/product_brand?post=27835"},{"taxonomy":"product_cat","embeddable":true,"href":"https:\/\/www.juescha.de\/de_de\/wp-json\/wp\/v2\/product_cat?post=27835"},{"taxonomy":"product_tag","embeddable":true,"href":"https:\/\/www.juescha.de\/de_de\/wp-json\/wp\/v2\/product_tag?post=27835"}],"curies":[{"name":"wp","href":"https:\/\/api.w.org\/{rel}","templated":true}]}}