{"id":27834,"date":"2025-04-28T19:54:24","date_gmt":"2025-04-28T17:54:24","guid":{"rendered":"https:\/\/www.juescha.de\/shop\/unkategorisiert\/businesstrolley-pioneer\/"},"modified":"2026-01-21T08:48:50","modified_gmt":"2026-01-21T07:48:50","slug":"businesstrolley-pioneer","status":"publish","type":"product","link":"https:\/\/www.juescha.de\/de_de\/shop\/lightpak\/businesstrolley-pioneer\/","title":{"rendered":"Businesstrolley PIONEER"},"content":{"rendered":"<h1>Businesstrolley PIONEER <\/h1>\n<p>Arretierbares Teleskoptrolleysystem, Adressfeld auf der R\u00fcckseite, Skater-Rollen, ein Rei\u00dfverschlussfach mit Organizerteil und zwei Netzf\u00e4cher, drei zus\u00e4tzliche Rei\u00dfverschlussf\u00e4cher. Innen: Laptoptasche, Einsteckfach, gro\u00dfes ger\u00e4umiges Hauptfach.<br \/>\nDer Businesstrolley Pioneer in Schwarz von Lightpak ist ein hochwertiges und praktisches Gep\u00e4ckst\u00fcck f\u00fcr Gesch\u00e4ftsreisende und Berufspendler. Der Trolley ist aus strapazierf\u00e4higem Polyester gefertigt und verf\u00fcgt \u00fcber ein ger\u00e4umiges Hauptfach, das genug Platz f\u00fcr Kleidung, Dokumente und wichtige Utensilien bietet. Der Trolley hat auch eine Vordertasche, in der man einfach und schnell wichtige Dokumente oder kleine Gegenst\u00e4nde verstauen kann. Dank des Laptopfachs im Inneren des Hauptfachs ist der Trolley auch ideal f\u00fcr die sichere Aufbewahrung von Laptops und Tablets geeignet. Ein weiteres Fach im Inneren bietet Platz f\u00fcr wichtige Gesch\u00e4ftsunterlagen und Ordner. Der Pioneer-Businesstrolley ist mit einem Teleskoptrolleysystem und stabilen Rollen ausgestattet, so dass er leicht und bequem zu transportieren ist. Dar\u00fcber hinaus ist der Trolley mit einem Tragegriff an der Oberseite ausgestattet, so dass er auch bequem in der Hand getragen werden kann. Die Qualit\u00e4t und Verarbeitung des Trolleys sind erstklassig und machen ihn zu einem langlebigen und robusten Begleiter f\u00fcr viele Gesch\u00e4ftsreisen.<\/p>\n","protected":false},"excerpt":{"rendered":"<ul>\n<li>Hauptfach mit Laptopfach<\/li>\n<li>Mehrere Rei\u00dfverschlussf\u00e4cher<\/li>\n<li>Teleskoptrolleysystem &#038; Skater-Rollen<\/li>\n<li>Strapazierf\u00e4hig &#038; mit Adressfeld<\/li>\n<\/ul>\n","protected":false},"featured_media":11117,"template":"","meta":{"inline_featured_image":false},"product_brand":[],"product_cat":[1655],"product_tag":[],"class_list":{"0":"post-27834","1":"product","2":"type-product","3":"status-publish","4":"has-post-thumbnail","6":"product_cat-lightpak","8":"first","9":"instock","10":"shipping-taxable","11":"purchasable","12":"product-type-simple"},"_links":{"self":[{"href":"https:\/\/www.juescha.de\/de_de\/wp-json\/wp\/v2\/product\/27834","targetHints":{"allow":["GET"]}}],"collection":[{"href":"https:\/\/www.juescha.de\/de_de\/wp-json\/wp\/v2\/product"}],"about":[{"href":"https:\/\/www.juescha.de\/de_de\/wp-json\/wp\/v2\/types\/product"}],"version-history":[{"count":0,"href":"https:\/\/www.juescha.de\/de_de\/wp-json\/wp\/v2\/product\/27834\/revisions"}],"wp:featuredmedia":[{"embeddable":true,"href":"https:\/\/www.juescha.de\/de_de\/wp-json\/wp\/v2\/media\/11117"}],"wp:attachment":[{"href":"https:\/\/www.juescha.de\/de_de\/wp-json\/wp\/v2\/media?parent=27834"}],"wp:term":[{"taxonomy":"product_brand","embeddable":true,"href":"https:\/\/www.juescha.de\/de_de\/wp-json\/wp\/v2\/product_brand?post=27834"},{"taxonomy":"product_cat","embeddable":true,"href":"https:\/\/www.juescha.de\/de_de\/wp-json\/wp\/v2\/product_cat?post=27834"},{"taxonomy":"product_tag","embeddable":true,"href":"https:\/\/www.juescha.de\/de_de\/wp-json\/wp\/v2\/product_tag?post=27834"}],"curies":[{"name":"wp","href":"https:\/\/api.w.org\/{rel}","templated":true}]}}