{"id":27832,"date":"2025-04-28T19:54:24","date_gmt":"2025-04-28T17:54:24","guid":{"rendered":"https:\/\/www.juescha.de\/shop\/unkategorisiert\/executive-line-business-trolley-bravo-2\/"},"modified":"2026-01-21T08:48:50","modified_gmt":"2026-01-21T07:48:50","slug":"executive-line-business-trolley-bravo-2","status":"publish","type":"product","link":"https:\/\/www.juescha.de\/de_de\/shop\/lightpak\/executive-line-business-trolley-bravo-2\/","title":{"rendered":"\u201eExecutive Line\u201c Business Trolley BRAVO 2"},"content":{"rendered":"<h1>\u201eExecutive Line\u201c Business Trolley BRAVO 2<\/h1>\n<p>Vollst\u00e4ndig versenkbares, arretierbares Trolleysystem, ergonomischer Tragegriff, Pr\u00e4zisionslaufrollen. Innen: Fach mit herausnehmbarer Laptoph\u00fclle, Overnightfach mit zwei Packgurten und zwei Netzf\u00e4chern, F\u00e4cherfach mit drei F\u00e4chern f\u00fcr A4 Dokumente, Organizerfach mit vier Einsteckf\u00e4chern, Klettverschlusstasche und zwei Netzf\u00e4chern, zwei Rei\u00dfverschlussf\u00e4cher f\u00fcr Kleinteile, Trolleyband.<br \/>\nDer Executive Line Business Trolley Bravo 2 von Lightpak ist ein stilvoller und praktischer Trolley, der sich ideal f\u00fcr Gesch\u00e4ftsreisende und Pendler eignet. Er ist in der Farbe Schwarz erh\u00e4ltlich und bietet eine elegante Optik, die zu jedem Gesch\u00e4ftstermin passt. Dieser Trolley verf\u00fcgt \u00fcber ein ger\u00e4umiges Hauptfach mit einem gepolsterten Laptopfach, das f\u00fcr Laptops bis zu 15 Zoll geeignet ist. Zus\u00e4tzlich gibt es verschiedene F\u00e4cher f\u00fcr Dokumente, Ordner und pers\u00f6nliche Gegenst\u00e4nde. Ein Rei\u00dfverschlussfach mit Organizerteil des Trolleys sorgt daf\u00fcr, dass alle wichtigen Utensilien wie Stifte, Visitenkarten und Mobiltelefone jederzeit griffbereit sind. Der Business Trolley Bravo 2 ist aus robustem 1680D Nylon gefertigt und hat ein vollst\u00e4ndig versenkbares Trolleysystem sowie zwei leise Laufrollen, die f\u00fcr eine reibungslose Mobilit\u00e4t sorgen. Der Tragegriff oben und erm\u00f6glicht ein einfaches Heben und Tragen, wenn es erforderlich ist. Zusammenfassend bietet der Executive Line Business Trolley Bravo 2 von Lightpak eine praktische und stilvolle M\u00f6glichkeit, wichtige Gesch\u00e4ftsunterlagen und pers\u00f6nliche Gegenst\u00e4nde zu transportieren. Mit seinen vielen Funktionen und dem robusten Material ist er eine ausgezeichnete Wahl f\u00fcr den t\u00e4glichen Gebrauch.<\/p>\n","protected":false},"excerpt":{"rendered":"<ul>\n<li>Herausnehmbare Laptoph\u00fclle<\/li>\n<li>Overnightfach mit Packgurten<\/li>\n<li>Organizerfach &#038; Dokumentenf\u00e4cher<\/li>\n<li>Leise Rollen &#038; Teleskopsystem<\/li>\n<\/ul>\n","protected":false},"featured_media":11111,"template":"","meta":{"inline_featured_image":false},"product_brand":[],"product_cat":[1655],"product_tag":[],"class_list":{"0":"post-27832","1":"product","2":"type-product","3":"status-publish","4":"has-post-thumbnail","6":"product_cat-lightpak","8":"first","9":"instock","10":"shipping-taxable","11":"purchasable","12":"product-type-simple"},"_links":{"self":[{"href":"https:\/\/www.juescha.de\/de_de\/wp-json\/wp\/v2\/product\/27832","targetHints":{"allow":["GET"]}}],"collection":[{"href":"https:\/\/www.juescha.de\/de_de\/wp-json\/wp\/v2\/product"}],"about":[{"href":"https:\/\/www.juescha.de\/de_de\/wp-json\/wp\/v2\/types\/product"}],"version-history":[{"count":0,"href":"https:\/\/www.juescha.de\/de_de\/wp-json\/wp\/v2\/product\/27832\/revisions"}],"wp:featuredmedia":[{"embeddable":true,"href":"https:\/\/www.juescha.de\/de_de\/wp-json\/wp\/v2\/media\/11111"}],"wp:attachment":[{"href":"https:\/\/www.juescha.de\/de_de\/wp-json\/wp\/v2\/media?parent=27832"}],"wp:term":[{"taxonomy":"product_brand","embeddable":true,"href":"https:\/\/www.juescha.de\/de_de\/wp-json\/wp\/v2\/product_brand?post=27832"},{"taxonomy":"product_cat","embeddable":true,"href":"https:\/\/www.juescha.de\/de_de\/wp-json\/wp\/v2\/product_cat?post=27832"},{"taxonomy":"product_tag","embeddable":true,"href":"https:\/\/www.juescha.de\/de_de\/wp-json\/wp\/v2\/product_tag?post=27832"}],"curies":[{"name":"wp","href":"https:\/\/api.w.org\/{rel}","templated":true}]}}